{"id":3,"date":"2024-09-16T14:57:44","date_gmt":"2024-09-16T12:57:44","guid":{"rendered":"https:\/\/izvor-ka.hr\/?page_id=3"},"modified":"2024-10-17T10:38:16","modified_gmt":"2024-10-17T08:38:16","slug":"pravila-privatnosti","status":"publish","type":"page","link":"https:\/\/izvor-ka.hr\/sl\/pravila-privatnosti\/","title":{"rendered":"Politika zasebnosti"},"content":{"rendered":"<div data-elementor-type=\"wp-page\" data-elementor-id=\"3\" class=\"elementor elementor-3\" data-elementor-post-type=\"page\">\n\t\t\t\t\t\t<section class=\"elementor-section elementor-top-section elementor-element elementor-element-3d2bebf4 elementor-section-boxed elementor-section-height-default elementor-section-height-default\" data-id=\"3d2bebf4\" data-element_type=\"section\" data-e-type=\"section\" data-settings=\"{&quot;background_background&quot;:&quot;classic&quot;}\">\n\t\t\t\t\t\t\t<div class=\"elementor-background-overlay\"><\/div>\n\t\t\t\t\t\t\t<div class=\"elementor-container elementor-column-gap-default\">\n\t\t\t\t\t<div class=\"elementor-column elementor-col-100 elementor-top-column elementor-element elementor-element-7ccfdbc8\" data-id=\"7ccfdbc8\" data-element_type=\"column\" data-e-type=\"column\">\n\t\t\t<div class=\"elementor-widget-wrap elementor-element-populated\">\n\t\t\t\t\t\t<section class=\"elementor-section elementor-inner-section elementor-element elementor-element-362f157f elementor-section-content-middle elementor-section-boxed elementor-section-height-default elementor-section-height-default\" data-id=\"362f157f\" data-element_type=\"section\" data-e-type=\"section\">\n\t\t\t\t\t\t<div class=\"elementor-container elementor-column-gap-no\">\n\t\t\t\t\t<div class=\"elementor-column elementor-col-50 elementor-inner-column elementor-element elementor-element-75901512 animated-slow elementor-invisible\" data-id=\"75901512\" data-element_type=\"column\" data-e-type=\"column\" data-settings=\"{&quot;animation&quot;:&quot;fadeInLeft&quot;}\">\n\t\t\t<div class=\"elementor-widget-wrap elementor-element-populated\">\n\t\t\t\t\t\t\t<\/div>\n\t\t<\/div>\n\t\t\t\t<div class=\"elementor-column elementor-col-50 elementor-inner-column elementor-element elementor-element-6d534f54 animated-slow elementor-invisible\" data-id=\"6d534f54\" data-element_type=\"column\" data-e-type=\"column\" data-settings=\"{&quot;animation&quot;:&quot;fadeInRight&quot;}\">\n\t\t\t<div class=\"elementor-widget-wrap elementor-element-populated\">\n\t\t\t\t\t\t<div class=\"elementor-element elementor-element-5fb58ae6 elementor-icon-list--layout-inline elementor-align-end elementor-mobile-align-center elementor-tablet-align-end elementor-list-item-link-full_width elementor-widget elementor-widget-icon-list\" data-id=\"5fb58ae6\" data-element_type=\"widget\" data-e-type=\"widget\" data-widget_type=\"icon-list.default\">\n\t\t\t\t<div class=\"elementor-widget-container\">\n\t\t\t\t\t\t\t<ul class=\"elementor-icon-list-items elementor-inline-items\">\n\t\t\t\t\t\t\t<li class=\"elementor-icon-list-item elementor-inline-item\">\n\t\t\t\t\t\t\t\t\t\t<span class=\"elementor-icon-list-text\">Vir \u2013 KA<\/span>\n\t\t\t\t\t\t\t\t\t<\/li>\n\t\t\t\t\t\t\t\t<li class=\"elementor-icon-list-item elementor-inline-item\">\n\t\t\t\t\t\t\t\t\t\t\t<span class=\"elementor-icon-list-icon\">\n\t\t\t\t\t\t\t<svg aria-hidden=\"true\" class=\"e-font-icon-svg e-fas-angle-right\" viewbox=\"0 0 256 512\" xmlns=\"http:\/\/www.w3.org\/2000\/svg\"><path d=\"M224.3 273l-136 136c-9.4 9.4-24.6 9.4-33.9 0l-22.6-22.6c-9.4-9.4-9.4-24.6 0-33.9l96.4-96.4-96.4-96.4c-9.4-9.4-9.4-24.6 0-33.9L54.3 103c9.4-9.4 24.6-9.4 33.9 0l136 136c9.5 9.4 9.5 24.6.1 34z\"><\/path><\/svg>\t\t\t\t\t\t<\/span>\n\t\t\t\t\t\t\t\t\t\t<span class=\"elementor-icon-list-text\"><\/span>\n\t\t\t\t\t\t\t\t\t<\/li>\n\t\t\t\t\t\t<\/ul>\n\t\t\t\t\t\t<\/div>\n\t\t\t\t<\/div>\n\t\t\t\t\t<\/div>\n\t\t<\/div>\n\t\t\t\t\t<\/div>\n\t\t<\/section>\n\t\t\t\t\t<\/div>\n\t\t<\/div>\n\t\t\t\t\t<\/div>\n\t\t<\/section>\n\t\t<div class=\"elementor-element elementor-element-742d2b1 e-flex e-con-boxed e-con e-parent\" data-id=\"742d2b1\" data-element_type=\"container\" data-e-type=\"container\">\n\t\t\t\t\t<div class=\"e-con-inner\">\n\t\t\t\t<div class=\"elementor-element elementor-element-efcba3e elementor-widget elementor-widget-text-editor\" data-id=\"efcba3e\" data-element_type=\"widget\" data-e-type=\"widget\" data-widget_type=\"text-editor.default\">\n\t\t\t\t<div class=\"elementor-widget-container\">\n\t\t\t\t\t\t\t\t\t<h5>Informacije, ki jih zbiramo<\/h5><p>Dostop do spletne strani izvor-ka.hr je brezpla\u010den in registracija ni potrebna. Ko stopite v stik z nami prek kontaktnih obrazcev ali po e-po\u0161ti, izpolnite svoje podatke. Te informacije so na voljo izklju\u010dno spletni strani izvor-ka.hr, na katero so naslovljene z namenom re\u0161evanja va\u0161e poizvedbe. Posredovanje va\u0161ih osebnih podatkov je prostovoljno. Ne obdelujemo ve\u010d osebnih podatkov, kot je nujno potrebno za odgovor na va\u0161e povpra\u0161evanje.<\/p><h5>VARSTVO VA\u0160IH OSEBNIH PODATKOV<\/h5><p>Spletna stran izvor-ka.hr spo\u0161tuje va\u0161o zasebnost in obdeluje va\u0161e osebne podatke po\u0161teno in zakonito. Va\u0161e osebne podatke hranimo v elektronski obliki in za namen za\u0161\u010dite uporabljamo ustrezne tehni\u010dne in organizacijske ukrepe za za\u0161\u010dito osebnih podatkov in postopke za prepre\u010devanje nepoobla\u0161\u010denega dostopa do osebnih podatkov.<\/p><h5>PI\u0160KOTKI<\/h5><p>Spletna stran www.izvor-ka.hr uporablja tako imenovane pi\u0161kotke. \u201epi\u0161kotki\u201c), da bi lahko uporabniku zagotovili storitev s polno funkcionalnostjo in najkakovostnej\u0161o vsebino. Pi\u0161kotki so niz podatkov, ki jih ustvari stre\u017enik spletnega mesta in jih spletni brskalnik shrani na uporabnikov disk v obliki majhne besedilne datoteke. Nenehno si prizadevamo, da bi na\u0161im uporabnikom zagotovili najbolj\u0161o mo\u017eno uporabni\u0161ko izku\u0161njo, zato je treba opozoriti, da na\u0161e spletne strani delujejo optimalno le, \u010de so pi\u0161kotki omogo\u010deni. Za uporabo \"pi\u0161kotkov\" v skladu z Zakonom o elektronskih komunikacijah, Zakonom o varstvu osebnih podatkov in direktivami EU potrebujemo va\u0161e soglasje. Z uporabo te spletne strani dajete svoje soglasje in se strinjate z uporabo pi\u0161kotkov. Z blokiranjem pi\u0161kotkov lahko \u0161e vedno brskate po spletnem mestu, vendar vam nekatere njegove funkcije ne bodo na voljo.<\/p><h5>VKLJU\u010cENA VSEBINA DRUGIH SPLETNIH MEST<\/h5><p>\u010clanki na tem spletnem mestu lahko vsebujejo vdelano vsebino (npr. videoposnetke, slike, \u010dlanke itd.). Vdelana vsebina z drugih spletnih mest se obna\u0161a na enak na\u010din, kot \u010de bi obiskovalec obiskal to drugo spletno mesto.<\/p><h5>ZA\u0160\u010cITNI UKREPI<\/h5><p>Spletno mesto izvor-ka.hr uporablja tehnolo\u0161ke in varnostne ukrepe, pravila in druge postopke za za\u0161\u010dito osebnih podatkov uporabnikov tega spletnega mesta pred nepoobla\u0161\u010denim dostopom, zlorabo, odkrivanjem, izgubo ali uni\u010denjem. Za za\u0161\u010dito zasebnosti uporabnikov spletnega mesta uporabljamo industrijske standardne varnostne ukrepe, kot sta po\u017earni zid in za\u0161\u010dita z geslom. Vendar pa je uporabnik dol\u017ean zagotoviti, da je ra\u010dunalnik, ki ga uporablja, tudi varen in za\u0161\u010diten pred zlonamerno programsko opremo, kot so trojanci, ra\u010dunalni\u0161ki virusi in \u010drvi. Uporabnik spletnega mesta se zaveda, da brez ustreznih varnostnih ukrepov (na primer varne konfiguracije internetnega brskalnika, posodobljenih protivirusnih programov, osebnih po\u017earnih zidov, neuporabe programov iz sumljivih virov) obstaja tveganje, da bodo podatki in gesla, uporabljeni za prepre\u010devanje dostopa do osebnih podatkov, razkriti nepoobla\u0161\u010denim tretjim osebam.<\/p><h5>STATISTIKA PONUDBE<\/h5><p>Ta spletna stran uporablja vti\u010dnik Jetpack za merjenje statistike prisotnosti.<\/p><h5>OMEJITEV ODGOVORNOSTI<\/h5><p>\u010ceprav sprejemamo razpolo\u017eljive tehni\u010dne in organizacijske ukrepe za prepre\u010devanje nepoobla\u0161\u010denega razkritja va\u0161ih osebnih podatkov, ne moremo zagotoviti, da nekateri osebni podatki, ki jih zbiramo, nikoli ne bodo naklju\u010dno razkriti, kar je v nasprotju z dolo\u010dbami tega pravilnika o zasebnosti. V najve\u010djem obsegu, ki ga dovoljuje zakon, izklju\u010dujemo odgovornost za \u0161kodo, povzro\u010deno uporabnikom ali tretjim osebam z naklju\u010dnim razkritjem osebnih podatkov.<\/p>\t\t\t\t\t\t\t\t<\/div>\n\t\t\t\t<\/div>\n\t\t\t\t\t<\/div>\n\t\t\t\t<\/div>\n\t\t\t\t<\/div>","protected":false},"excerpt":{"rendered":"<p>Dostop do spletne strani izvor-ka.hr je brezpla\u010den in registracija ni potrebna. Ko stopite v stik z nami prek kontaktnih obrazcev ali po e-po\u0161ti, izpolnite svoje podatke. Te informacije so na voljo izklju\u010dno spletni strani izvor-ka.hr, na katero so naslovljene z namenom re\u0161evanja va\u0161e poizvedbe. Posredovanje va\u0161ih osebnih podatkov je prostovoljno. Ne obdelujemo ve\u010d osebnih podatkov, kot je resni\u010dno potrebno [...]<\/p>","protected":false},"author":1,"featured_media":0,"parent":0,"menu_order":0,"comment_status":"closed","ping_status":"closed","template":"elementor_header_footer","meta":{"footnotes":""},"class_list":["post-3","page","type-page","status-publish","hentry"],"yoast_head":"<!-- This site is optimized with the Yoast SEO plugin v26.9 - https:\/\/yoast.com\/product\/yoast-seo-wordpress\/ -->\n<title>Pravila privatnosti - Izvor-KA<\/title>\n<meta name=\"robots\" content=\"index, follow, max-snippet:-1, max-image-preview:large, max-video-preview:-1\" \/>\n<link rel=\"canonical\" href=\"https:\/\/izvor-ka.hr\/sl\/pravila-privatnosti\/\" \/>\n<meta property=\"og:locale\" content=\"sl_SI\" \/>\n<meta property=\"og:type\" content=\"article\" \/>\n<meta property=\"og:title\" content=\"Pravila privatnosti - Izvor-KA\" \/>\n<meta property=\"og:description\" content=\"Izvor-KA PODACI KOJE PRIKUPLJAMO Pristup web stranici izvor-ka.hr je slobodan i ne tra\u017ei se registracija. Kontaktiranjem putem kontakt-obrazaca ili elektroni\u010dkom po\u0161tom ispunjavate svoje podatke. Ti su podaci dostupni isklju\u010divo stranici izvor-ka.hr kojima su upu\u0107eni u svrhu rje\u0161avanja va\u0161eg upita. Davanje va\u0161ih osobnih podataka je dobrovoljno. Ne obra\u0111ujemo vi\u0161e osobnih podataka no \u0161to je doista potrebno [&hellip;]\" \/>\n<meta property=\"og:url\" content=\"https:\/\/izvor-ka.hr\/sl\/pravila-privatnosti\/\" \/>\n<meta property=\"og:site_name\" content=\"Izvor-KA\" \/>\n<meta property=\"article:modified_time\" content=\"2024-10-17T08:38:16+00:00\" \/>\n<meta name=\"twitter:card\" content=\"summary_large_image\" \/>\n<meta name=\"twitter:label1\" content=\"Est. reading time\" \/>\n\t<meta name=\"twitter:data1\" content=\"3 minute\" \/>\n<script type=\"application\/ld+json\" class=\"yoast-schema-graph\">{\"@context\":\"https:\/\/schema.org\",\"@graph\":[{\"@type\":\"WebPage\",\"@id\":\"https:\/\/izvor-ka.hr\/pravila-privatnosti\/\",\"url\":\"https:\/\/izvor-ka.hr\/pravila-privatnosti\/\",\"name\":\"Pravila privatnosti - Izvor-KA\",\"isPartOf\":{\"@id\":\"https:\/\/izvor-ka.hr\/#website\"},\"datePublished\":\"2024-09-16T12:57:44+00:00\",\"dateModified\":\"2024-10-17T08:38:16+00:00\",\"breadcrumb\":{\"@id\":\"https:\/\/izvor-ka.hr\/pravila-privatnosti\/#breadcrumb\"},\"inLanguage\":\"sl-SI\",\"potentialAction\":[{\"@type\":\"ReadAction\",\"target\":[\"https:\/\/izvor-ka.hr\/pravila-privatnosti\/\"]}]},{\"@type\":\"BreadcrumbList\",\"@id\":\"https:\/\/izvor-ka.hr\/pravila-privatnosti\/#breadcrumb\",\"itemListElement\":[{\"@type\":\"ListItem\",\"position\":1,\"name\":\"Po\u010detna stranica\",\"item\":\"https:\/\/izvor-ka.hr\/\"},{\"@type\":\"ListItem\",\"position\":2,\"name\":\"Pravila privatnosti\"}]},{\"@type\":\"WebSite\",\"@id\":\"https:\/\/izvor-ka.hr\/#website\",\"url\":\"https:\/\/izvor-ka.hr\/\",\"name\":\"Izvor-KA\",\"description\":\"\",\"publisher\":{\"@id\":\"https:\/\/izvor-ka.hr\/#organization\"},\"potentialAction\":[{\"@type\":\"SearchAction\",\"target\":{\"@type\":\"EntryPoint\",\"urlTemplate\":\"https:\/\/izvor-ka.hr\/?s={search_term_string}\"},\"query-input\":{\"@type\":\"PropertyValueSpecification\",\"valueRequired\":true,\"valueName\":\"search_term_string\"}}],\"inLanguage\":\"sl-SI\"},{\"@type\":\"Organization\",\"@id\":\"https:\/\/izvor-ka.hr\/#organization\",\"name\":\"Izvor-KA\",\"url\":\"https:\/\/izvor-ka.hr\/\",\"logo\":{\"@type\":\"ImageObject\",\"inLanguage\":\"sl-SI\",\"@id\":\"https:\/\/izvor-ka.hr\/#\/schema\/logo\/image\/\",\"url\":\"https:\/\/izvor-ka.hr\/wp-content\/uploads\/2024\/09\/LOGO.png\",\"contentUrl\":\"https:\/\/izvor-ka.hr\/wp-content\/uploads\/2024\/09\/LOGO.png\",\"width\":895,\"height\":188,\"caption\":\"Izvor-KA\"},\"image\":{\"@id\":\"https:\/\/izvor-ka.hr\/#\/schema\/logo\/image\/\"}}]}<\/script>\n<!-- \/ Yoast SEO plugin. -->","yoast_head_json":{"title":"Pravila privatnosti - Izvor-KA","robots":{"index":"index","follow":"follow","max-snippet":"max-snippet:-1","max-image-preview":"max-image-preview:large","max-video-preview":"max-video-preview:-1"},"canonical":"https:\/\/izvor-ka.hr\/sl\/pravila-privatnosti\/","og_locale":"sl_SI","og_type":"article","og_title":"Pravila privatnosti - Izvor-KA","og_description":"Izvor-KA PODACI KOJE PRIKUPLJAMO Pristup web stranici izvor-ka.hr je slobodan i ne tra\u017ei se registracija. Kontaktiranjem putem kontakt-obrazaca ili elektroni\u010dkom po\u0161tom ispunjavate svoje podatke. Ti su podaci dostupni isklju\u010divo stranici izvor-ka.hr kojima su upu\u0107eni u svrhu rje\u0161avanja va\u0161eg upita. Davanje va\u0161ih osobnih podataka je dobrovoljno. Ne obra\u0111ujemo vi\u0161e osobnih podataka no \u0161to je doista potrebno [&hellip;]","og_url":"https:\/\/izvor-ka.hr\/sl\/pravila-privatnosti\/","og_site_name":"Izvor-KA","article_modified_time":"2024-10-17T08:38:16+00:00","twitter_card":"summary_large_image","twitter_misc":{"Est. reading time":"3 minute"},"schema":{"@context":"https:\/\/schema.org","@graph":[{"@type":"WebPage","@id":"https:\/\/izvor-ka.hr\/pravila-privatnosti\/","url":"https:\/\/izvor-ka.hr\/pravila-privatnosti\/","name":"Pravila privatnosti - Izvor-KA","isPartOf":{"@id":"https:\/\/izvor-ka.hr\/#website"},"datePublished":"2024-09-16T12:57:44+00:00","dateModified":"2024-10-17T08:38:16+00:00","breadcrumb":{"@id":"https:\/\/izvor-ka.hr\/pravila-privatnosti\/#breadcrumb"},"inLanguage":"sl-SI","potentialAction":[{"@type":"ReadAction","target":["https:\/\/izvor-ka.hr\/pravila-privatnosti\/"]}]},{"@type":"BreadcrumbList","@id":"https:\/\/izvor-ka.hr\/pravila-privatnosti\/#breadcrumb","itemListElement":[{"@type":"ListItem","position":1,"name":"Po\u010detna stranica","item":"https:\/\/izvor-ka.hr\/"},{"@type":"ListItem","position":2,"name":"Pravila privatnosti"}]},{"@type":"WebSite","@id":"https:\/\/izvor-ka.hr\/#website","url":"https:\/\/izvor-ka.hr\/","name":"Izvor-KA","description":"","publisher":{"@id":"https:\/\/izvor-ka.hr\/#organization"},"potentialAction":[{"@type":"SearchAction","target":{"@type":"EntryPoint","urlTemplate":"https:\/\/izvor-ka.hr\/?s={search_term_string}"},"query-input":{"@type":"PropertyValueSpecification","valueRequired":true,"valueName":"search_term_string"}}],"inLanguage":"sl-SI"},{"@type":"Organization","@id":"https:\/\/izvor-ka.hr\/#organization","name":"Izvor-KA","url":"https:\/\/izvor-ka.hr\/","logo":{"@type":"ImageObject","inLanguage":"sl-SI","@id":"https:\/\/izvor-ka.hr\/#\/schema\/logo\/image\/","url":"https:\/\/izvor-ka.hr\/wp-content\/uploads\/2024\/09\/LOGO.png","contentUrl":"https:\/\/izvor-ka.hr\/wp-content\/uploads\/2024\/09\/LOGO.png","width":895,"height":188,"caption":"Izvor-KA"},"image":{"@id":"https:\/\/izvor-ka.hr\/#\/schema\/logo\/image\/"}}]}},"jetpack_sharing_enabled":true,"_links":{"self":[{"href":"https:\/\/izvor-ka.hr\/sl\/wp-json\/wp\/v2\/pages\/3","targetHints":{"allow":["GET"]}}],"collection":[{"href":"https:\/\/izvor-ka.hr\/sl\/wp-json\/wp\/v2\/pages"}],"about":[{"href":"https:\/\/izvor-ka.hr\/sl\/wp-json\/wp\/v2\/types\/page"}],"author":[{"embeddable":true,"href":"https:\/\/izvor-ka.hr\/sl\/wp-json\/wp\/v2\/users\/1"}],"replies":[{"embeddable":true,"href":"https:\/\/izvor-ka.hr\/sl\/wp-json\/wp\/v2\/comments?post=3"}],"version-history":[{"count":8,"href":"https:\/\/izvor-ka.hr\/sl\/wp-json\/wp\/v2\/pages\/3\/revisions"}],"predecessor-version":[{"id":1397,"href":"https:\/\/izvor-ka.hr\/sl\/wp-json\/wp\/v2\/pages\/3\/revisions\/1397"}],"wp:attachment":[{"href":"https:\/\/izvor-ka.hr\/sl\/wp-json\/wp\/v2\/media?parent=3"}],"curies":[{"name":"wp","href":"https:\/\/api.w.org\/{rel}","templated":true}]}}