{"id":159,"date":"2024-09-16T16:03:16","date_gmt":"2024-09-16T14:03:16","guid":{"rendered":"https:\/\/izvor-ka.hr\/?page_id=159"},"modified":"2024-10-17T10:36:55","modified_gmt":"2024-10-17T08:36:55","slug":"reference","status":"publish","type":"page","link":"https:\/\/izvor-ka.hr\/sl\/reference\/","title":{"rendered":"Referen\u010dna \u0161tevilka"},"content":{"rendered":"<div data-elementor-type=\"wp-page\" data-elementor-id=\"159\" class=\"elementor elementor-159\" data-elementor-post-type=\"page\">\n\t\t\t\t\t\t<section class=\"elementor-section elementor-top-section elementor-element elementor-element-66d7ce1b elementor-section-boxed elementor-section-height-default elementor-section-height-default\" data-id=\"66d7ce1b\" data-element_type=\"section\" data-e-type=\"section\" data-settings=\"{&quot;background_background&quot;:&quot;classic&quot;}\">\n\t\t\t\t\t\t\t<div class=\"elementor-background-overlay\"><\/div>\n\t\t\t\t\t\t\t<div class=\"elementor-container elementor-column-gap-default\">\n\t\t\t\t\t<div class=\"elementor-column elementor-col-100 elementor-top-column elementor-element elementor-element-7359a058\" data-id=\"7359a058\" data-element_type=\"column\" data-e-type=\"column\">\n\t\t\t<div class=\"elementor-widget-wrap elementor-element-populated\">\n\t\t\t\t\t\t<section class=\"elementor-section elementor-inner-section elementor-element elementor-element-417903ad elementor-section-content-middle elementor-section-boxed elementor-section-height-default elementor-section-height-default\" data-id=\"417903ad\" data-element_type=\"section\" data-e-type=\"section\">\n\t\t\t\t\t\t<div class=\"elementor-container elementor-column-gap-no\">\n\t\t\t\t\t<div class=\"elementor-column elementor-col-50 elementor-inner-column elementor-element elementor-element-7dc54469 animated-slow elementor-invisible\" data-id=\"7dc54469\" data-element_type=\"column\" data-e-type=\"column\" data-settings=\"{&quot;animation&quot;:&quot;fadeInLeft&quot;}\">\n\t\t\t<div class=\"elementor-widget-wrap elementor-element-populated\">\n\t\t\t\t\t\t\t<\/div>\n\t\t<\/div>\n\t\t\t\t<div class=\"elementor-column elementor-col-50 elementor-inner-column elementor-element elementor-element-2da397ab animated-slow elementor-invisible\" data-id=\"2da397ab\" data-element_type=\"column\" data-e-type=\"column\" data-settings=\"{&quot;animation&quot;:&quot;fadeInRight&quot;}\">\n\t\t\t<div class=\"elementor-widget-wrap elementor-element-populated\">\n\t\t\t\t\t\t<div class=\"elementor-element elementor-element-49328b71 elementor-icon-list--layout-inline elementor-align-end elementor-mobile-align-center elementor-tablet-align-end elementor-list-item-link-full_width elementor-widget elementor-widget-icon-list\" data-id=\"49328b71\" data-element_type=\"widget\" data-e-type=\"widget\" data-widget_type=\"icon-list.default\">\n\t\t\t\t<div class=\"elementor-widget-container\">\n\t\t\t\t\t\t\t<ul class=\"elementor-icon-list-items elementor-inline-items\">\n\t\t\t\t\t\t\t<li class=\"elementor-icon-list-item elementor-inline-item\">\n\t\t\t\t\t\t\t\t\t\t<span class=\"elementor-icon-list-text\">O nas<\/span>\n\t\t\t\t\t\t\t\t\t<\/li>\n\t\t\t\t\t\t\t\t<li class=\"elementor-icon-list-item elementor-inline-item\">\n\t\t\t\t\t\t\t\t\t\t\t<span class=\"elementor-icon-list-icon\">\n\t\t\t\t\t\t\t<svg aria-hidden=\"true\" class=\"e-font-icon-svg e-fas-angle-right\" viewbox=\"0 0 256 512\" xmlns=\"http:\/\/www.w3.org\/2000\/svg\"><path d=\"M224.3 273l-136 136c-9.4 9.4-24.6 9.4-33.9 0l-22.6-22.6c-9.4-9.4-9.4-24.6 0-33.9l96.4-96.4-96.4-96.4c-9.4-9.4-9.4-24.6 0-33.9L54.3 103c9.4-9.4 24.6-9.4 33.9 0l136 136c9.5 9.4 9.5 24.6.1 34z\"><\/path><\/svg>\t\t\t\t\t\t<\/span>\n\t\t\t\t\t\t\t\t\t\t<span class=\"elementor-icon-list-text\"><\/span>\n\t\t\t\t\t\t\t\t\t<\/li>\n\t\t\t\t\t\t<\/ul>\n\t\t\t\t\t\t<\/div>\n\t\t\t\t<\/div>\n\t\t\t\t\t<\/div>\n\t\t<\/div>\n\t\t\t\t\t<\/div>\n\t\t<\/section>\n\t\t\t\t\t<\/div>\n\t\t<\/div>\n\t\t\t\t\t<\/div>\n\t\t<\/section>\n\t\t<div class=\"elementor-element elementor-element-505a0dd animated-slow e-flex e-con-boxed elementor-invisible e-con e-parent\" data-id=\"505a0dd\" data-element_type=\"container\" data-e-type=\"container\" data-settings=\"{&quot;animation&quot;:&quot;fadeInUp&quot;}\">\n\t\t\t\t\t<div class=\"e-con-inner\">\n\t\t<div class=\"elementor-element elementor-element-579304f e-con-full e-flex e-con e-child\" data-id=\"579304f\" data-element_type=\"container\" data-e-type=\"container\">\n\t\t\t\t<div class=\"elementor-element elementor-element-835bb62 elementor-widget elementor-widget-text-editor\" data-id=\"835bb62\" data-element_type=\"widget\" data-e-type=\"widget\" data-widget_type=\"text-editor.default\">\n\t\t\t\t<div class=\"elementor-widget-container\">\n\t\t\t\t\t\t\t\t\t<table width=\"424\"><tbody><tr><td width=\"424\">AB gradnja d.o.o.<\/td><\/tr><tr><td>Aquamont d.o.o.<\/td><\/tr><tr><td>ARCA d.o.o.<\/td><\/tr><tr><td>Argola Tekstilni Yaht Design d.o.o<\/td><\/tr><tr><td>Argus Vision d.o.o.<\/td><\/tr><tr><td>Arheolo\u0161ki muzej v Splitu<\/td><\/tr><tr><td>Aurora nekretnine d.o.o.<\/td><\/tr><tr><td>Bar in morje doo<\/td><\/tr><tr><td>Batis Ltd<\/td><\/tr><tr><td>BHB Domus d.o.o.<\/td><\/tr><tr><td>Bio uljarice d.o.o.<\/td><\/tr><tr><td>Bitt Technologies d.o.o.<\/td><\/tr><tr><td>Boxmark Leather d.o.o.<\/td><\/tr><tr><td>Brolex d.o.o. Buje<\/td><\/tr><tr><td>Cadoro d.o.o. Reka<\/td><\/tr><tr><td>Carinska uprava Umaga<\/td><\/tr><tr><td>Degrad d.o.o. Krk<\/td><\/tr><tr><td>Vrtec Biograd<\/td><\/tr><tr><td>Center za dnevno varstvo za rehabilitacijo otrok in mladostnikov \u201eMali dom-Zagreb\u201c<\/td><\/tr><tr><td>Dogma Management d.o.o.<\/td><\/tr><tr><td>Skupina Domus (Sigma)<\/td><\/tr><tr><td>Eko-Murvica d.o.o. Crikvenica<\/td><\/tr><tr><td>Eol-ekos d.o.o. Permani<\/td><\/tr><tr><td>Etnografski muzej Zagreb<\/td><\/tr><tr><td>Europa 92 d.o.o. Zagreb<\/td><\/tr><tr><td>Ghetaldus Optika d.o.o.<\/td><\/tr><tr><td>GIK GROUP d.o.o.<\/td><\/tr><tr><td>GiP Pionir d.o.o.<\/td><\/tr><tr><td>MESTO DELNICE<\/td><\/tr><tr><td>Ob\u010dina Zlatar<\/td><\/tr><tr><td>Gradatin d.o.o.<\/td><\/tr><tr><td>Graditelj gostilne d.o.o. Zagreb<\/td><\/tr><tr><td>Mestna stanovanjska in komunalna uprava, Zagreb<\/td><\/tr><tr><td>Gra\u0111a Maxmart d.o.o. Solin<\/td><\/tr><tr><td>Grawe Hrvatska d.d. Z agreb<\/td><\/tr><tr><td>Grota gradnja d.o.o. Medulin<\/td><\/tr><tr><td>Hotel Jadran, \u0160ibenik<\/td><\/tr><tr><td>HOTEL MORE d.o.o. Dubrovnik<\/td><\/tr><tr><td>Huppenkothen Podjetje za Trgovino d.o.o.<\/td><\/tr><tr><td>Ireks Aroma d.o.o. Zagreb<\/td><\/tr><tr><td>JADRAN - GALENSKI LABORATORIJ d. d.<\/td><\/tr><tr><td>Jadran tuna d.o.o.<\/td><\/tr><tr><td>Jelkom d.o.o. Vrboska, Hvar<\/td><\/tr><tr><td>K-index d.o.o.<\/td><\/tr><tr><td>KOMUNALAC d. o. o. Samobor<\/td><\/tr><tr><td>Komunalac d.o.o. Jurdani<\/td><\/tr><tr><td>Ob\u010dina Stari grad d.o.o. Stari Grad, otok Hvar<\/td><\/tr><tr><td>Ob\u010dina Trpanj d.o.o.<\/td><\/tr><tr><td>KONZUM plus d.o.o. Zagreb<\/td><\/tr><tr><td>Lind-grad d.o.o.<\/td><\/tr><tr><td>UPRAVLJANJE PRISTANI\u0160\u010cA PULA<\/td><\/tr><tr><td>UPRAVLJANJE PRISTANI\u0160\u010c ROVINJ - Autorita portuale Rovigno<\/td><\/tr><tr><td>Pristani\u0161ka uprava \u0160ibeni\u0161ko-kninske \u017eupanije<\/td><\/tr><tr><td>UPRAVLJANJE ZADARJA<\/td><\/tr><tr><td>Mepa stan d.o.o.<\/td><\/tr><tr><td>Dobrodelne sestre svetega kri\u017ea, Zagreb<\/td><\/tr><tr><td>Ministrstvo za finance \u2013 Dav\u010dna uprava Umag<\/td><\/tr><tr><td>Monel d.o.o.<\/td><\/tr><tr><td>Mundus Viridis d.o.o.<\/td><\/tr><tr><td>Niki\u0107-Servis d.o.o.\u00a0<\/td><\/tr><tr><td>Nogometna zveza Krapinsko-zagorske \u017eupanije<\/td><\/tr><tr><td>Ob\u010dina Jasenice<\/td><\/tr><tr><td>Ob\u010dina Lobor<\/td><\/tr><tr><td>Ob\u010dina Pirovac<\/td><\/tr><tr><td>Ob\u010dina Zlatar Bistrica<\/td><\/tr><tr><td>Optima Gradbeni\u0161tvo d.o.o.<\/td><\/tr><tr><td>Optinova d.o.o.<\/td><\/tr><tr><td>Ordino plus d.o.o.<\/td><\/tr><tr><td>Ovalis Nova d.o.o.<\/td><\/tr><tr><td>PanGeo Projekt d.o.o.<\/td><\/tr><tr><td>Pelagos net farma d.o.o.<\/td><\/tr><tr><td>GAS KONJ\u0160\u010cINA d.o.o.<\/td><\/tr><tr><td>Prima solvent d.o.o.<\/td><\/tr><tr><td>Primat-RD d.o.o.<\/td><\/tr><tr><td>Projekt Slobo\u0161tina<\/td><\/tr><tr><td>Projekt Trnsko<\/td><\/tr><tr><td>Rio Projekt d.o.o. Reka<\/td><\/tr><tr><td>Rockwool Adriatic d.o.o. Potpi\u0107an<\/td><\/tr><tr><td>Sato d.o.o. Zagreb<\/td><\/tr><tr><td>Slova\u0161ki kulturni center Na\u0161ice<\/td><\/tr><tr><td>Strabag d.o.o. Zagreb<\/td><\/tr><tr><td>Tau Center d.o.o.<\/td><\/tr><tr><td>Termodinami\u010dni in\u017eeniring d.o.o.<\/td><\/tr><tr><td>Titus Verus d.o.o. Pore\u010d<\/td><\/tr><tr><td>Tommy Ltd<\/td><\/tr><tr><td>Tromont Ltd<\/td><\/tr><tr><td>Nakupovalni center Dubrava d.o.o.<\/td><\/tr><tr><td>Universal \u0110akovo d.o.o.<\/td><\/tr><tr><td>VALALTA d.o.o. Rpvinj<\/td><\/tr><tr><td>Valamar Riviera d.d. Pore\u010d<\/td><\/tr><tr><td>Valora grupa d.o.o.<\/td><\/tr><tr><td>Var d.o.o.<\/td><\/tr><tr><td>Varteks d.d.<\/td><\/tr><tr><td>Veterinarska postaja mesta Zagreb<\/td><\/tr><tr><td>Vila \u201aRova\u2018, Malinska<\/td><\/tr><tr><td>Vile Starigrad d.o.o.<\/td><\/tr><tr><td>Stavba Talaji\u0107\u00a0<\/td><\/tr><tr><td>Wellness &amp; medicinska SPA oprema d.o.o.<\/td><\/tr><tr><td>West Stan d.o.o.<\/td><\/tr><tr><td>UPRAVLJANJE DR\u017dAVE MALI LO\u0160INJ<\/td><\/tr><tr><td>Okro\u017eni pristani\u0161ki organ Opatija<\/td><\/tr><tr><td>Pliva d.d.<\/td><\/tr><tr><td>Veterina Kalinovica<\/td><\/tr><\/tbody><\/table>\t\t\t\t\t\t\t\t<\/div>\n\t\t\t\t<\/div>\n\t\t\t\t<\/div>\n\t\t\t\t\t<\/div>\n\t\t\t\t<\/div>\n\t\t\t\t<\/div>","protected":false},"excerpt":{"rendered":"<p>O podjetju AB gradnja d.o.o. Aquamont doo ARCA d.o.o. Argola Textile Yaht Design d.o.o. Argus Vision d.o.o. Arheolo\u0161ki muzej v Splitu Aurora nekretnine d.o.o. Bar i ve\u010d doo Batis doo BHB Domus doo Bio uljarice d.o.o. Bitt Tehnologije doo Boxmark Leather d.o.o. Brolex d.o.o. Buje Cadoro d.o.o. Carinska uprava Reke Umag Degrad d.o. Krk Otro\u0161ki [...]<\/p>","protected":false},"author":1,"featured_media":0,"parent":0,"menu_order":0,"comment_status":"closed","ping_status":"closed","template":"elementor_header_footer","meta":{"footnotes":""},"class_list":["post-159","page","type-page","status-publish","hentry"],"yoast_head":"<!-- This site is optimized with the Yoast SEO plugin v26.9 - https:\/\/yoast.com\/product\/yoast-seo-wordpress\/ -->\n<title>Reference - Izvor-KA<\/title>\n<meta name=\"robots\" content=\"index, follow, max-snippet:-1, max-image-preview:large, max-video-preview:-1\" \/>\n<link rel=\"canonical\" href=\"https:\/\/izvor-ka.hr\/sl\/reference\/\" \/>\n<meta property=\"og:locale\" content=\"sl_SI\" \/>\n<meta property=\"og:type\" content=\"article\" \/>\n<meta property=\"og:title\" content=\"Reference - Izvor-KA\" \/>\n<meta property=\"og:description\" content=\"O nama AB gradnja d.o.o. Aquamont doo ARCA d.o.o. Argola Textile Yaht Design d.o.o Argus Vision d.o.o. Arheolo\u0161ki muzej u Splitu Aurora nekretnine d.o.o. Bar i more doo Batis doo BHB Domus doo Bio uljarice d.o.o. Bitt Tehnologije doo Boxmark Leather d.o.o. Brolex d.o.o. Buje Cadoro d.o.o. Rijeka Carinska uprava Umag Degrad d.o.o. Krk Dje\u010dji [&hellip;]\" \/>\n<meta property=\"og:url\" content=\"https:\/\/izvor-ka.hr\/sl\/reference\/\" \/>\n<meta property=\"og:site_name\" content=\"Izvor-KA\" \/>\n<meta property=\"article:modified_time\" content=\"2024-10-17T08:36:55+00:00\" \/>\n<meta name=\"twitter:card\" content=\"summary_large_image\" \/>\n<meta name=\"twitter:label1\" content=\"Est. reading time\" \/>\n\t<meta name=\"twitter:data1\" content=\"2 minuti\" \/>\n<script type=\"application\/ld+json\" class=\"yoast-schema-graph\">{\"@context\":\"https:\/\/schema.org\",\"@graph\":[{\"@type\":\"WebPage\",\"@id\":\"https:\/\/izvor-ka.hr\/reference\/\",\"url\":\"https:\/\/izvor-ka.hr\/reference\/\",\"name\":\"Reference - Izvor-KA\",\"isPartOf\":{\"@id\":\"https:\/\/izvor-ka.hr\/#website\"},\"datePublished\":\"2024-09-16T14:03:16+00:00\",\"dateModified\":\"2024-10-17T08:36:55+00:00\",\"breadcrumb\":{\"@id\":\"https:\/\/izvor-ka.hr\/reference\/#breadcrumb\"},\"inLanguage\":\"sl-SI\",\"potentialAction\":[{\"@type\":\"ReadAction\",\"target\":[\"https:\/\/izvor-ka.hr\/reference\/\"]}]},{\"@type\":\"BreadcrumbList\",\"@id\":\"https:\/\/izvor-ka.hr\/reference\/#breadcrumb\",\"itemListElement\":[{\"@type\":\"ListItem\",\"position\":1,\"name\":\"Po\u010detna stranica\",\"item\":\"https:\/\/izvor-ka.hr\/\"},{\"@type\":\"ListItem\",\"position\":2,\"name\":\"Reference\"}]},{\"@type\":\"WebSite\",\"@id\":\"https:\/\/izvor-ka.hr\/#website\",\"url\":\"https:\/\/izvor-ka.hr\/\",\"name\":\"Izvor-KA\",\"description\":\"\",\"publisher\":{\"@id\":\"https:\/\/izvor-ka.hr\/#organization\"},\"potentialAction\":[{\"@type\":\"SearchAction\",\"target\":{\"@type\":\"EntryPoint\",\"urlTemplate\":\"https:\/\/izvor-ka.hr\/?s={search_term_string}\"},\"query-input\":{\"@type\":\"PropertyValueSpecification\",\"valueRequired\":true,\"valueName\":\"search_term_string\"}}],\"inLanguage\":\"sl-SI\"},{\"@type\":\"Organization\",\"@id\":\"https:\/\/izvor-ka.hr\/#organization\",\"name\":\"Izvor-KA\",\"url\":\"https:\/\/izvor-ka.hr\/\",\"logo\":{\"@type\":\"ImageObject\",\"inLanguage\":\"sl-SI\",\"@id\":\"https:\/\/izvor-ka.hr\/#\/schema\/logo\/image\/\",\"url\":\"https:\/\/izvor-ka.hr\/wp-content\/uploads\/2024\/09\/LOGO.png\",\"contentUrl\":\"https:\/\/izvor-ka.hr\/wp-content\/uploads\/2024\/09\/LOGO.png\",\"width\":895,\"height\":188,\"caption\":\"Izvor-KA\"},\"image\":{\"@id\":\"https:\/\/izvor-ka.hr\/#\/schema\/logo\/image\/\"}}]}<\/script>\n<!-- \/ Yoast SEO plugin. -->","yoast_head_json":{"title":"Reference - Izvor-KA","robots":{"index":"index","follow":"follow","max-snippet":"max-snippet:-1","max-image-preview":"max-image-preview:large","max-video-preview":"max-video-preview:-1"},"canonical":"https:\/\/izvor-ka.hr\/sl\/reference\/","og_locale":"sl_SI","og_type":"article","og_title":"Reference - Izvor-KA","og_description":"O nama AB gradnja d.o.o. Aquamont doo ARCA d.o.o. Argola Textile Yaht Design d.o.o Argus Vision d.o.o. Arheolo\u0161ki muzej u Splitu Aurora nekretnine d.o.o. Bar i more doo Batis doo BHB Domus doo Bio uljarice d.o.o. Bitt Tehnologije doo Boxmark Leather d.o.o. Brolex d.o.o. Buje Cadoro d.o.o. Rijeka Carinska uprava Umag Degrad d.o.o. Krk Dje\u010dji [&hellip;]","og_url":"https:\/\/izvor-ka.hr\/sl\/reference\/","og_site_name":"Izvor-KA","article_modified_time":"2024-10-17T08:36:55+00:00","twitter_card":"summary_large_image","twitter_misc":{"Est. reading time":"2 minuti"},"schema":{"@context":"https:\/\/schema.org","@graph":[{"@type":"WebPage","@id":"https:\/\/izvor-ka.hr\/reference\/","url":"https:\/\/izvor-ka.hr\/reference\/","name":"Reference - Izvor-KA","isPartOf":{"@id":"https:\/\/izvor-ka.hr\/#website"},"datePublished":"2024-09-16T14:03:16+00:00","dateModified":"2024-10-17T08:36:55+00:00","breadcrumb":{"@id":"https:\/\/izvor-ka.hr\/reference\/#breadcrumb"},"inLanguage":"sl-SI","potentialAction":[{"@type":"ReadAction","target":["https:\/\/izvor-ka.hr\/reference\/"]}]},{"@type":"BreadcrumbList","@id":"https:\/\/izvor-ka.hr\/reference\/#breadcrumb","itemListElement":[{"@type":"ListItem","position":1,"name":"Po\u010detna stranica","item":"https:\/\/izvor-ka.hr\/"},{"@type":"ListItem","position":2,"name":"Reference"}]},{"@type":"WebSite","@id":"https:\/\/izvor-ka.hr\/#website","url":"https:\/\/izvor-ka.hr\/","name":"Izvor-KA","description":"","publisher":{"@id":"https:\/\/izvor-ka.hr\/#organization"},"potentialAction":[{"@type":"SearchAction","target":{"@type":"EntryPoint","urlTemplate":"https:\/\/izvor-ka.hr\/?s={search_term_string}"},"query-input":{"@type":"PropertyValueSpecification","valueRequired":true,"valueName":"search_term_string"}}],"inLanguage":"sl-SI"},{"@type":"Organization","@id":"https:\/\/izvor-ka.hr\/#organization","name":"Izvor-KA","url":"https:\/\/izvor-ka.hr\/","logo":{"@type":"ImageObject","inLanguage":"sl-SI","@id":"https:\/\/izvor-ka.hr\/#\/schema\/logo\/image\/","url":"https:\/\/izvor-ka.hr\/wp-content\/uploads\/2024\/09\/LOGO.png","contentUrl":"https:\/\/izvor-ka.hr\/wp-content\/uploads\/2024\/09\/LOGO.png","width":895,"height":188,"caption":"Izvor-KA"},"image":{"@id":"https:\/\/izvor-ka.hr\/#\/schema\/logo\/image\/"}}]}},"jetpack_sharing_enabled":true,"_links":{"self":[{"href":"https:\/\/izvor-ka.hr\/sl\/wp-json\/wp\/v2\/pages\/159","targetHints":{"allow":["GET"]}}],"collection":[{"href":"https:\/\/izvor-ka.hr\/sl\/wp-json\/wp\/v2\/pages"}],"about":[{"href":"https:\/\/izvor-ka.hr\/sl\/wp-json\/wp\/v2\/types\/page"}],"author":[{"embeddable":true,"href":"https:\/\/izvor-ka.hr\/sl\/wp-json\/wp\/v2\/users\/1"}],"replies":[{"embeddable":true,"href":"https:\/\/izvor-ka.hr\/sl\/wp-json\/wp\/v2\/comments?post=159"}],"version-history":[{"count":10,"href":"https:\/\/izvor-ka.hr\/sl\/wp-json\/wp\/v2\/pages\/159\/revisions"}],"predecessor-version":[{"id":1363,"href":"https:\/\/izvor-ka.hr\/sl\/wp-json\/wp\/v2\/pages\/159\/revisions\/1363"}],"wp:attachment":[{"href":"https:\/\/izvor-ka.hr\/sl\/wp-json\/wp\/v2\/media?parent=159"}],"curies":[{"name":"wp","href":"https:\/\/api.w.org\/{rel}","templated":true}]}}