{"id":1577,"date":"2024-11-08T00:03:22","date_gmt":"2024-11-07T23:03:22","guid":{"rendered":"https:\/\/izvor-ka.hr\/?page_id=1577"},"modified":"2024-11-08T00:10:44","modified_gmt":"2024-11-07T23:10:44","slug":"leasing-financiranje","status":"publish","type":"page","link":"https:\/\/izvor-ka.hr\/sl\/leasing-financiranje\/","title":{"rendered":"Financiranje zakupa"},"content":{"rendered":"<div data-elementor-type=\"wp-page\" data-elementor-id=\"1577\" class=\"elementor elementor-1577\" data-elementor-post-type=\"page\">\n\t\t\t\t\t\t<section class=\"elementor-section elementor-top-section elementor-element elementor-element-5fb98ebb elementor-section-boxed elementor-section-height-default elementor-section-height-default\" data-id=\"5fb98ebb\" data-element_type=\"section\" data-e-type=\"section\" data-settings=\"{&quot;background_background&quot;:&quot;classic&quot;}\">\n\t\t\t\t\t\t\t<div class=\"elementor-background-overlay\"><\/div>\n\t\t\t\t\t\t\t<div class=\"elementor-container elementor-column-gap-default\">\n\t\t\t\t\t<div class=\"elementor-column elementor-col-100 elementor-top-column elementor-element elementor-element-3ec2b158\" data-id=\"3ec2b158\" data-element_type=\"column\" data-e-type=\"column\">\n\t\t\t<div class=\"elementor-widget-wrap elementor-element-populated\">\n\t\t\t\t\t\t<section class=\"elementor-section elementor-inner-section elementor-element elementor-element-74f0bd70 elementor-section-content-middle elementor-section-boxed elementor-section-height-default elementor-section-height-default\" data-id=\"74f0bd70\" data-element_type=\"section\" data-e-type=\"section\">\n\t\t\t\t\t\t<div class=\"elementor-container elementor-column-gap-no\">\n\t\t\t\t\t<div class=\"elementor-column elementor-col-50 elementor-inner-column elementor-element elementor-element-198ca4f9 animated-slow elementor-invisible\" data-id=\"198ca4f9\" data-element_type=\"column\" data-e-type=\"column\" data-settings=\"{&quot;animation&quot;:&quot;fadeInLeft&quot;}\">\n\t\t\t<div class=\"elementor-widget-wrap elementor-element-populated\">\n\t\t\t\t\t\t\t<\/div>\n\t\t<\/div>\n\t\t\t\t<div class=\"elementor-column elementor-col-50 elementor-inner-column elementor-element elementor-element-6803b080 animated-slow elementor-invisible\" data-id=\"6803b080\" data-element_type=\"column\" data-e-type=\"column\" data-settings=\"{&quot;animation&quot;:&quot;fadeInRight&quot;}\">\n\t\t\t<div class=\"elementor-widget-wrap elementor-element-populated\">\n\t\t\t\t\t\t<div class=\"elementor-element elementor-element-2c798ae0 elementor-icon-list--layout-inline elementor-align-end elementor-mobile-align-center elementor-tablet-align-end elementor-list-item-link-full_width elementor-widget elementor-widget-icon-list\" data-id=\"2c798ae0\" data-element_type=\"widget\" data-e-type=\"widget\" data-widget_type=\"icon-list.default\">\n\t\t\t\t<div class=\"elementor-widget-container\">\n\t\t\t\t\t\t\t<ul class=\"elementor-icon-list-items elementor-inline-items\">\n\t\t\t\t\t\t\t<li class=\"elementor-icon-list-item elementor-inline-item\">\n\t\t\t\t\t\t\t\t\t\t<span class=\"elementor-icon-list-text\">Vir \u2013 KA<\/span>\n\t\t\t\t\t\t\t\t\t<\/li>\n\t\t\t\t\t\t\t\t<li class=\"elementor-icon-list-item elementor-inline-item\">\n\t\t\t\t\t\t\t\t\t\t\t<span class=\"elementor-icon-list-icon\">\n\t\t\t\t\t\t\t<svg aria-hidden=\"true\" class=\"e-font-icon-svg e-fas-angle-right\" viewbox=\"0 0 256 512\" xmlns=\"http:\/\/www.w3.org\/2000\/svg\"><path d=\"M224.3 273l-136 136c-9.4 9.4-24.6 9.4-33.9 0l-22.6-22.6c-9.4-9.4-9.4-24.6 0-33.9l96.4-96.4-96.4-96.4c-9.4-9.4-9.4-24.6 0-33.9L54.3 103c9.4-9.4 24.6-9.4 33.9 0l136 136c9.5 9.4 9.5 24.6.1 34z\"><\/path><\/svg>\t\t\t\t\t\t<\/span>\n\t\t\t\t\t\t\t\t\t\t<span class=\"elementor-icon-list-text\"><\/span>\n\t\t\t\t\t\t\t\t\t<\/li>\n\t\t\t\t\t\t<\/ul>\n\t\t\t\t\t\t<\/div>\n\t\t\t\t<\/div>\n\t\t\t\t\t<\/div>\n\t\t<\/div>\n\t\t\t\t\t<\/div>\n\t\t<\/section>\n\t\t\t\t\t<\/div>\n\t\t<\/div>\n\t\t\t\t\t<\/div>\n\t\t<\/section>\n\t\t<div class=\"elementor-element elementor-element-621ab1f e-flex e-con-boxed e-con e-parent\" data-id=\"621ab1f\" data-element_type=\"container\" data-e-type=\"container\">\n\t\t\t\t\t<div class=\"e-con-inner\">\n\t\t\t\t<div class=\"elementor-element elementor-element-c2ca312 elementor-widget elementor-widget-image\" data-id=\"c2ca312\" data-element_type=\"widget\" data-e-type=\"widget\" data-widget_type=\"image.default\">\n\t\t\t\t<div class=\"elementor-widget-container\">\n\t\t\t\t\t\t\t\t\t\t\t\t\t\t\t<img fetchpriority=\"high\" decoding=\"async\" width=\"497\" height=\"146\" src=\"https:\/\/izvor-ka.hr\/wp-content\/uploads\/2024\/11\/GRENKE_Logo_Slogan_RGB_72dpi.jpg\" class=\"attachment-large size-large wp-image-1584\" alt=\"\" srcset=\"https:\/\/izvor-ka.hr\/wp-content\/uploads\/2024\/11\/GRENKE_Logo_Slogan_RGB_72dpi.jpg 497w, https:\/\/izvor-ka.hr\/wp-content\/uploads\/2024\/11\/GRENKE_Logo_Slogan_RGB_72dpi-300x88.jpg 300w\" sizes=\"(max-width: 497px) 100vw, 497px\" \/>\t\t\t\t\t\t\t\t\t\t\t\t\t\t\t<\/div>\n\t\t\t\t<\/div>\n\t\t\t\t<div class=\"elementor-element elementor-element-a9d8bda elementor-widget elementor-widget-text-editor\" data-id=\"a9d8bda\" data-element_type=\"widget\" data-e-type=\"widget\" data-widget_type=\"text-editor.default\">\n\t\t\t\t<div class=\"elementor-widget-container\">\n\t\t\t\t\t\t\t\t\t<p>V sodelovanju z Grenko Hrva\u0161ko lahko poslovnim strankam ponudimo financiranje po principu poslovnega najema opreme z mese\u010dnimi ali \u010detrtletnimi najemninami za obdobje do 5 let.<\/p><p><strong>GRENKE<\/strong> nem\u0161ke skrbi <strong>GRENKELEASING AG<\/strong> Prisotna je v ve\u010d kot 30 dr\u017eavah po vsem svetu, od leta 2014 pa tudi na Hrva\u0161kem.<\/p><p><strong>GRENKELEASING AG<\/strong> je vodilno podjetje na trgu v Evropi na podro\u010dju zakupa majhnih vozovnic. Ve\u010d o skupini GRENKE, ki poleg lizinga nudi tudi ban\u010dne in faktoring storitve, si lahko preberete na: <a href=\"https:\/\/www.grenke.de\/en.html\" target=\"_blank\" rel=\"noopener\">www.grenke.de\/en.html<\/a> ali na na\u0161i spletni strani <a href=\"https:\/\/grenke.hr\" target=\"_blank\" rel=\"noopener\">www.grenke.hr<\/a><\/p><p>\u00a0<\/p><p><strong>PREDNOSTI ZELENEGA FINANCIRANJA<\/strong><br \/>\u00b7 Financiranje opreme nizke vrednosti (nad 500 EUR neto)<br \/>Zavarovanje (casco) predmeta lizinga ni potrebno. V najemnino je vklju\u010dena najemnikova pristojbina za oprostitev odgovornosti.<br \/>\u00b7 Trajanje najema je od 12 do 60 mesecev (odvisno od opreme in skrbne ocene kon\u010dnega najemnika)<br \/>\u00b7 Brez sodelovanja, predujma ali var\u0161\u010dine<br \/>\u00b7 Najemnine so zajete v nabavni vrednosti in 100% je odhodek, pripoznan kot davek<br \/>\u00b7 Brez spremembe pogojev financiranja, brez valutne klavzule, dolo\u010dene v hrva\u0161kih kunah za \u010das trajanja najema<\/p><p>\u00a0<\/p><p><strong>DRUGI PODATKI O FINANCIRANJU<\/strong><br \/><strong>Ohranjanje likvidnosti in mo\u017enost dodeljevanja sredstev:<\/strong> Namesto da bi sredstva vezali na lastne denarne rezerve stranke, so stranki na voljo za razvoj podjetja, ki bo ustvarilo vi\u0161ji donos od stro\u0161kov financiranja.<\/p><p><strong>OPEX namesto CAPEX:<\/strong> \u010cetrtletno (ali mese\u010dno) prejme ra\u010dun za uporabo opreme, ki ga evidentira kot stro\u0161ek. Ne obremenjuje bilance stanja in se izogiba poslovanju z obra\u010dunavanjem sredstev in obveznosti. Naro\u010dnik ni dol\u017ean narediti letnega popisa ali prikazati in poro\u010dati o obveznostih v svojih poslovnih knjigah.<\/p><p>\u00b7 Financiranje opreme nizke vrednosti <strong>(nad 500 EUR \u2013 neto)<\/strong><br \/>\u00b7 Hitra obdelava in brez dodatne dokumentacije za naro\u010dnika d.o.o.<br \/>(dodelitev financiranja v vi\u0161ini do 50 000,00 EUR v 8 urah in dostava opreme \u0161e isti dan po prejemu vloge za financiranje, <strong>zna\u0161a 50.000 evrov v 3-5 dneh)<\/strong><br \/>\u00b7 Zavarovanje predmeta najema ni potrebno<br \/>\u00b7 Obdobje izposoje je od <strong>12\u201360 mesecev<\/strong><br \/>(odvisno od opreme in ocene kreditne sposobnosti kon\u010dnega najemnika \u2013 najve\u010d 24 mesecev za mobilne telefone, tabli\u010dne ra\u010dunalnike, pametne ure in periferne naprave)<br \/>\u00b7 Brez sodelovanja, var\u0161\u010dine ali predpla\u010dila<br \/>\u00b7 Do neto zneska nakupa 5.000 evrov ni stro\u0161kov obdelave (standardni stro\u0161ki obdelave za zneske <strong>5 001-5 000 EUR je 75 EUR + DDV)<\/strong><br \/>\u00b7 brez spremembe pogojev financiranja, brez valutne klavzule, <strong>dolo\u010den v EURIMA za \u010das trajanja najema<\/strong><br \/>mo\u017enost \u010detrtletnega in <strong>mese\u010dna pla\u010dila<\/strong><\/p>\t\t\t\t\t\t\t\t<\/div>\n\t\t\t\t<\/div>\n\t\t\t\t\t<\/div>\n\t\t\t\t<\/div>\n\t\t\t\t<\/div>","protected":false},"excerpt":{"rendered":"<p>Source-KA V sodelovanju z Grenke Croatia lahko poslovnim strankam ponudimo financiranje po principu izposoje delovne opreme z mese\u010dnimi ali \u010detrtletnimi najemninami za obdobje do 5 let. GRENKE je del nem\u0161kega koncerna GRENKELEASING AG, ki je prisoten v ve\u010d kot 30 dr\u017eavah po vsem svetu in od leta 2014 na Hrva\u0161kem. GRENKELEASING AG je vodilno podjetje na trgu [...]<\/p>","protected":false},"author":1,"featured_media":0,"parent":0,"menu_order":0,"comment_status":"closed","ping_status":"closed","template":"elementor_header_footer","meta":{"footnotes":""},"class_list":["post-1577","page","type-page","status-publish","hentry"],"yoast_head":"<!-- This site is optimized with the Yoast SEO plugin v26.9 - https:\/\/yoast.com\/product\/yoast-seo-wordpress\/ -->\n<title>Leasing financiranje - Izvor-KA<\/title>\n<meta name=\"robots\" content=\"index, follow, max-snippet:-1, max-image-preview:large, max-video-preview:-1\" \/>\n<link rel=\"canonical\" href=\"https:\/\/izvor-ka.hr\/sl\/leasing-financiranje\/\" \/>\n<meta property=\"og:locale\" content=\"sl_SI\" \/>\n<meta property=\"og:type\" content=\"article\" \/>\n<meta property=\"og:title\" content=\"Leasing financiranje - Izvor-KA\" \/>\n<meta property=\"og:description\" content=\"Izvor-KA U suradnji sa Grenke Hrvatska u mogu\u0107nosti smo poslovnim korisnicima ponuditi financiranje po principu operativnog najma opreme kroz mjese\u010dne ili kvartalne najamnine na period do 5 godina. GRENKE je dio Njema\u010dkog koncerna GRENKELEASING AG koji je prisutan u preko 30 zemalja svijeta a od 2014. i u Hrvatskoj. GRENKELEASING AG tr\u017ei\u0161ni je lider u [&hellip;]\" \/>\n<meta property=\"og:url\" content=\"https:\/\/izvor-ka.hr\/sl\/leasing-financiranje\/\" \/>\n<meta property=\"og:site_name\" content=\"Izvor-KA\" \/>\n<meta property=\"article:modified_time\" content=\"2024-11-07T23:10:44+00:00\" \/>\n<meta property=\"og:image\" content=\"https:\/\/izvor-ka.hr\/wp-content\/uploads\/2024\/11\/GRENKE_Logo_Slogan_RGB_72dpi.jpg\" \/>\n\t<meta property=\"og:image:width\" content=\"497\" \/>\n\t<meta property=\"og:image:height\" content=\"146\" \/>\n\t<meta property=\"og:image:type\" content=\"image\/jpeg\" \/>\n<meta name=\"twitter:card\" content=\"summary_large_image\" \/>\n<meta name=\"twitter:label1\" content=\"Est. reading time\" \/>\n\t<meta name=\"twitter:data1\" content=\"3 minute\" \/>\n<script type=\"application\/ld+json\" class=\"yoast-schema-graph\">{\"@context\":\"https:\/\/schema.org\",\"@graph\":[{\"@type\":\"WebPage\",\"@id\":\"https:\/\/izvor-ka.hr\/leasing-financiranje\/\",\"url\":\"https:\/\/izvor-ka.hr\/leasing-financiranje\/\",\"name\":\"Leasing financiranje - Izvor-KA\",\"isPartOf\":{\"@id\":\"https:\/\/izvor-ka.hr\/#website\"},\"primaryImageOfPage\":{\"@id\":\"https:\/\/izvor-ka.hr\/leasing-financiranje\/#primaryimage\"},\"image\":{\"@id\":\"https:\/\/izvor-ka.hr\/leasing-financiranje\/#primaryimage\"},\"thumbnailUrl\":\"https:\/\/izvor-ka.hr\/wp-content\/uploads\/2024\/11\/GRENKE_Logo_Slogan_RGB_72dpi.jpg\",\"datePublished\":\"2024-11-07T23:03:22+00:00\",\"dateModified\":\"2024-11-07T23:10:44+00:00\",\"breadcrumb\":{\"@id\":\"https:\/\/izvor-ka.hr\/leasing-financiranje\/#breadcrumb\"},\"inLanguage\":\"sl-SI\",\"potentialAction\":[{\"@type\":\"ReadAction\",\"target\":[\"https:\/\/izvor-ka.hr\/leasing-financiranje\/\"]}]},{\"@type\":\"ImageObject\",\"inLanguage\":\"sl-SI\",\"@id\":\"https:\/\/izvor-ka.hr\/leasing-financiranje\/#primaryimage\",\"url\":\"https:\/\/izvor-ka.hr\/wp-content\/uploads\/2024\/11\/GRENKE_Logo_Slogan_RGB_72dpi.jpg\",\"contentUrl\":\"https:\/\/izvor-ka.hr\/wp-content\/uploads\/2024\/11\/GRENKE_Logo_Slogan_RGB_72dpi.jpg\"},{\"@type\":\"BreadcrumbList\",\"@id\":\"https:\/\/izvor-ka.hr\/leasing-financiranje\/#breadcrumb\",\"itemListElement\":[{\"@type\":\"ListItem\",\"position\":1,\"name\":\"Po\u010detna stranica\",\"item\":\"https:\/\/izvor-ka.hr\/\"},{\"@type\":\"ListItem\",\"position\":2,\"name\":\"Leasing financiranje\"}]},{\"@type\":\"WebSite\",\"@id\":\"https:\/\/izvor-ka.hr\/#website\",\"url\":\"https:\/\/izvor-ka.hr\/\",\"name\":\"Izvor-KA\",\"description\":\"\",\"publisher\":{\"@id\":\"https:\/\/izvor-ka.hr\/#organization\"},\"potentialAction\":[{\"@type\":\"SearchAction\",\"target\":{\"@type\":\"EntryPoint\",\"urlTemplate\":\"https:\/\/izvor-ka.hr\/?s={search_term_string}\"},\"query-input\":{\"@type\":\"PropertyValueSpecification\",\"valueRequired\":true,\"valueName\":\"search_term_string\"}}],\"inLanguage\":\"sl-SI\"},{\"@type\":\"Organization\",\"@id\":\"https:\/\/izvor-ka.hr\/#organization\",\"name\":\"Izvor-KA\",\"url\":\"https:\/\/izvor-ka.hr\/\",\"logo\":{\"@type\":\"ImageObject\",\"inLanguage\":\"sl-SI\",\"@id\":\"https:\/\/izvor-ka.hr\/#\/schema\/logo\/image\/\",\"url\":\"https:\/\/izvor-ka.hr\/wp-content\/uploads\/2024\/09\/LOGO.png\",\"contentUrl\":\"https:\/\/izvor-ka.hr\/wp-content\/uploads\/2024\/09\/LOGO.png\",\"width\":895,\"height\":188,\"caption\":\"Izvor-KA\"},\"image\":{\"@id\":\"https:\/\/izvor-ka.hr\/#\/schema\/logo\/image\/\"}}]}<\/script>\n<!-- \/ Yoast SEO plugin. -->","yoast_head_json":{"title":"Leasing financiranje - Izvor-KA","robots":{"index":"index","follow":"follow","max-snippet":"max-snippet:-1","max-image-preview":"max-image-preview:large","max-video-preview":"max-video-preview:-1"},"canonical":"https:\/\/izvor-ka.hr\/sl\/leasing-financiranje\/","og_locale":"sl_SI","og_type":"article","og_title":"Leasing financiranje - Izvor-KA","og_description":"Izvor-KA U suradnji sa Grenke Hrvatska u mogu\u0107nosti smo poslovnim korisnicima ponuditi financiranje po principu operativnog najma opreme kroz mjese\u010dne ili kvartalne najamnine na period do 5 godina. GRENKE je dio Njema\u010dkog koncerna GRENKELEASING AG koji je prisutan u preko 30 zemalja svijeta a od 2014. i u Hrvatskoj. GRENKELEASING AG tr\u017ei\u0161ni je lider u [&hellip;]","og_url":"https:\/\/izvor-ka.hr\/sl\/leasing-financiranje\/","og_site_name":"Izvor-KA","article_modified_time":"2024-11-07T23:10:44+00:00","og_image":[{"width":497,"height":146,"url":"https:\/\/izvor-ka.hr\/wp-content\/uploads\/2024\/11\/GRENKE_Logo_Slogan_RGB_72dpi.jpg","type":"image\/jpeg"}],"twitter_card":"summary_large_image","twitter_misc":{"Est. reading time":"3 minute"},"schema":{"@context":"https:\/\/schema.org","@graph":[{"@type":"WebPage","@id":"https:\/\/izvor-ka.hr\/leasing-financiranje\/","url":"https:\/\/izvor-ka.hr\/leasing-financiranje\/","name":"Leasing financiranje - Izvor-KA","isPartOf":{"@id":"https:\/\/izvor-ka.hr\/#website"},"primaryImageOfPage":{"@id":"https:\/\/izvor-ka.hr\/leasing-financiranje\/#primaryimage"},"image":{"@id":"https:\/\/izvor-ka.hr\/leasing-financiranje\/#primaryimage"},"thumbnailUrl":"https:\/\/izvor-ka.hr\/wp-content\/uploads\/2024\/11\/GRENKE_Logo_Slogan_RGB_72dpi.jpg","datePublished":"2024-11-07T23:03:22+00:00","dateModified":"2024-11-07T23:10:44+00:00","breadcrumb":{"@id":"https:\/\/izvor-ka.hr\/leasing-financiranje\/#breadcrumb"},"inLanguage":"sl-SI","potentialAction":[{"@type":"ReadAction","target":["https:\/\/izvor-ka.hr\/leasing-financiranje\/"]}]},{"@type":"ImageObject","inLanguage":"sl-SI","@id":"https:\/\/izvor-ka.hr\/leasing-financiranje\/#primaryimage","url":"https:\/\/izvor-ka.hr\/wp-content\/uploads\/2024\/11\/GRENKE_Logo_Slogan_RGB_72dpi.jpg","contentUrl":"https:\/\/izvor-ka.hr\/wp-content\/uploads\/2024\/11\/GRENKE_Logo_Slogan_RGB_72dpi.jpg"},{"@type":"BreadcrumbList","@id":"https:\/\/izvor-ka.hr\/leasing-financiranje\/#breadcrumb","itemListElement":[{"@type":"ListItem","position":1,"name":"Po\u010detna stranica","item":"https:\/\/izvor-ka.hr\/"},{"@type":"ListItem","position":2,"name":"Leasing financiranje"}]},{"@type":"WebSite","@id":"https:\/\/izvor-ka.hr\/#website","url":"https:\/\/izvor-ka.hr\/","name":"Izvor-KA","description":"","publisher":{"@id":"https:\/\/izvor-ka.hr\/#organization"},"potentialAction":[{"@type":"SearchAction","target":{"@type":"EntryPoint","urlTemplate":"https:\/\/izvor-ka.hr\/?s={search_term_string}"},"query-input":{"@type":"PropertyValueSpecification","valueRequired":true,"valueName":"search_term_string"}}],"inLanguage":"sl-SI"},{"@type":"Organization","@id":"https:\/\/izvor-ka.hr\/#organization","name":"Izvor-KA","url":"https:\/\/izvor-ka.hr\/","logo":{"@type":"ImageObject","inLanguage":"sl-SI","@id":"https:\/\/izvor-ka.hr\/#\/schema\/logo\/image\/","url":"https:\/\/izvor-ka.hr\/wp-content\/uploads\/2024\/09\/LOGO.png","contentUrl":"https:\/\/izvor-ka.hr\/wp-content\/uploads\/2024\/09\/LOGO.png","width":895,"height":188,"caption":"Izvor-KA"},"image":{"@id":"https:\/\/izvor-ka.hr\/#\/schema\/logo\/image\/"}}]}},"jetpack_sharing_enabled":true,"_links":{"self":[{"href":"https:\/\/izvor-ka.hr\/sl\/wp-json\/wp\/v2\/pages\/1577","targetHints":{"allow":["GET"]}}],"collection":[{"href":"https:\/\/izvor-ka.hr\/sl\/wp-json\/wp\/v2\/pages"}],"about":[{"href":"https:\/\/izvor-ka.hr\/sl\/wp-json\/wp\/v2\/types\/page"}],"author":[{"embeddable":true,"href":"https:\/\/izvor-ka.hr\/sl\/wp-json\/wp\/v2\/users\/1"}],"replies":[{"embeddable":true,"href":"https:\/\/izvor-ka.hr\/sl\/wp-json\/wp\/v2\/comments?post=1577"}],"version-history":[{"count":8,"href":"https:\/\/izvor-ka.hr\/sl\/wp-json\/wp\/v2\/pages\/1577\/revisions"}],"predecessor-version":[{"id":1587,"href":"https:\/\/izvor-ka.hr\/sl\/wp-json\/wp\/v2\/pages\/1577\/revisions\/1587"}],"wp:attachment":[{"href":"https:\/\/izvor-ka.hr\/sl\/wp-json\/wp\/v2\/media?parent=1577"}],"curies":[{"name":"wp","href":"https:\/\/api.w.org\/{rel}","templated":true}]}}