{"id":146,"date":"2024-09-16T15:32:56","date_gmt":"2024-09-16T13:32:56","guid":{"rendered":"https:\/\/izvor-ka.hr\/?page_id=146"},"modified":"2024-10-17T10:38:59","modified_gmt":"2024-10-17T08:38:59","slug":"eu-projekti","status":"publish","type":"page","link":"https:\/\/izvor-ka.hr\/sl\/eu-projekti\/","title":{"rendered":"Projekti EU"},"content":{"rendered":"<div data-elementor-type=\"wp-page\" data-elementor-id=\"146\" class=\"elementor elementor-146\" data-elementor-post-type=\"page\">\n\t\t\t\t\t\t<section class=\"elementor-section elementor-top-section elementor-element elementor-element-385bb3e2 elementor-section-boxed elementor-section-height-default elementor-section-height-default\" data-id=\"385bb3e2\" data-element_type=\"section\" data-e-type=\"section\" data-settings=\"{&quot;background_background&quot;:&quot;classic&quot;}\">\n\t\t\t\t\t\t\t<div class=\"elementor-background-overlay\"><\/div>\n\t\t\t\t\t\t\t<div class=\"elementor-container elementor-column-gap-default\">\n\t\t\t\t\t<div class=\"elementor-column elementor-col-100 elementor-top-column elementor-element elementor-element-6b0b508b\" data-id=\"6b0b508b\" data-element_type=\"column\" data-e-type=\"column\">\n\t\t\t<div class=\"elementor-widget-wrap elementor-element-populated\">\n\t\t\t\t\t\t<section class=\"elementor-section elementor-inner-section elementor-element elementor-element-69fecc8d elementor-section-content-middle elementor-section-boxed elementor-section-height-default elementor-section-height-default\" data-id=\"69fecc8d\" data-element_type=\"section\" data-e-type=\"section\">\n\t\t\t\t\t\t<div class=\"elementor-container elementor-column-gap-no\">\n\t\t\t\t\t<div class=\"elementor-column elementor-col-50 elementor-inner-column elementor-element elementor-element-48ff3700 animated-slow elementor-invisible\" data-id=\"48ff3700\" data-element_type=\"column\" data-e-type=\"column\" data-settings=\"{&quot;animation&quot;:&quot;fadeInLeft&quot;}\">\n\t\t\t<div class=\"elementor-widget-wrap elementor-element-populated\">\n\t\t\t\t\t\t\t<\/div>\n\t\t<\/div>\n\t\t\t\t<div class=\"elementor-column elementor-col-50 elementor-inner-column elementor-element elementor-element-7ddec54c animated-slow elementor-invisible\" data-id=\"7ddec54c\" data-element_type=\"column\" data-e-type=\"column\" data-settings=\"{&quot;animation&quot;:&quot;fadeInRight&quot;}\">\n\t\t\t<div class=\"elementor-widget-wrap elementor-element-populated\">\n\t\t\t\t\t\t<div class=\"elementor-element elementor-element-48286f69 elementor-icon-list--layout-inline elementor-align-end elementor-mobile-align-center elementor-tablet-align-end elementor-list-item-link-full_width elementor-widget elementor-widget-icon-list\" data-id=\"48286f69\" data-element_type=\"widget\" data-e-type=\"widget\" data-widget_type=\"icon-list.default\">\n\t\t\t\t<div class=\"elementor-widget-container\">\n\t\t\t\t\t\t\t<ul class=\"elementor-icon-list-items elementor-inline-items\">\n\t\t\t\t\t\t\t<li class=\"elementor-icon-list-item elementor-inline-item\">\n\t\t\t\t\t\t\t\t\t\t<span class=\"elementor-icon-list-text\">Vir \u2013 KA<\/span>\n\t\t\t\t\t\t\t\t\t<\/li>\n\t\t\t\t\t\t\t\t<li class=\"elementor-icon-list-item elementor-inline-item\">\n\t\t\t\t\t\t\t\t\t\t\t<span class=\"elementor-icon-list-icon\">\n\t\t\t\t\t\t\t<svg aria-hidden=\"true\" class=\"e-font-icon-svg e-fas-angle-right\" viewbox=\"0 0 256 512\" xmlns=\"http:\/\/www.w3.org\/2000\/svg\"><path d=\"M224.3 273l-136 136c-9.4 9.4-24.6 9.4-33.9 0l-22.6-22.6c-9.4-9.4-9.4-24.6 0-33.9l96.4-96.4-96.4-96.4c-9.4-9.4-9.4-24.6 0-33.9L54.3 103c9.4-9.4 24.6-9.4 33.9 0l136 136c9.5 9.4 9.5 24.6.1 34z\"><\/path><\/svg>\t\t\t\t\t\t<\/span>\n\t\t\t\t\t\t\t\t\t\t<span class=\"elementor-icon-list-text\"><\/span>\n\t\t\t\t\t\t\t\t\t<\/li>\n\t\t\t\t\t\t<\/ul>\n\t\t\t\t\t\t<\/div>\n\t\t\t\t<\/div>\n\t\t\t\t\t<\/div>\n\t\t<\/div>\n\t\t\t\t\t<\/div>\n\t\t<\/section>\n\t\t\t\t\t<\/div>\n\t\t<\/div>\n\t\t\t\t\t<\/div>\n\t\t<\/section>\n\t\t<div class=\"elementor-element elementor-element-9a8cf57 animated-slow e-flex e-con-boxed elementor-invisible e-con e-parent\" data-id=\"9a8cf57\" data-element_type=\"container\" data-e-type=\"container\" data-settings=\"{&quot;animation&quot;:&quot;fadeInUp&quot;}\">\n\t\t\t\t\t<div class=\"e-con-inner\">\n\t\t\t\t<div class=\"elementor-element elementor-element-dff5097 elementor-widget elementor-widget-text-editor\" data-id=\"dff5097\" data-element_type=\"widget\" data-e-type=\"widget\" data-widget_type=\"text-editor.default\">\n\t\t\t\t<div class=\"elementor-widget-container\">\n\t\t\t\t\t\t\t\t\t<p><strong>IME PROJEKTA<\/strong><\/p><p>Dvig konkuren\u010dnosti skozi nemogo\u010de digitalne re\u0161itve<\/p><p><strong>Kratek opis projekta<\/strong><\/p><p>Projekt je sestavljen iz dveh osnovnih delov:<\/p><ol><li>Pridobivanje in izvajanje sistemov za upravljanje proizvodnje<\/li><li>Izobra\u017eevanje<\/li><\/ol><p>Projekt bo zagotovil znatno pove\u010danje konkuren\u010dnosti dru\u017ebe IZVO-KA d.o.o. z nabavo in implementacijo novih digitalnih re\u0161itev za namen digitalne poslovne transformacije sistemov upravljanja poslovnih procesov in krepitve digitalnih ve\u0161\u010din zaposlenih (izobra\u017eevanje), kar bo imelo za posledico bistveno izbolj\u0161anje organizacijskih praks in izbolj\u0161anje znatnega \u0161tevila poslovnih procesov.<\/p><p>Nalo\u017eba bo zagotovila pomembno poslovno optimizacijo na notranji in zunanji ravni, racionalizacijo virov, kar se bo odra\u017ealo v splo\u0161ni donosnosti poslovanja.<\/p><p>Projekt bo prispeval k:<\/p><ul><li>pove\u010danje produktivnosti<\/li><li>Pove\u010dajte \u0161tevilo strank<\/li><li>Pove\u010danje prihodkov<\/li><li>digitalizacija poslovnih procesov<\/li><\/ul><p>\u00a0<\/p><p><strong>SKUPNA VREDNOST PROJEKTA: 18 087,50 EUR<\/strong><\/p><p><strong>USMERITEV PROJEKTOV EU: 7 962,00 EUR<\/strong><\/p><p><strong>OBDOBJE IZVAJANJA PROJEKTA: 2023-2024<\/strong><\/p><p><strong>Kontakt za ve\u010d informacij:\u00a0<\/strong><\/p><p>IZVOR-KA d.o.o., Zagorska ulica 43 A, Zlatar Bistrica<br \/>Telefonska \u0161tevilka: +385 49500 920<br \/>E-naslov:\u00a0<a href=\"mailto:info@izvor-ka.hr\">info@izvor-ka.hr<\/a><\/p>\t\t\t\t\t\t\t\t<\/div>\n\t\t\t\t<\/div>\n\t\t\t\t<div class=\"elementor-element elementor-element-282b580 elementor-widget elementor-widget-image\" data-id=\"282b580\" data-element_type=\"widget\" data-e-type=\"widget\" data-widget_type=\"image.default\">\n\t\t\t\t<div class=\"elementor-widget-container\">\n\t\t\t\t\t\t\t\t\t\t\t\t\t\t\t<img fetchpriority=\"high\" decoding=\"async\" width=\"584\" height=\"140\" src=\"https:\/\/izvor-ka.hr\/wp-content\/uploads\/2024\/10\/eu.jpg\" class=\"attachment-large size-large wp-image-1006\" alt=\"\" srcset=\"https:\/\/izvor-ka.hr\/wp-content\/uploads\/2024\/10\/eu.jpg 584w, https:\/\/izvor-ka.hr\/wp-content\/uploads\/2024\/10\/eu-300x72.jpg 300w\" sizes=\"(max-width: 584px) 100vw, 584px\" \/>\t\t\t\t\t\t\t\t\t\t\t\t\t\t\t<\/div>\n\t\t\t\t<\/div>\n\t\t\t\t<div class=\"elementor-element elementor-element-dbe2ad8 elementor-widget elementor-widget-text-editor\" data-id=\"dbe2ad8\" data-element_type=\"widget\" data-e-type=\"widget\" data-widget_type=\"text-editor.default\">\n\t\t\t\t<div class=\"elementor-widget-container\">\n\t\t\t\t\t\t\t\t\t<p>Projekt se financira iz mehanizma za okrevanje in odpornost Next Generation EU.<\/p><p>Za vsebino je izklju\u010dno odgovorna dru\u017eba Izvor-KA d.o.o.<\/p>\t\t\t\t\t\t\t\t<\/div>\n\t\t\t\t<\/div>\n\t\t\t\t\t<\/div>\n\t\t\t\t<\/div>\n\t\t\t\t<\/div>","protected":false},"excerpt":{"rendered":"<p>IME PROJEKTA Source-KA SPODBUJA KONKUREN\u010cNOST SKOZI NEMOGO\u010cE DIGITALNE RE\u0160ITVE KRATK OPIS PROJEKTA Projekt je sestavljen iz dveh osnovnih komponent: Nabava in implementacija sistema vodenja proizvodnje Izobra\u017eevanje Projekt bo zagotovil znatno pove\u010danje konkuren\u010dnosti dru\u017ebe IZVO-KA d.o.o. z nabavo in implementacijo novih digitalnih re\u0161itev za namen digitalne transformacije poslovanja [...]<\/p>","protected":false},"author":1,"featured_media":0,"parent":0,"menu_order":0,"comment_status":"closed","ping_status":"closed","template":"elementor_header_footer","meta":{"footnotes":""},"class_list":["post-146","page","type-page","status-publish","hentry"],"yoast_head":"<!-- This site is optimized with the Yoast SEO plugin v26.9 - https:\/\/yoast.com\/product\/yoast-seo-wordpress\/ -->\n<title>EU projekti - Izvor-KA<\/title>\n<meta name=\"robots\" content=\"index, follow, max-snippet:-1, max-image-preview:large, max-video-preview:-1\" \/>\n<link rel=\"canonical\" href=\"https:\/\/izvor-ka.hr\/sl\/eu-projekti\/\" \/>\n<meta property=\"og:locale\" content=\"sl_SI\" \/>\n<meta property=\"og:type\" content=\"article\" \/>\n<meta property=\"og:title\" content=\"EU projekti - Izvor-KA\" \/>\n<meta property=\"og:description\" content=\"Izvor-KA NAZIV PROJEKTA PODIZANJE KONKURENTNOSTI\u00a0 KROZ UVO\u0110ENJE SLO\u017dENIH DIGITALNIH RJE\u0160ENJA KRATKI OPIS PROJEKTA Projekt se sastoji od dvije osnovne komponente : Nabavka i implementacija sustava za upravljanje proizvodnjom Edukacija Projektom \u0107e se osigurati zna\u010dajno pove\u0107anje konkurentnosti poduze\u0107a IZVO-KA d.o.o. kroz nabavu i implementaciju novih digitalnih rje\u0161enja u svrhu digitalne transformacije poslovanja sustava za upravljanje poslovnim [&hellip;]\" \/>\n<meta property=\"og:url\" content=\"https:\/\/izvor-ka.hr\/sl\/eu-projekti\/\" \/>\n<meta property=\"og:site_name\" content=\"Izvor-KA\" \/>\n<meta property=\"article:modified_time\" content=\"2024-10-17T08:38:59+00:00\" \/>\n<meta property=\"og:image\" content=\"https:\/\/izvor-ka.hr\/wp-content\/uploads\/2024\/10\/eu.jpg\" \/>\n\t<meta property=\"og:image:width\" content=\"584\" \/>\n\t<meta property=\"og:image:height\" content=\"140\" \/>\n\t<meta property=\"og:image:type\" content=\"image\/jpeg\" \/>\n<meta name=\"twitter:card\" content=\"summary_large_image\" \/>\n<meta name=\"twitter:label1\" content=\"Est. reading time\" \/>\n\t<meta name=\"twitter:data1\" content=\"2 minuti\" \/>\n<script type=\"application\/ld+json\" class=\"yoast-schema-graph\">{\"@context\":\"https:\/\/schema.org\",\"@graph\":[{\"@type\":\"WebPage\",\"@id\":\"https:\/\/izvor-ka.hr\/eu-projekti\/\",\"url\":\"https:\/\/izvor-ka.hr\/eu-projekti\/\",\"name\":\"EU projekti - Izvor-KA\",\"isPartOf\":{\"@id\":\"https:\/\/izvor-ka.hr\/#website\"},\"primaryImageOfPage\":{\"@id\":\"https:\/\/izvor-ka.hr\/eu-projekti\/#primaryimage\"},\"image\":{\"@id\":\"https:\/\/izvor-ka.hr\/eu-projekti\/#primaryimage\"},\"thumbnailUrl\":\"https:\/\/izvor-ka.hr\/wp-content\/uploads\/2024\/10\/eu.jpg\",\"datePublished\":\"2024-09-16T13:32:56+00:00\",\"dateModified\":\"2024-10-17T08:38:59+00:00\",\"breadcrumb\":{\"@id\":\"https:\/\/izvor-ka.hr\/eu-projekti\/#breadcrumb\"},\"inLanguage\":\"sl-SI\",\"potentialAction\":[{\"@type\":\"ReadAction\",\"target\":[\"https:\/\/izvor-ka.hr\/eu-projekti\/\"]}]},{\"@type\":\"ImageObject\",\"inLanguage\":\"sl-SI\",\"@id\":\"https:\/\/izvor-ka.hr\/eu-projekti\/#primaryimage\",\"url\":\"https:\/\/izvor-ka.hr\/wp-content\/uploads\/2024\/10\/eu.jpg\",\"contentUrl\":\"https:\/\/izvor-ka.hr\/wp-content\/uploads\/2024\/10\/eu.jpg\"},{\"@type\":\"BreadcrumbList\",\"@id\":\"https:\/\/izvor-ka.hr\/eu-projekti\/#breadcrumb\",\"itemListElement\":[{\"@type\":\"ListItem\",\"position\":1,\"name\":\"Po\u010detna stranica\",\"item\":\"https:\/\/izvor-ka.hr\/\"},{\"@type\":\"ListItem\",\"position\":2,\"name\":\"EU projekti\"}]},{\"@type\":\"WebSite\",\"@id\":\"https:\/\/izvor-ka.hr\/#website\",\"url\":\"https:\/\/izvor-ka.hr\/\",\"name\":\"Izvor-KA\",\"description\":\"\",\"publisher\":{\"@id\":\"https:\/\/izvor-ka.hr\/#organization\"},\"potentialAction\":[{\"@type\":\"SearchAction\",\"target\":{\"@type\":\"EntryPoint\",\"urlTemplate\":\"https:\/\/izvor-ka.hr\/?s={search_term_string}\"},\"query-input\":{\"@type\":\"PropertyValueSpecification\",\"valueRequired\":true,\"valueName\":\"search_term_string\"}}],\"inLanguage\":\"sl-SI\"},{\"@type\":\"Organization\",\"@id\":\"https:\/\/izvor-ka.hr\/#organization\",\"name\":\"Izvor-KA\",\"url\":\"https:\/\/izvor-ka.hr\/\",\"logo\":{\"@type\":\"ImageObject\",\"inLanguage\":\"sl-SI\",\"@id\":\"https:\/\/izvor-ka.hr\/#\/schema\/logo\/image\/\",\"url\":\"https:\/\/izvor-ka.hr\/wp-content\/uploads\/2024\/09\/LOGO.png\",\"contentUrl\":\"https:\/\/izvor-ka.hr\/wp-content\/uploads\/2024\/09\/LOGO.png\",\"width\":895,\"height\":188,\"caption\":\"Izvor-KA\"},\"image\":{\"@id\":\"https:\/\/izvor-ka.hr\/#\/schema\/logo\/image\/\"}}]}<\/script>\n<!-- \/ Yoast SEO plugin. -->","yoast_head_json":{"title":"EU projekti - Izvor-KA","robots":{"index":"index","follow":"follow","max-snippet":"max-snippet:-1","max-image-preview":"max-image-preview:large","max-video-preview":"max-video-preview:-1"},"canonical":"https:\/\/izvor-ka.hr\/sl\/eu-projekti\/","og_locale":"sl_SI","og_type":"article","og_title":"EU projekti - Izvor-KA","og_description":"Izvor-KA NAZIV PROJEKTA PODIZANJE KONKURENTNOSTI\u00a0 KROZ UVO\u0110ENJE SLO\u017dENIH DIGITALNIH RJE\u0160ENJA KRATKI OPIS PROJEKTA Projekt se sastoji od dvije osnovne komponente : Nabavka i implementacija sustava za upravljanje proizvodnjom Edukacija Projektom \u0107e se osigurati zna\u010dajno pove\u0107anje konkurentnosti poduze\u0107a IZVO-KA d.o.o. kroz nabavu i implementaciju novih digitalnih rje\u0161enja u svrhu digitalne transformacije poslovanja sustava za upravljanje poslovnim [&hellip;]","og_url":"https:\/\/izvor-ka.hr\/sl\/eu-projekti\/","og_site_name":"Izvor-KA","article_modified_time":"2024-10-17T08:38:59+00:00","og_image":[{"width":584,"height":140,"url":"https:\/\/izvor-ka.hr\/wp-content\/uploads\/2024\/10\/eu.jpg","type":"image\/jpeg"}],"twitter_card":"summary_large_image","twitter_misc":{"Est. reading time":"2 minuti"},"schema":{"@context":"https:\/\/schema.org","@graph":[{"@type":"WebPage","@id":"https:\/\/izvor-ka.hr\/eu-projekti\/","url":"https:\/\/izvor-ka.hr\/eu-projekti\/","name":"EU projekti - Izvor-KA","isPartOf":{"@id":"https:\/\/izvor-ka.hr\/#website"},"primaryImageOfPage":{"@id":"https:\/\/izvor-ka.hr\/eu-projekti\/#primaryimage"},"image":{"@id":"https:\/\/izvor-ka.hr\/eu-projekti\/#primaryimage"},"thumbnailUrl":"https:\/\/izvor-ka.hr\/wp-content\/uploads\/2024\/10\/eu.jpg","datePublished":"2024-09-16T13:32:56+00:00","dateModified":"2024-10-17T08:38:59+00:00","breadcrumb":{"@id":"https:\/\/izvor-ka.hr\/eu-projekti\/#breadcrumb"},"inLanguage":"sl-SI","potentialAction":[{"@type":"ReadAction","target":["https:\/\/izvor-ka.hr\/eu-projekti\/"]}]},{"@type":"ImageObject","inLanguage":"sl-SI","@id":"https:\/\/izvor-ka.hr\/eu-projekti\/#primaryimage","url":"https:\/\/izvor-ka.hr\/wp-content\/uploads\/2024\/10\/eu.jpg","contentUrl":"https:\/\/izvor-ka.hr\/wp-content\/uploads\/2024\/10\/eu.jpg"},{"@type":"BreadcrumbList","@id":"https:\/\/izvor-ka.hr\/eu-projekti\/#breadcrumb","itemListElement":[{"@type":"ListItem","position":1,"name":"Po\u010detna stranica","item":"https:\/\/izvor-ka.hr\/"},{"@type":"ListItem","position":2,"name":"EU projekti"}]},{"@type":"WebSite","@id":"https:\/\/izvor-ka.hr\/#website","url":"https:\/\/izvor-ka.hr\/","name":"Izvor-KA","description":"","publisher":{"@id":"https:\/\/izvor-ka.hr\/#organization"},"potentialAction":[{"@type":"SearchAction","target":{"@type":"EntryPoint","urlTemplate":"https:\/\/izvor-ka.hr\/?s={search_term_string}"},"query-input":{"@type":"PropertyValueSpecification","valueRequired":true,"valueName":"search_term_string"}}],"inLanguage":"sl-SI"},{"@type":"Organization","@id":"https:\/\/izvor-ka.hr\/#organization","name":"Izvor-KA","url":"https:\/\/izvor-ka.hr\/","logo":{"@type":"ImageObject","inLanguage":"sl-SI","@id":"https:\/\/izvor-ka.hr\/#\/schema\/logo\/image\/","url":"https:\/\/izvor-ka.hr\/wp-content\/uploads\/2024\/09\/LOGO.png","contentUrl":"https:\/\/izvor-ka.hr\/wp-content\/uploads\/2024\/09\/LOGO.png","width":895,"height":188,"caption":"Izvor-KA"},"image":{"@id":"https:\/\/izvor-ka.hr\/#\/schema\/logo\/image\/"}}]}},"jetpack_sharing_enabled":true,"_links":{"self":[{"href":"https:\/\/izvor-ka.hr\/sl\/wp-json\/wp\/v2\/pages\/146","targetHints":{"allow":["GET"]}}],"collection":[{"href":"https:\/\/izvor-ka.hr\/sl\/wp-json\/wp\/v2\/pages"}],"about":[{"href":"https:\/\/izvor-ka.hr\/sl\/wp-json\/wp\/v2\/types\/page"}],"author":[{"embeddable":true,"href":"https:\/\/izvor-ka.hr\/sl\/wp-json\/wp\/v2\/users\/1"}],"replies":[{"embeddable":true,"href":"https:\/\/izvor-ka.hr\/sl\/wp-json\/wp\/v2\/comments?post=146"}],"version-history":[{"count":16,"href":"https:\/\/izvor-ka.hr\/sl\/wp-json\/wp\/v2\/pages\/146\/revisions"}],"predecessor-version":[{"id":1401,"href":"https:\/\/izvor-ka.hr\/sl\/wp-json\/wp\/v2\/pages\/146\/revisions\/1401"}],"wp:attachment":[{"href":"https:\/\/izvor-ka.hr\/sl\/wp-json\/wp\/v2\/media?parent=146"}],"curies":[{"name":"wp","href":"https:\/\/api.w.org\/{rel}","templated":true}]}}