{"id":296,"date":"2024-09-16T18:31:31","date_gmt":"2024-09-16T16:31:31","guid":{"rendered":"https:\/\/izvor-ka.hr\/?page_id=296"},"modified":"2024-10-17T10:36:54","modified_gmt":"2024-10-17T08:36:54","slug":"komunalna-oprema","status":"publish","type":"page","link":"https:\/\/izvor-ka.hr\/en\/komunalna-oprema\/","title":{"rendered":"Utility equipment"},"content":{"rendered":"<div data-elementor-type=\"wp-page\" data-elementor-id=\"296\" class=\"elementor elementor-296\" data-elementor-post-type=\"page\">\n\t\t\t\t\t\t<section class=\"elementor-section elementor-top-section elementor-element elementor-element-1ab5e7be elementor-section-boxed elementor-section-height-default elementor-section-height-default\" data-id=\"1ab5e7be\" data-element_type=\"section\" data-e-type=\"section\" data-settings=\"{&quot;background_background&quot;:&quot;classic&quot;}\">\n\t\t\t\t\t\t\t<div class=\"elementor-background-overlay\"><\/div>\n\t\t\t\t\t\t\t<div class=\"elementor-container elementor-column-gap-default\">\n\t\t\t\t\t<div class=\"elementor-column elementor-col-100 elementor-top-column elementor-element elementor-element-2c3fbed8\" data-id=\"2c3fbed8\" data-element_type=\"column\" data-e-type=\"column\">\n\t\t\t<div class=\"elementor-widget-wrap elementor-element-populated\">\n\t\t\t\t\t\t<section class=\"elementor-section elementor-inner-section elementor-element elementor-element-51c3e6fb elementor-section-content-middle elementor-section-boxed elementor-section-height-default elementor-section-height-default\" data-id=\"51c3e6fb\" data-element_type=\"section\" data-e-type=\"section\">\n\t\t\t\t\t\t<div class=\"elementor-container elementor-column-gap-no\">\n\t\t\t\t\t<div class=\"elementor-column elementor-col-50 elementor-inner-column elementor-element elementor-element-479f8a7c animated-slow elementor-invisible\" data-id=\"479f8a7c\" data-element_type=\"column\" data-e-type=\"column\" data-settings=\"{&quot;animation&quot;:&quot;fadeInLeft&quot;}\">\n\t\t\t<div class=\"elementor-widget-wrap elementor-element-populated\">\n\t\t\t\t\t\t\t<\/div>\n\t\t<\/div>\n\t\t\t\t<div class=\"elementor-column elementor-col-50 elementor-inner-column elementor-element elementor-element-6767fc2e animated-slow elementor-invisible\" data-id=\"6767fc2e\" data-element_type=\"column\" data-e-type=\"column\" data-settings=\"{&quot;animation&quot;:&quot;fadeInRight&quot;}\">\n\t\t\t<div class=\"elementor-widget-wrap elementor-element-populated\">\n\t\t\t\t\t\t<div class=\"elementor-element elementor-element-795ff64e elementor-icon-list--layout-inline elementor-align-end elementor-mobile-align-center elementor-tablet-align-end elementor-list-item-link-full_width elementor-widget elementor-widget-icon-list\" data-id=\"795ff64e\" data-element_type=\"widget\" data-e-type=\"widget\" data-widget_type=\"icon-list.default\">\n\t\t\t\t<div class=\"elementor-widget-container\">\n\t\t\t\t\t\t\t<ul class=\"elementor-icon-list-items elementor-inline-items\">\n\t\t\t\t\t\t\t<li class=\"elementor-icon-list-item elementor-inline-item\">\n\t\t\t\t\t\t\t\t\t\t<span class=\"elementor-icon-list-text\">Products<\/span>\n\t\t\t\t\t\t\t\t\t<\/li>\n\t\t\t\t\t\t\t\t<li class=\"elementor-icon-list-item elementor-inline-item\">\n\t\t\t\t\t\t\t\t\t\t\t<a href=\"https:\/\/izvor-ka.hr\/en\/spremista\/\">\n\n\t\t\t\t\t\t\t\t\t\t\t\t<span class=\"elementor-icon-list-icon\">\n\t\t\t\t\t\t\t<svg aria-hidden=\"true\" class=\"e-font-icon-svg e-fas-angle-right\" viewbox=\"0 0 256 512\" xmlns=\"http:\/\/www.w3.org\/2000\/svg\"><path d=\"M224.3 273l-136 136c-9.4 9.4-24.6 9.4-33.9 0l-22.6-22.6c-9.4-9.4-9.4-24.6 0-33.9l96.4-96.4-96.4-96.4c-9.4-9.4-9.4-24.6 0-33.9L54.3 103c9.4-9.4 24.6-9.4 33.9 0l136 136c9.5 9.4 9.5 24.6.1 34z\"><\/path><\/svg>\t\t\t\t\t\t<\/span>\n\t\t\t\t\t\t\t\t\t\t<span class=\"elementor-icon-list-text\"><\/span>\n\t\t\t\t\t\t\t\t\t\t\t<\/a>\n\t\t\t\t\t\t\t\t\t<\/li>\n\t\t\t\t\t\t<\/ul>\n\t\t\t\t\t\t<\/div>\n\t\t\t\t<\/div>\n\t\t\t\t\t<\/div>\n\t\t<\/div>\n\t\t\t\t\t<\/div>\n\t\t<\/section>\n\t\t\t\t\t<\/div>\n\t\t<\/div>\n\t\t\t\t\t<\/div>\n\t\t<\/section>\n\t\t\t\t<section class=\"elementor-section elementor-top-section elementor-element elementor-element-6b7c3287 elementor-section-full_width elementor-section-height-default elementor-section-height-default\" data-id=\"6b7c3287\" data-element_type=\"section\" data-e-type=\"section\">\n\t\t\t\t\t\t<div class=\"elementor-container elementor-column-gap-no\">\n\t\t\t\t\t<div class=\"elementor-column elementor-col-100 elementor-top-column elementor-element elementor-element-5926c396\" data-id=\"5926c396\" data-element_type=\"column\" data-e-type=\"column\">\n\t\t\t<div class=\"elementor-widget-wrap elementor-element-populated\">\n\t\t\t\t\t\t<section class=\"elementor-section elementor-inner-section elementor-element elementor-element-6c283d9d animated-slow elementor-section-boxed elementor-section-height-default elementor-section-height-default elementor-invisible\" data-id=\"6c283d9d\" data-element_type=\"section\" data-e-type=\"section\" data-settings=\"{&quot;animation&quot;:&quot;fadeInUp&quot;}\">\n\t\t\t\t\t\t<div class=\"elementor-container elementor-column-gap-no\">\n\t\t\t\t\t<div class=\"elementor-column elementor-col-100 elementor-inner-column elementor-element elementor-element-1a6cd80e\" data-id=\"1a6cd80e\" data-element_type=\"column\" data-e-type=\"column\">\n\t\t\t<div class=\"elementor-widget-wrap elementor-element-populated\">\n\t\t\t\t\t\t<div class=\"elementor-element elementor-element-7e16d5bc elementor-widget elementor-widget-heading\" data-id=\"7e16d5bc\" data-element_type=\"widget\" data-e-type=\"widget\" data-widget_type=\"heading.default\">\n\t\t\t\t<div class=\"elementor-widget-container\">\n\t\t\t\t\t<h2 class=\"elementor-heading-title elementor-size-default\">About municipal equipment<\/h2>\t\t\t\t<\/div>\n\t\t\t\t<\/div>\n\t\t\t\t<div class=\"elementor-element elementor-element-6c20b454 elementor-widget elementor-widget-text-editor\" data-id=\"6c20b454\" data-element_type=\"widget\" data-e-type=\"widget\" data-widget_type=\"text-editor.default\">\n\t\t\t\t<div class=\"elementor-widget-container\">\n\t\t\t\t\t\t\t\t\t<p>Products from the utility equipment program are designed and manufactured in accordance with the highest technical requirements and standards. The high quality of materials and workmanship guarantees longevity and stability in use in public and private spaces.<\/p>\t\t\t\t\t\t\t\t<\/div>\n\t\t\t\t<\/div>\n\t\t\t\t\t<\/div>\n\t\t<\/div>\n\t\t\t\t\t<\/div>\n\t\t<\/section>\n\t\t\t\t<section class=\"elementor-section elementor-inner-section elementor-element elementor-element-32422562 animated-slow elementor-section-boxed elementor-section-height-default elementor-section-height-default elementor-invisible\" data-id=\"32422562\" data-element_type=\"section\" data-e-type=\"section\" data-settings=\"{&quot;animation&quot;:&quot;fadeInUp&quot;}\">\n\t\t\t\t\t\t<div class=\"elementor-container elementor-column-gap-no\">\n\t\t\t\t\t<div class=\"elementor-column elementor-col-33 elementor-inner-column elementor-element elementor-element-307399d4\" data-id=\"307399d4\" data-element_type=\"column\" data-e-type=\"column\">\n\t\t\t<div class=\"elementor-widget-wrap elementor-element-populated\">\n\t\t\t\t\t\t<div class=\"elementor-element elementor-element-79d0a1b7 elementor-widget elementor-widget-image\" data-id=\"79d0a1b7\" data-element_type=\"widget\" data-e-type=\"widget\" data-widget_type=\"image.default\">\n\t\t\t\t<div class=\"elementor-widget-container\">\n\t\t\t\t\t\t\t\t\t\t\t\t\t\t\t<img fetchpriority=\"high\" decoding=\"async\" width=\"800\" height=\"600\" src=\"https:\/\/izvor-ka.hr\/wp-content\/uploads\/2024\/10\/kos-1024x768.jpg\" class=\"attachment-large size-large wp-image-747\" alt=\"\" srcset=\"https:\/\/izvor-ka.hr\/wp-content\/uploads\/2024\/10\/kos-1024x768.jpg 1024w, https:\/\/izvor-ka.hr\/wp-content\/uploads\/2024\/10\/kos-600x450.jpg 600w, https:\/\/izvor-ka.hr\/wp-content\/uploads\/2024\/10\/kos-300x225.jpg 300w, https:\/\/izvor-ka.hr\/wp-content\/uploads\/2024\/10\/kos-768x576.jpg 768w, https:\/\/izvor-ka.hr\/wp-content\/uploads\/2024\/10\/kos-1536x1152.jpg 1536w, https:\/\/izvor-ka.hr\/wp-content\/uploads\/2024\/10\/kos.jpg 2016w\" sizes=\"(max-width: 800px) 100vw, 800px\" \/>\t\t\t\t\t\t\t\t\t\t\t\t\t\t\t<\/div>\n\t\t\t\t<\/div>\n\t\t\t\t<section class=\"elementor-section elementor-inner-section elementor-element elementor-element-5fcab25e elementor-section-boxed elementor-section-height-default elementor-section-height-default\" data-id=\"5fcab25e\" data-element_type=\"section\" data-e-type=\"section\">\n\t\t\t\t\t\t<div class=\"elementor-container elementor-column-gap-default\">\n\t\t\t\t\t<div class=\"elementor-column elementor-col-100 elementor-inner-column elementor-element elementor-element-3eacf871\" data-id=\"3eacf871\" data-element_type=\"column\" data-e-type=\"column\" data-settings=\"{&quot;background_background&quot;:&quot;classic&quot;}\">\n\t\t\t<div class=\"elementor-widget-wrap elementor-element-populated\">\n\t\t\t\t\t\t<div class=\"elementor-element elementor-element-66f47a67 elementor-widget elementor-widget-heading\" data-id=\"66f47a67\" data-element_type=\"widget\" data-e-type=\"widget\" data-widget_type=\"heading.default\">\n\t\t\t\t<div class=\"elementor-widget-container\">\n\t\t\t\t\t<h6 class=\"elementor-heading-title elementor-size-default\">Trash bin<\/h6>\t\t\t\t<\/div>\n\t\t\t\t<\/div>\n\t\t\t\t<div class=\"elementor-element elementor-element-9db497e elementor-widget elementor-widget-button\" data-id=\"9db497e\" data-element_type=\"widget\" data-e-type=\"widget\" data-widget_type=\"button.default\">\n\t\t\t\t<div class=\"elementor-widget-container\">\n\t\t\t\t\t\t\t\t\t<div class=\"elementor-button-wrapper\">\n\t\t\t\t\t<a class=\"elementor-button elementor-button-link elementor-size-sm\" href=\"https:\/\/izvor-ka.hr\/en\/kos-za-smece\/\">\n\t\t\t\t\t\t<span class=\"elementor-button-content-wrapper\">\n\t\t\t\t\t\t\t\t\t<span class=\"elementor-button-text\">Find out more<\/span>\n\t\t\t\t\t<\/span>\n\t\t\t\t\t<\/a>\n\t\t\t\t<\/div>\n\t\t\t\t\t\t\t\t<\/div>\n\t\t\t\t<\/div>\n\t\t\t\t\t<\/div>\n\t\t<\/div>\n\t\t\t\t\t<\/div>\n\t\t<\/section>\n\t\t\t\t\t<\/div>\n\t\t<\/div>\n\t\t\t\t<div class=\"elementor-column elementor-col-33 elementor-inner-column elementor-element elementor-element-119c2f7b\" data-id=\"119c2f7b\" data-element_type=\"column\" data-e-type=\"column\">\n\t\t\t<div class=\"elementor-widget-wrap elementor-element-populated\">\n\t\t\t\t\t\t<div class=\"elementor-element elementor-element-7d9d2f54 elementor-widget elementor-widget-image\" data-id=\"7d9d2f54\" data-element_type=\"widget\" data-e-type=\"widget\" data-widget_type=\"image.default\">\n\t\t\t\t<div class=\"elementor-widget-container\">\n\t\t\t\t\t\t\t\t\t\t\t\t\t\t\t<img decoding=\"async\" width=\"800\" height=\"600\" src=\"https:\/\/izvor-ka.hr\/wp-content\/uploads\/2024\/10\/pritiskivac-1024x768.jpg\" class=\"attachment-large size-large wp-image-748\" alt=\"\" srcset=\"https:\/\/izvor-ka.hr\/wp-content\/uploads\/2024\/10\/pritiskivac-1024x768.jpg 1024w, https:\/\/izvor-ka.hr\/wp-content\/uploads\/2024\/10\/pritiskivac-600x450.jpg 600w, https:\/\/izvor-ka.hr\/wp-content\/uploads\/2024\/10\/pritiskivac-300x225.jpg 300w, https:\/\/izvor-ka.hr\/wp-content\/uploads\/2024\/10\/pritiskivac-768x576.jpg 768w, https:\/\/izvor-ka.hr\/wp-content\/uploads\/2024\/10\/pritiskivac-1536x1152.jpg 1536w, https:\/\/izvor-ka.hr\/wp-content\/uploads\/2024\/10\/pritiskivac.jpg 2016w\" sizes=\"(max-width: 800px) 100vw, 800px\" \/>\t\t\t\t\t\t\t\t\t\t\t\t\t\t\t<\/div>\n\t\t\t\t<\/div>\n\t\t\t\t<section class=\"elementor-section elementor-inner-section elementor-element elementor-element-6e7f5c6f elementor-section-boxed elementor-section-height-default elementor-section-height-default\" data-id=\"6e7f5c6f\" data-element_type=\"section\" data-e-type=\"section\">\n\t\t\t\t\t\t<div class=\"elementor-container elementor-column-gap-default\">\n\t\t\t\t\t<div class=\"elementor-column elementor-col-100 elementor-inner-column elementor-element elementor-element-41c6b248\" data-id=\"41c6b248\" data-element_type=\"column\" data-e-type=\"column\" data-settings=\"{&quot;background_background&quot;:&quot;classic&quot;}\">\n\t\t\t<div class=\"elementor-widget-wrap elementor-element-populated\">\n\t\t\t\t\t\t<div class=\"elementor-element elementor-element-25b7a21 elementor-widget elementor-widget-heading\" data-id=\"25b7a21\" data-element_type=\"widget\" data-e-type=\"widget\" data-widget_type=\"heading.default\">\n\t\t\t\t<div class=\"elementor-widget-container\">\n\t\t\t\t\t<h6 class=\"elementor-heading-title elementor-size-default\">Garbage pusher<\/h6>\t\t\t\t<\/div>\n\t\t\t\t<\/div>\n\t\t\t\t<div class=\"elementor-element elementor-element-2c512de1 elementor-widget elementor-widget-button\" data-id=\"2c512de1\" data-element_type=\"widget\" data-e-type=\"widget\" data-widget_type=\"button.default\">\n\t\t\t\t<div class=\"elementor-widget-container\">\n\t\t\t\t\t\t\t\t\t<div class=\"elementor-button-wrapper\">\n\t\t\t\t\t<a class=\"elementor-button elementor-button-link elementor-size-sm\" href=\"https:\/\/izvor-ka.hr\/en\/pritiskivac-smeca\/\">\n\t\t\t\t\t\t<span class=\"elementor-button-content-wrapper\">\n\t\t\t\t\t\t\t\t\t<span class=\"elementor-button-text\">Find out more<\/span>\n\t\t\t\t\t<\/span>\n\t\t\t\t\t<\/a>\n\t\t\t\t<\/div>\n\t\t\t\t\t\t\t\t<\/div>\n\t\t\t\t<\/div>\n\t\t\t\t\t<\/div>\n\t\t<\/div>\n\t\t\t\t\t<\/div>\n\t\t<\/section>\n\t\t\t\t\t<\/div>\n\t\t<\/div>\n\t\t\t\t<div class=\"elementor-column elementor-col-33 elementor-inner-column elementor-element elementor-element-21f487da\" data-id=\"21f487da\" data-element_type=\"column\" data-e-type=\"column\">\n\t\t\t<div class=\"elementor-widget-wrap\">\n\t\t\t\t\t\t\t<\/div>\n\t\t<\/div>\n\t\t\t\t\t<\/div>\n\t\t<\/section>\n\t\t\t\t\t<\/div>\n\t\t<\/div>\n\t\t\t\t\t<\/div>\n\t\t<\/section>\n\t\t\t\t<section class=\"elementor-section elementor-top-section elementor-element elementor-element-6c9a5c0c elementor-section-height-min-height elementor-section-boxed elementor-section-height-default elementor-section-items-middle\" data-id=\"6c9a5c0c\" data-element_type=\"section\" data-e-type=\"section\" data-settings=\"{&quot;background_background&quot;:&quot;classic&quot;}\">\n\t\t\t\t\t\t\t<div class=\"elementor-background-overlay\"><\/div>\n\t\t\t\t\t\t\t<div class=\"elementor-container elementor-column-gap-no\">\n\t\t\t\t\t<div class=\"elementor-column elementor-col-100 elementor-top-column elementor-element elementor-element-5627bc1b\" data-id=\"5627bc1b\" data-element_type=\"column\" data-e-type=\"column\">\n\t\t\t<div class=\"elementor-widget-wrap elementor-element-populated\">\n\t\t\t\t\t\t<section class=\"elementor-section elementor-inner-section elementor-element elementor-element-5e8f774b elementor-section-content-middle elementor-section-boxed elementor-section-height-default elementor-section-height-default\" data-id=\"5e8f774b\" data-element_type=\"section\" data-e-type=\"section\">\n\t\t\t\t\t\t<div class=\"elementor-container elementor-column-gap-no\">\n\t\t\t\t\t<div class=\"elementor-column elementor-col-50 elementor-inner-column elementor-element elementor-element-12d817c3 animated-slow elementor-invisible\" data-id=\"12d817c3\" data-element_type=\"column\" data-e-type=\"column\" data-settings=\"{&quot;animation&quot;:&quot;fadeInLeft&quot;}\">\n\t\t\t<div class=\"elementor-widget-wrap elementor-element-populated\">\n\t\t\t\t\t\t<div class=\"elementor-element elementor-element-448bd86 elementor-widget elementor-widget-heading\" data-id=\"448bd86\" data-element_type=\"widget\" data-e-type=\"widget\" data-widget_type=\"heading.default\">\n\t\t\t\t<div class=\"elementor-widget-container\">\n\t\t\t\t\t<h2 class=\"elementor-heading-title elementor-size-default\">You have a project for us?<\/h2>\t\t\t\t<\/div>\n\t\t\t\t<\/div>\n\t\t\t\t\t<\/div>\n\t\t<\/div>\n\t\t\t\t<div class=\"elementor-column elementor-col-50 elementor-inner-column elementor-element elementor-element-6d73a331 animated-slow elementor-invisible\" data-id=\"6d73a331\" data-element_type=\"column\" data-e-type=\"column\" data-settings=\"{&quot;animation&quot;:&quot;fadeInRight&quot;}\">\n\t\t\t<div class=\"elementor-widget-wrap elementor-element-populated\">\n\t\t\t\t\t\t<div class=\"elementor-element elementor-element-95704b elementor-align-right elementor-mobile-align-center elementor-widget elementor-widget-button\" data-id=\"95704b\" data-element_type=\"widget\" data-e-type=\"widget\" data-widget_type=\"button.default\">\n\t\t\t\t<div class=\"elementor-widget-container\">\n\t\t\t\t\t\t\t\t\t<div class=\"elementor-button-wrapper\">\n\t\t\t\t\t<a class=\"elementor-button elementor-button-link elementor-size-sm\" href=\"https:\/\/izvor-ka.hr\/en\/kontakt\/\">\n\t\t\t\t\t\t<span class=\"elementor-button-content-wrapper\">\n\t\t\t\t\t\t<span class=\"elementor-button-icon\">\n\t\t\t\t<svg aria-hidden=\"true\" class=\"e-font-icon-svg e-fas-angle-right\" viewbox=\"0 0 256 512\" xmlns=\"http:\/\/www.w3.org\/2000\/svg\"><path d=\"M224.3 273l-136 136c-9.4 9.4-24.6 9.4-33.9 0l-22.6-22.6c-9.4-9.4-9.4-24.6 0-33.9l96.4-96.4-96.4-96.4c-9.4-9.4-9.4-24.6 0-33.9L54.3 103c9.4-9.4 24.6-9.4 33.9 0l136 136c9.5 9.4 9.5 24.6.1 34z\"><\/path><\/svg>\t\t\t<\/span>\n\t\t\t\t\t\t\t\t\t<span class=\"elementor-button-text\">Contact us<\/span>\n\t\t\t\t\t<\/span>\n\t\t\t\t\t<\/a>\n\t\t\t\t<\/div>\n\t\t\t\t\t\t\t\t<\/div>\n\t\t\t\t<\/div>\n\t\t\t\t\t<\/div>\n\t\t<\/div>\n\t\t\t\t\t<\/div>\n\t\t<\/section>\n\t\t\t\t\t<\/div>\n\t\t<\/div>\n\t\t\t\t\t<\/div>\n\t\t<\/section>\n\t\t\t\t<\/div>","protected":false},"excerpt":{"rendered":"<p>Products About Utility Equipment Products from the Utility Equipment Program are designed and manufactured in accordance with the highest technical requirements and standards. The high quality of materials and workmanship guarantees longevity and stability in use in public and private spaces. Garbage bin Find out more Garbage pusher Find out more You have a project for us? Contact us<\/p>","protected":false},"author":1,"featured_media":0,"parent":0,"menu_order":0,"comment_status":"closed","ping_status":"closed","template":"elementor_header_footer","meta":{"footnotes":""},"class_list":["post-296","page","type-page","status-publish","hentry"],"yoast_head":"<!-- This site is optimized with the Yoast SEO plugin v26.9 - https:\/\/yoast.com\/product\/yoast-seo-wordpress\/ -->\n<title>Komunalna oprema - Izvor-KA<\/title>\n<meta name=\"robots\" content=\"index, follow, max-snippet:-1, max-image-preview:large, max-video-preview:-1\" \/>\n<link rel=\"canonical\" href=\"https:\/\/izvor-ka.hr\/en\/komunalna-oprema\/\" \/>\n<meta property=\"og:locale\" content=\"en_GB\" \/>\n<meta property=\"og:type\" content=\"article\" \/>\n<meta property=\"og:title\" content=\"Komunalna oprema - Izvor-KA\" \/>\n<meta property=\"og:description\" content=\"Proizvodi O komunalnoj opremi Proizvodi iz programa komunalne opreme konstruirani su i proizvedeni sukladno najvi\u0161im tehni\u010dkim zahtjevima i normama. Visoka kvaliteta materijala i izrade jam\u010di dugotrajnost i stabilnost u kori\u0161tenju na javnim i privatnim prostorima. Ko\u0161 za sme\u0107e Saznajte vi\u0161e Pritiskiva\u010d sme\u0107a Saznajte vi\u0161e Imate projekt za nas? Kontaktirajte nas\" \/>\n<meta property=\"og:url\" content=\"https:\/\/izvor-ka.hr\/en\/komunalna-oprema\/\" \/>\n<meta property=\"og:site_name\" content=\"Izvor-KA\" \/>\n<meta property=\"article:modified_time\" content=\"2024-10-17T08:36:54+00:00\" \/>\n<meta property=\"og:image\" content=\"https:\/\/izvor-ka.hr\/wp-content\/uploads\/2024\/10\/kos-1024x768.jpg\" \/>\n<meta name=\"twitter:card\" content=\"summary_large_image\" \/>\n<meta name=\"twitter:label1\" content=\"Estimated reading time\" \/>\n\t<meta name=\"twitter:data1\" content=\"1 minute\" \/>\n<script type=\"application\/ld+json\" class=\"yoast-schema-graph\">{\"@context\":\"https:\/\/schema.org\",\"@graph\":[{\"@type\":\"WebPage\",\"@id\":\"https:\/\/izvor-ka.hr\/komunalna-oprema\/\",\"url\":\"https:\/\/izvor-ka.hr\/komunalna-oprema\/\",\"name\":\"Komunalna oprema - Izvor-KA\",\"isPartOf\":{\"@id\":\"https:\/\/izvor-ka.hr\/#website\"},\"primaryImageOfPage\":{\"@id\":\"https:\/\/izvor-ka.hr\/komunalna-oprema\/#primaryimage\"},\"image\":{\"@id\":\"https:\/\/izvor-ka.hr\/komunalna-oprema\/#primaryimage\"},\"thumbnailUrl\":\"https:\/\/izvor-ka.hr\/wp-content\/uploads\/2024\/10\/kos-1024x768.jpg\",\"datePublished\":\"2024-09-16T16:31:31+00:00\",\"dateModified\":\"2024-10-17T08:36:54+00:00\",\"breadcrumb\":{\"@id\":\"https:\/\/izvor-ka.hr\/komunalna-oprema\/#breadcrumb\"},\"inLanguage\":\"en-GB\",\"potentialAction\":[{\"@type\":\"ReadAction\",\"target\":[\"https:\/\/izvor-ka.hr\/komunalna-oprema\/\"]}]},{\"@type\":\"ImageObject\",\"inLanguage\":\"en-GB\",\"@id\":\"https:\/\/izvor-ka.hr\/komunalna-oprema\/#primaryimage\",\"url\":\"https:\/\/izvor-ka.hr\/wp-content\/uploads\/2024\/10\/kos-1024x768.jpg\",\"contentUrl\":\"https:\/\/izvor-ka.hr\/wp-content\/uploads\/2024\/10\/kos-1024x768.jpg\"},{\"@type\":\"BreadcrumbList\",\"@id\":\"https:\/\/izvor-ka.hr\/komunalna-oprema\/#breadcrumb\",\"itemListElement\":[{\"@type\":\"ListItem\",\"position\":1,\"name\":\"Po\u010detna stranica\",\"item\":\"https:\/\/izvor-ka.hr\/\"},{\"@type\":\"ListItem\",\"position\":2,\"name\":\"Komunalna oprema\"}]},{\"@type\":\"WebSite\",\"@id\":\"https:\/\/izvor-ka.hr\/#website\",\"url\":\"https:\/\/izvor-ka.hr\/\",\"name\":\"Izvor-KA\",\"description\":\"\",\"publisher\":{\"@id\":\"https:\/\/izvor-ka.hr\/#organization\"},\"potentialAction\":[{\"@type\":\"SearchAction\",\"target\":{\"@type\":\"EntryPoint\",\"urlTemplate\":\"https:\/\/izvor-ka.hr\/?s={search_term_string}\"},\"query-input\":{\"@type\":\"PropertyValueSpecification\",\"valueRequired\":true,\"valueName\":\"search_term_string\"}}],\"inLanguage\":\"en-GB\"},{\"@type\":\"Organization\",\"@id\":\"https:\/\/izvor-ka.hr\/#organization\",\"name\":\"Izvor-KA\",\"url\":\"https:\/\/izvor-ka.hr\/\",\"logo\":{\"@type\":\"ImageObject\",\"inLanguage\":\"en-GB\",\"@id\":\"https:\/\/izvor-ka.hr\/#\/schema\/logo\/image\/\",\"url\":\"https:\/\/izvor-ka.hr\/wp-content\/uploads\/2024\/09\/LOGO.png\",\"contentUrl\":\"https:\/\/izvor-ka.hr\/wp-content\/uploads\/2024\/09\/LOGO.png\",\"width\":895,\"height\":188,\"caption\":\"Izvor-KA\"},\"image\":{\"@id\":\"https:\/\/izvor-ka.hr\/#\/schema\/logo\/image\/\"}}]}<\/script>\n<!-- \/ Yoast SEO plugin. -->","yoast_head_json":{"title":"Komunalna oprema - Izvor-KA","robots":{"index":"index","follow":"follow","max-snippet":"max-snippet:-1","max-image-preview":"max-image-preview:large","max-video-preview":"max-video-preview:-1"},"canonical":"https:\/\/izvor-ka.hr\/en\/komunalna-oprema\/","og_locale":"en_GB","og_type":"article","og_title":"Komunalna oprema - Izvor-KA","og_description":"Proizvodi O komunalnoj opremi Proizvodi iz programa komunalne opreme konstruirani su i proizvedeni sukladno najvi\u0161im tehni\u010dkim zahtjevima i normama. Visoka kvaliteta materijala i izrade jam\u010di dugotrajnost i stabilnost u kori\u0161tenju na javnim i privatnim prostorima. Ko\u0161 za sme\u0107e Saznajte vi\u0161e Pritiskiva\u010d sme\u0107a Saznajte vi\u0161e Imate projekt za nas? Kontaktirajte nas","og_url":"https:\/\/izvor-ka.hr\/en\/komunalna-oprema\/","og_site_name":"Izvor-KA","article_modified_time":"2024-10-17T08:36:54+00:00","og_image":[{"url":"https:\/\/izvor-ka.hr\/wp-content\/uploads\/2024\/10\/kos-1024x768.jpg","type":"","width":"","height":""}],"twitter_card":"summary_large_image","twitter_misc":{"Estimated reading time":"1 minute"},"schema":{"@context":"https:\/\/schema.org","@graph":[{"@type":"WebPage","@id":"https:\/\/izvor-ka.hr\/komunalna-oprema\/","url":"https:\/\/izvor-ka.hr\/komunalna-oprema\/","name":"Komunalna oprema - Izvor-KA","isPartOf":{"@id":"https:\/\/izvor-ka.hr\/#website"},"primaryImageOfPage":{"@id":"https:\/\/izvor-ka.hr\/komunalna-oprema\/#primaryimage"},"image":{"@id":"https:\/\/izvor-ka.hr\/komunalna-oprema\/#primaryimage"},"thumbnailUrl":"https:\/\/izvor-ka.hr\/wp-content\/uploads\/2024\/10\/kos-1024x768.jpg","datePublished":"2024-09-16T16:31:31+00:00","dateModified":"2024-10-17T08:36:54+00:00","breadcrumb":{"@id":"https:\/\/izvor-ka.hr\/komunalna-oprema\/#breadcrumb"},"inLanguage":"en-GB","potentialAction":[{"@type":"ReadAction","target":["https:\/\/izvor-ka.hr\/komunalna-oprema\/"]}]},{"@type":"ImageObject","inLanguage":"en-GB","@id":"https:\/\/izvor-ka.hr\/komunalna-oprema\/#primaryimage","url":"https:\/\/izvor-ka.hr\/wp-content\/uploads\/2024\/10\/kos-1024x768.jpg","contentUrl":"https:\/\/izvor-ka.hr\/wp-content\/uploads\/2024\/10\/kos-1024x768.jpg"},{"@type":"BreadcrumbList","@id":"https:\/\/izvor-ka.hr\/komunalna-oprema\/#breadcrumb","itemListElement":[{"@type":"ListItem","position":1,"name":"Po\u010detna stranica","item":"https:\/\/izvor-ka.hr\/"},{"@type":"ListItem","position":2,"name":"Komunalna oprema"}]},{"@type":"WebSite","@id":"https:\/\/izvor-ka.hr\/#website","url":"https:\/\/izvor-ka.hr\/","name":"Izvor-KA","description":"","publisher":{"@id":"https:\/\/izvor-ka.hr\/#organization"},"potentialAction":[{"@type":"SearchAction","target":{"@type":"EntryPoint","urlTemplate":"https:\/\/izvor-ka.hr\/?s={search_term_string}"},"query-input":{"@type":"PropertyValueSpecification","valueRequired":true,"valueName":"search_term_string"}}],"inLanguage":"en-GB"},{"@type":"Organization","@id":"https:\/\/izvor-ka.hr\/#organization","name":"Izvor-KA","url":"https:\/\/izvor-ka.hr\/","logo":{"@type":"ImageObject","inLanguage":"en-GB","@id":"https:\/\/izvor-ka.hr\/#\/schema\/logo\/image\/","url":"https:\/\/izvor-ka.hr\/wp-content\/uploads\/2024\/09\/LOGO.png","contentUrl":"https:\/\/izvor-ka.hr\/wp-content\/uploads\/2024\/09\/LOGO.png","width":895,"height":188,"caption":"Izvor-KA"},"image":{"@id":"https:\/\/izvor-ka.hr\/#\/schema\/logo\/image\/"}}]}},"jetpack_sharing_enabled":true,"_links":{"self":[{"href":"https:\/\/izvor-ka.hr\/en\/wp-json\/wp\/v2\/pages\/296","targetHints":{"allow":["GET"]}}],"collection":[{"href":"https:\/\/izvor-ka.hr\/en\/wp-json\/wp\/v2\/pages"}],"about":[{"href":"https:\/\/izvor-ka.hr\/en\/wp-json\/wp\/v2\/types\/page"}],"author":[{"embeddable":true,"href":"https:\/\/izvor-ka.hr\/en\/wp-json\/wp\/v2\/users\/1"}],"replies":[{"embeddable":true,"href":"https:\/\/izvor-ka.hr\/en\/wp-json\/wp\/v2\/comments?post=296"}],"version-history":[{"count":7,"href":"https:\/\/izvor-ka.hr\/en\/wp-json\/wp\/v2\/pages\/296\/revisions"}],"predecessor-version":[{"id":1308,"href":"https:\/\/izvor-ka.hr\/en\/wp-json\/wp\/v2\/pages\/296\/revisions\/1308"}],"wp:attachment":[{"href":"https:\/\/izvor-ka.hr\/en\/wp-json\/wp\/v2\/media?parent=296"}],"curies":[{"name":"wp","href":"https:\/\/api.w.org\/{rel}","templated":true}]}}