{"id":168,"date":"2024-09-16T16:04:47","date_gmt":"2024-09-16T14:04:47","guid":{"rendered":"https:\/\/izvor-ka.hr\/?page_id=168"},"modified":"2024-10-17T10:36:55","modified_gmt":"2024-10-17T08:36:55","slug":"plastifikacija","status":"publish","type":"page","link":"https:\/\/izvor-ka.hr\/en\/plastifikacija\/","title":{"rendered":"Plastification"},"content":{"rendered":"<div data-elementor-type=\"wp-page\" data-elementor-id=\"168\" class=\"elementor elementor-168\" data-elementor-post-type=\"page\">\n\t\t\t\t\t\t<section class=\"elementor-section elementor-top-section elementor-element elementor-element-18bb52fa elementor-section-boxed elementor-section-height-default elementor-section-height-default\" data-id=\"18bb52fa\" data-element_type=\"section\" data-e-type=\"section\" data-settings=\"{&quot;background_background&quot;:&quot;classic&quot;}\">\n\t\t\t\t\t\t\t<div class=\"elementor-background-overlay\"><\/div>\n\t\t\t\t\t\t\t<div class=\"elementor-container elementor-column-gap-default\">\n\t\t\t\t\t<div class=\"elementor-column elementor-col-100 elementor-top-column elementor-element elementor-element-473f4e62\" data-id=\"473f4e62\" data-element_type=\"column\" data-e-type=\"column\">\n\t\t\t<div class=\"elementor-widget-wrap elementor-element-populated\">\n\t\t\t\t\t\t<section class=\"elementor-section elementor-inner-section elementor-element elementor-element-7faf79e8 elementor-section-content-middle elementor-section-boxed elementor-section-height-default elementor-section-height-default\" data-id=\"7faf79e8\" data-element_type=\"section\" data-e-type=\"section\">\n\t\t\t\t\t\t<div class=\"elementor-container elementor-column-gap-no\">\n\t\t\t\t\t<div class=\"elementor-column elementor-col-50 elementor-inner-column elementor-element elementor-element-5081d240 animated-slow elementor-invisible\" data-id=\"5081d240\" data-element_type=\"column\" data-e-type=\"column\" data-settings=\"{&quot;animation&quot;:&quot;fadeInLeft&quot;}\">\n\t\t\t<div class=\"elementor-widget-wrap elementor-element-populated\">\n\t\t\t\t\t\t\t<\/div>\n\t\t<\/div>\n\t\t\t\t<div class=\"elementor-column elementor-col-50 elementor-inner-column elementor-element elementor-element-7717b6cf animated-slow elementor-invisible\" data-id=\"7717b6cf\" data-element_type=\"column\" data-e-type=\"column\" data-settings=\"{&quot;animation&quot;:&quot;fadeInRight&quot;}\">\n\t\t\t<div class=\"elementor-widget-wrap elementor-element-populated\">\n\t\t\t\t\t\t<div class=\"elementor-element elementor-element-6449c45a elementor-icon-list--layout-inline elementor-align-end elementor-mobile-align-center elementor-tablet-align-end elementor-list-item-link-full_width elementor-widget elementor-widget-icon-list\" data-id=\"6449c45a\" data-element_type=\"widget\" data-e-type=\"widget\" data-widget_type=\"icon-list.default\">\n\t\t\t\t<div class=\"elementor-widget-container\">\n\t\t\t\t\t\t\t<ul class=\"elementor-icon-list-items elementor-inline-items\">\n\t\t\t\t\t\t\t<li class=\"elementor-icon-list-item elementor-inline-item\">\n\t\t\t\t\t\t\t\t\t\t<span class=\"elementor-icon-list-text\">Services<\/span>\n\t\t\t\t\t\t\t\t\t<\/li>\n\t\t\t\t\t\t\t\t<li class=\"elementor-icon-list-item elementor-inline-item\">\n\t\t\t\t\t\t\t\t\t\t\t<span class=\"elementor-icon-list-icon\">\n\t\t\t\t\t\t\t<svg aria-hidden=\"true\" class=\"e-font-icon-svg e-fas-angle-right\" viewbox=\"0 0 256 512\" xmlns=\"http:\/\/www.w3.org\/2000\/svg\"><path d=\"M224.3 273l-136 136c-9.4 9.4-24.6 9.4-33.9 0l-22.6-22.6c-9.4-9.4-9.4-24.6 0-33.9l96.4-96.4-96.4-96.4c-9.4-9.4-9.4-24.6 0-33.9L54.3 103c9.4-9.4 24.6-9.4 33.9 0l136 136c9.5 9.4 9.5 24.6.1 34z\"><\/path><\/svg>\t\t\t\t\t\t<\/span>\n\t\t\t\t\t\t\t\t\t\t<span class=\"elementor-icon-list-text\"><\/span>\n\t\t\t\t\t\t\t\t\t<\/li>\n\t\t\t\t\t\t<\/ul>\n\t\t\t\t\t\t<\/div>\n\t\t\t\t<\/div>\n\t\t\t\t\t<\/div>\n\t\t<\/div>\n\t\t\t\t\t<\/div>\n\t\t<\/section>\n\t\t\t\t\t<\/div>\n\t\t<\/div>\n\t\t\t\t\t<\/div>\n\t\t<\/section>\n\t\t\t\t<section class=\"elementor-section elementor-top-section elementor-element elementor-element-7509f60b elementor-section-content-middle elementor-reverse-mobile elementor-section-boxed elementor-section-height-default elementor-section-height-default\" data-id=\"7509f60b\" data-element_type=\"section\" data-e-type=\"section\">\n\t\t\t\t\t\t<div class=\"elementor-container elementor-column-gap-default\">\n\t\t\t\t\t<div class=\"elementor-column elementor-col-50 elementor-top-column elementor-element elementor-element-156be50 animated-slow elementor-invisible\" data-id=\"156be50\" data-element_type=\"column\" data-e-type=\"column\" data-settings=\"{&quot;animation&quot;:&quot;fadeInLeft&quot;}\">\n\t\t\t<div class=\"elementor-widget-wrap elementor-element-populated\">\n\t\t\t\t\t\t<div class=\"elementor-element elementor-element-342e3cad elementor-widget elementor-widget-image\" data-id=\"342e3cad\" data-element_type=\"widget\" data-e-type=\"widget\" data-widget_type=\"image.default\">\n\t\t\t\t<div class=\"elementor-widget-container\">\n\t\t\t\t\t\t\t\t\t\t\t\t\t\t\t<img fetchpriority=\"high\" decoding=\"async\" width=\"800\" height=\"600\" src=\"https:\/\/izvor-ka.hr\/wp-content\/uploads\/2024\/10\/Plastifikacija-1024x768.jpeg\" class=\"attachment-large size-large wp-image-1069\" alt=\"\" srcset=\"https:\/\/izvor-ka.hr\/wp-content\/uploads\/2024\/10\/Plastifikacija-1024x768.jpeg 1024w, https:\/\/izvor-ka.hr\/wp-content\/uploads\/2024\/10\/Plastifikacija-600x450.jpeg 600w, https:\/\/izvor-ka.hr\/wp-content\/uploads\/2024\/10\/Plastifikacija-300x225.jpeg 300w, https:\/\/izvor-ka.hr\/wp-content\/uploads\/2024\/10\/Plastifikacija-768x576.jpeg 768w, https:\/\/izvor-ka.hr\/wp-content\/uploads\/2024\/10\/Plastifikacija-1536x1152.jpeg 1536w, https:\/\/izvor-ka.hr\/wp-content\/uploads\/2024\/10\/Plastifikacija.jpeg 2016w\" sizes=\"(max-width: 800px) 100vw, 800px\" \/>\t\t\t\t\t\t\t\t\t\t\t\t\t\t\t<\/div>\n\t\t\t\t<\/div>\n\t\t\t\t\t<\/div>\n\t\t<\/div>\n\t\t\t\t<div class=\"elementor-column elementor-col-50 elementor-top-column elementor-element elementor-element-1b770ce animated-slow elementor-invisible\" data-id=\"1b770ce\" data-element_type=\"column\" data-e-type=\"column\" data-settings=\"{&quot;animation&quot;:&quot;fadeInRight&quot;}\">\n\t\t\t<div class=\"elementor-widget-wrap elementor-element-populated\">\n\t\t\t\t\t\t<div class=\"elementor-element elementor-element-92dc10c elementor-widget elementor-widget-heading\" data-id=\"92dc10c\" data-element_type=\"widget\" data-e-type=\"widget\" data-widget_type=\"heading.default\">\n\t\t\t\t<div class=\"elementor-widget-container\">\n\t\t\t\t\t<h2 class=\"elementor-heading-title elementor-size-default\">Plastification<\/h2>\t\t\t\t<\/div>\n\t\t\t\t<\/div>\n\t\t\t\t<div class=\"elementor-element elementor-element-29faa3c elementor-widget elementor-widget-text-editor\" data-id=\"29faa3c\" data-element_type=\"widget\" data-e-type=\"widget\" data-widget_type=\"text-editor.default\">\n\t\t\t\t<div class=\"elementor-widget-container\">\n\t\t\t\t\t\t\t\t\t<p>As part of the plant, we have our own line for electrostatic application of \"Wagner\" powder, which protects products from corrosion in RAL color of their choice by applying the powder to the product and poly1merizing it at a certain temperature.<\/p><p>We approach each product with special care<\/p>\t\t\t\t\t\t\t\t<\/div>\n\t\t\t\t<\/div>\n\t\t\t\t\t<\/div>\n\t\t<\/div>\n\t\t\t\t\t<\/div>\n\t\t<\/section>\n\t\t\t\t<\/div>","protected":false},"excerpt":{"rendered":"<p>Services As part of the plant, we have our own electrostatic powder application line \"Wagner\", which protects products from corrosion in RAL color of their choice by applying powder to the product and poly1merizing it at a certain temperature. We approach each product with special care<\/p>","protected":false},"author":1,"featured_media":0,"parent":0,"menu_order":0,"comment_status":"closed","ping_status":"closed","template":"elementor_header_footer","meta":{"footnotes":""},"class_list":["post-168","page","type-page","status-publish","hentry"],"yoast_head":"<!-- This site is optimized with the Yoast SEO plugin v26.9 - https:\/\/yoast.com\/product\/yoast-seo-wordpress\/ -->\n<title>Plastifikacija - Izvor-KA<\/title>\n<meta name=\"robots\" content=\"index, follow, max-snippet:-1, max-image-preview:large, max-video-preview:-1\" \/>\n<link rel=\"canonical\" href=\"https:\/\/izvor-ka.hr\/en\/plastifikacija\/\" \/>\n<meta property=\"og:locale\" content=\"en_GB\" \/>\n<meta property=\"og:type\" content=\"article\" \/>\n<meta property=\"og:title\" content=\"Plastifikacija - Izvor-KA\" \/>\n<meta property=\"og:description\" content=\"Usluge U sklopu pogona posjedujemo vlastitu liniju za elektrostatsko nano\u0161enje praha \u201eWagner\u201c kojom putem nano\u0161enja praha na proizvod te poli1merizacijom istog pri odre\u0111enoj temperaturi \u0161titimo proizvode od korozije u RAL boji prema izboru. Svakom proizvodu pristupamo s posebnom pa\u017enjom\" \/>\n<meta property=\"og:url\" content=\"https:\/\/izvor-ka.hr\/en\/plastifikacija\/\" \/>\n<meta property=\"og:site_name\" content=\"Izvor-KA\" \/>\n<meta property=\"article:modified_time\" content=\"2024-10-17T08:36:55+00:00\" \/>\n<meta property=\"og:image\" content=\"https:\/\/izvor-ka.hr\/wp-content\/uploads\/2024\/10\/Plastifikacija-1024x768.jpeg\" \/>\n<meta name=\"twitter:card\" content=\"summary_large_image\" \/>\n<meta name=\"twitter:label1\" content=\"Estimated reading time\" \/>\n\t<meta name=\"twitter:data1\" content=\"1 minute\" \/>\n<script type=\"application\/ld+json\" class=\"yoast-schema-graph\">{\"@context\":\"https:\/\/schema.org\",\"@graph\":[{\"@type\":\"WebPage\",\"@id\":\"https:\/\/izvor-ka.hr\/plastifikacija\/\",\"url\":\"https:\/\/izvor-ka.hr\/plastifikacija\/\",\"name\":\"Plastifikacija - Izvor-KA\",\"isPartOf\":{\"@id\":\"https:\/\/izvor-ka.hr\/#website\"},\"primaryImageOfPage\":{\"@id\":\"https:\/\/izvor-ka.hr\/plastifikacija\/#primaryimage\"},\"image\":{\"@id\":\"https:\/\/izvor-ka.hr\/plastifikacija\/#primaryimage\"},\"thumbnailUrl\":\"https:\/\/izvor-ka.hr\/wp-content\/uploads\/2024\/10\/Plastifikacija-1024x768.jpeg\",\"datePublished\":\"2024-09-16T14:04:47+00:00\",\"dateModified\":\"2024-10-17T08:36:55+00:00\",\"breadcrumb\":{\"@id\":\"https:\/\/izvor-ka.hr\/plastifikacija\/#breadcrumb\"},\"inLanguage\":\"en-GB\",\"potentialAction\":[{\"@type\":\"ReadAction\",\"target\":[\"https:\/\/izvor-ka.hr\/plastifikacija\/\"]}]},{\"@type\":\"ImageObject\",\"inLanguage\":\"en-GB\",\"@id\":\"https:\/\/izvor-ka.hr\/plastifikacija\/#primaryimage\",\"url\":\"https:\/\/izvor-ka.hr\/wp-content\/uploads\/2024\/10\/Plastifikacija-1024x768.jpeg\",\"contentUrl\":\"https:\/\/izvor-ka.hr\/wp-content\/uploads\/2024\/10\/Plastifikacija-1024x768.jpeg\"},{\"@type\":\"BreadcrumbList\",\"@id\":\"https:\/\/izvor-ka.hr\/plastifikacija\/#breadcrumb\",\"itemListElement\":[{\"@type\":\"ListItem\",\"position\":1,\"name\":\"Po\u010detna stranica\",\"item\":\"https:\/\/izvor-ka.hr\/\"},{\"@type\":\"ListItem\",\"position\":2,\"name\":\"Plastifikacija\"}]},{\"@type\":\"WebSite\",\"@id\":\"https:\/\/izvor-ka.hr\/#website\",\"url\":\"https:\/\/izvor-ka.hr\/\",\"name\":\"Izvor-KA\",\"description\":\"\",\"publisher\":{\"@id\":\"https:\/\/izvor-ka.hr\/#organization\"},\"potentialAction\":[{\"@type\":\"SearchAction\",\"target\":{\"@type\":\"EntryPoint\",\"urlTemplate\":\"https:\/\/izvor-ka.hr\/?s={search_term_string}\"},\"query-input\":{\"@type\":\"PropertyValueSpecification\",\"valueRequired\":true,\"valueName\":\"search_term_string\"}}],\"inLanguage\":\"en-GB\"},{\"@type\":\"Organization\",\"@id\":\"https:\/\/izvor-ka.hr\/#organization\",\"name\":\"Izvor-KA\",\"url\":\"https:\/\/izvor-ka.hr\/\",\"logo\":{\"@type\":\"ImageObject\",\"inLanguage\":\"en-GB\",\"@id\":\"https:\/\/izvor-ka.hr\/#\/schema\/logo\/image\/\",\"url\":\"https:\/\/izvor-ka.hr\/wp-content\/uploads\/2024\/09\/LOGO.png\",\"contentUrl\":\"https:\/\/izvor-ka.hr\/wp-content\/uploads\/2024\/09\/LOGO.png\",\"width\":895,\"height\":188,\"caption\":\"Izvor-KA\"},\"image\":{\"@id\":\"https:\/\/izvor-ka.hr\/#\/schema\/logo\/image\/\"}}]}<\/script>\n<!-- \/ Yoast SEO plugin. -->","yoast_head_json":{"title":"Plastifikacija - Izvor-KA","robots":{"index":"index","follow":"follow","max-snippet":"max-snippet:-1","max-image-preview":"max-image-preview:large","max-video-preview":"max-video-preview:-1"},"canonical":"https:\/\/izvor-ka.hr\/en\/plastifikacija\/","og_locale":"en_GB","og_type":"article","og_title":"Plastifikacija - Izvor-KA","og_description":"Usluge U sklopu pogona posjedujemo vlastitu liniju za elektrostatsko nano\u0161enje praha \u201eWagner\u201c kojom putem nano\u0161enja praha na proizvod te poli1merizacijom istog pri odre\u0111enoj temperaturi \u0161titimo proizvode od korozije u RAL boji prema izboru. Svakom proizvodu pristupamo s posebnom pa\u017enjom","og_url":"https:\/\/izvor-ka.hr\/en\/plastifikacija\/","og_site_name":"Izvor-KA","article_modified_time":"2024-10-17T08:36:55+00:00","og_image":[{"url":"https:\/\/izvor-ka.hr\/wp-content\/uploads\/2024\/10\/Plastifikacija-1024x768.jpeg","type":"","width":"","height":""}],"twitter_card":"summary_large_image","twitter_misc":{"Estimated reading time":"1 minute"},"schema":{"@context":"https:\/\/schema.org","@graph":[{"@type":"WebPage","@id":"https:\/\/izvor-ka.hr\/plastifikacija\/","url":"https:\/\/izvor-ka.hr\/plastifikacija\/","name":"Plastifikacija - Izvor-KA","isPartOf":{"@id":"https:\/\/izvor-ka.hr\/#website"},"primaryImageOfPage":{"@id":"https:\/\/izvor-ka.hr\/plastifikacija\/#primaryimage"},"image":{"@id":"https:\/\/izvor-ka.hr\/plastifikacija\/#primaryimage"},"thumbnailUrl":"https:\/\/izvor-ka.hr\/wp-content\/uploads\/2024\/10\/Plastifikacija-1024x768.jpeg","datePublished":"2024-09-16T14:04:47+00:00","dateModified":"2024-10-17T08:36:55+00:00","breadcrumb":{"@id":"https:\/\/izvor-ka.hr\/plastifikacija\/#breadcrumb"},"inLanguage":"en-GB","potentialAction":[{"@type":"ReadAction","target":["https:\/\/izvor-ka.hr\/plastifikacija\/"]}]},{"@type":"ImageObject","inLanguage":"en-GB","@id":"https:\/\/izvor-ka.hr\/plastifikacija\/#primaryimage","url":"https:\/\/izvor-ka.hr\/wp-content\/uploads\/2024\/10\/Plastifikacija-1024x768.jpeg","contentUrl":"https:\/\/izvor-ka.hr\/wp-content\/uploads\/2024\/10\/Plastifikacija-1024x768.jpeg"},{"@type":"BreadcrumbList","@id":"https:\/\/izvor-ka.hr\/plastifikacija\/#breadcrumb","itemListElement":[{"@type":"ListItem","position":1,"name":"Po\u010detna stranica","item":"https:\/\/izvor-ka.hr\/"},{"@type":"ListItem","position":2,"name":"Plastifikacija"}]},{"@type":"WebSite","@id":"https:\/\/izvor-ka.hr\/#website","url":"https:\/\/izvor-ka.hr\/","name":"Izvor-KA","description":"","publisher":{"@id":"https:\/\/izvor-ka.hr\/#organization"},"potentialAction":[{"@type":"SearchAction","target":{"@type":"EntryPoint","urlTemplate":"https:\/\/izvor-ka.hr\/?s={search_term_string}"},"query-input":{"@type":"PropertyValueSpecification","valueRequired":true,"valueName":"search_term_string"}}],"inLanguage":"en-GB"},{"@type":"Organization","@id":"https:\/\/izvor-ka.hr\/#organization","name":"Izvor-KA","url":"https:\/\/izvor-ka.hr\/","logo":{"@type":"ImageObject","inLanguage":"en-GB","@id":"https:\/\/izvor-ka.hr\/#\/schema\/logo\/image\/","url":"https:\/\/izvor-ka.hr\/wp-content\/uploads\/2024\/09\/LOGO.png","contentUrl":"https:\/\/izvor-ka.hr\/wp-content\/uploads\/2024\/09\/LOGO.png","width":895,"height":188,"caption":"Izvor-KA"},"image":{"@id":"https:\/\/izvor-ka.hr\/#\/schema\/logo\/image\/"}}]}},"jetpack_sharing_enabled":true,"_links":{"self":[{"href":"https:\/\/izvor-ka.hr\/en\/wp-json\/wp\/v2\/pages\/168","targetHints":{"allow":["GET"]}}],"collection":[{"href":"https:\/\/izvor-ka.hr\/en\/wp-json\/wp\/v2\/pages"}],"about":[{"href":"https:\/\/izvor-ka.hr\/en\/wp-json\/wp\/v2\/types\/page"}],"author":[{"embeddable":true,"href":"https:\/\/izvor-ka.hr\/en\/wp-json\/wp\/v2\/users\/1"}],"replies":[{"embeddable":true,"href":"https:\/\/izvor-ka.hr\/en\/wp-json\/wp\/v2\/comments?post=168"}],"version-history":[{"count":19,"href":"https:\/\/izvor-ka.hr\/en\/wp-json\/wp\/v2\/pages\/168\/revisions"}],"predecessor-version":[{"id":1344,"href":"https:\/\/izvor-ka.hr\/en\/wp-json\/wp\/v2\/pages\/168\/revisions\/1344"}],"wp:attachment":[{"href":"https:\/\/izvor-ka.hr\/en\/wp-json\/wp\/v2\/media?parent=168"}],"curies":[{"name":"wp","href":"https:\/\/api.w.org\/{rel}","templated":true}]}}