{"id":1518,"date":"2024-11-06T13:13:37","date_gmt":"2024-11-06T12:13:37","guid":{"rendered":"https:\/\/izvor-ka.hr\/?post_type=product&#038;p=1518"},"modified":"2025-01-30T14:28:25","modified_gmt":"2025-01-30T13:28:25","slug":"pritiskivac-smeca","status":"publish","type":"product","link":"http:\/\/izvor-ka.hr\/sl\/izdelek\/pritiskivac-smeca\/","title":{"rendered":"Potisnik za smeti"},"content":{"rendered":"<p><strong style=\"color: #000;\">Obve\u0161\u010danje<\/strong><\/p>\n<ul>\n<li>Prakti\u010dna in enostavna re\u0161itev za pove\u010danje prostora za shranjevanje v smetnjakih.<\/li>\n<li>U\u010dinkovita re\u0161itev za var\u010devanje z zbiranjem odpadkov.<\/li>\n<li>Trdna konstrukcija, zasnovana za dolgotrajno in vsakodnevno uporabo<\/li>\n<li>Dimenzije: 905x343x85mm<\/li>\n<\/ul>\n<p>&nbsp;<\/p>\n<p><strong style=\"color: #000;\">Prednosti:<\/strong><\/p>\n<ul>\n<li>ve\u010d prostora za shranjevanje v ko\u0161u<\/li>\n<li>Zmanj\u0161anje koli\u010dine smeti<\/li>\n<li>vgrajeno dr\u017ealo za vedro<\/li>\n<li>Enostaven za uporabo<\/li>\n<li>Manj pogosto praznjenje vedra<\/li>\n<\/ul>","protected":false},"excerpt":{"rendered":"<p>Informacije Prakti\u010dna in enostavna re\u0161itev za pove\u010danje prostora za shranjevanje v smetnjakih. U\u010dinkovita re\u0161itev za var\u010devanje z zbiranjem odpadkov. Trdna konstrukcija za dolgotrajno in vsakodnevno uporabo Dimenzije: 905x343x85mm Prednosti: ve\u010d prostora za shranjevanje v ko\u0161u za smeti, s \u010dimer se zmanj\u0161a prostornina vgrajenega dr\u017eala za ko\u0161 za smeti, enostavnega za uporabo in manj pogostega praznjenja ko\u0161a za smeti<\/p>","protected":false},"featured_media":1526,"template":"","meta":[],"product_brand":[],"product_cat":[25],"product_tag":[],"class_list":{"0":"post-1518","1":"product","2":"type-product","3":"status-publish","4":"has-post-thumbnail","6":"product_cat-pritiskivac-smeca","8":"first","9":"instock","10":"taxable","11":"shipping-taxable","12":"purchasable","13":"product-type-simple"},"yoast_head":"<!-- This site is optimized with the Yoast SEO plugin v26.9 - https:\/\/yoast.com\/product\/yoast-seo-wordpress\/ -->\n<title>Pritiskiva\u010d sme\u0107a - Izvor-KA<\/title>\n<meta name=\"robots\" content=\"index, follow, max-snippet:-1, max-image-preview:large, max-video-preview:-1\" \/>\n<link rel=\"canonical\" href=\"http:\/\/izvor-ka.hr\/sl\/izdelek\/pritiskivac-smeca\/\" \/>\n<meta property=\"og:locale\" content=\"sl_SI\" \/>\n<meta property=\"og:type\" content=\"article\" \/>\n<meta property=\"og:title\" content=\"Pritiskiva\u010d sme\u0107a - Izvor-KA\" \/>\n<meta property=\"og:description\" content=\"Informacije Prakti\u010dno i jednostavno rje\u0161enje za pove\u0107anje prostora za odlaganje u kantama za sme\u0107e. U\u010dinkovito rje\u0161enje za \u0161tednju odvoza otpada. \u010cvrsta konstrukcija predvi\u0111ena za dugotrajno i svakodnevno kori\u0161tenje Dimenzije: 905x343x85mm &nbsp; Prednosti: vi\u0161e prostora za odlaganje u kanti smanjenje volumena sme\u0107a ugra\u0111en dr\u017ea\u010d za kantu jednostavna uporaba rje\u0111e pra\u017enjenje kante\" \/>\n<meta property=\"og:url\" content=\"http:\/\/izvor-ka.hr\/sl\/izdelek\/pritiskivac-smeca\/\" \/>\n<meta property=\"og:site_name\" content=\"Izvor-KA\" \/>\n<meta property=\"article:modified_time\" content=\"2025-01-30T13:28:25+00:00\" \/>\n<meta property=\"og:image\" content=\"https:\/\/izvor-ka.hr\/wp-content\/uploads\/2024\/11\/filip.media-8-of-16-scaled.jpg\" \/>\n\t<meta property=\"og:image:width\" content=\"2560\" \/>\n\t<meta property=\"og:image:height\" content=\"1707\" \/>\n\t<meta property=\"og:image:type\" content=\"image\/jpeg\" \/>\n<meta name=\"twitter:card\" content=\"summary_large_image\" \/>\n<meta name=\"twitter:label1\" content=\"Est. reading time\" \/>\n\t<meta name=\"twitter:data1\" content=\"1 minuta\" \/>\n<script type=\"application\/ld+json\" class=\"yoast-schema-graph\">{\"@context\":\"https:\/\/schema.org\",\"@graph\":[{\"@type\":\"WebPage\",\"@id\":\"https:\/\/izvor-ka.hr\/proizvod\/pritiskivac-smeca\/\",\"url\":\"https:\/\/izvor-ka.hr\/proizvod\/pritiskivac-smeca\/\",\"name\":\"Pritiskiva\u010d sme\u0107a - Izvor-KA\",\"isPartOf\":{\"@id\":\"https:\/\/izvor-ka.hr\/#website\"},\"primaryImageOfPage\":{\"@id\":\"https:\/\/izvor-ka.hr\/proizvod\/pritiskivac-smeca\/#primaryimage\"},\"image\":{\"@id\":\"https:\/\/izvor-ka.hr\/proizvod\/pritiskivac-smeca\/#primaryimage\"},\"thumbnailUrl\":\"https:\/\/izvor-ka.hr\/wp-content\/uploads\/2024\/11\/filip.media-8-of-16-scaled.jpg\",\"datePublished\":\"2024-11-06T12:13:37+00:00\",\"dateModified\":\"2025-01-30T13:28:25+00:00\",\"breadcrumb\":{\"@id\":\"https:\/\/izvor-ka.hr\/proizvod\/pritiskivac-smeca\/#breadcrumb\"},\"inLanguage\":\"sl-SI\",\"potentialAction\":[{\"@type\":\"ReadAction\",\"target\":[\"https:\/\/izvor-ka.hr\/proizvod\/pritiskivac-smeca\/\"]}]},{\"@type\":\"ImageObject\",\"inLanguage\":\"sl-SI\",\"@id\":\"https:\/\/izvor-ka.hr\/proizvod\/pritiskivac-smeca\/#primaryimage\",\"url\":\"https:\/\/izvor-ka.hr\/wp-content\/uploads\/2024\/11\/filip.media-8-of-16-scaled.jpg\",\"contentUrl\":\"https:\/\/izvor-ka.hr\/wp-content\/uploads\/2024\/11\/filip.media-8-of-16-scaled.jpg\",\"width\":2560,\"height\":1707},{\"@type\":\"BreadcrumbList\",\"@id\":\"https:\/\/izvor-ka.hr\/proizvod\/pritiskivac-smeca\/#breadcrumb\",\"itemListElement\":[{\"@type\":\"ListItem\",\"position\":1,\"name\":\"Po\u010detna stranica\",\"item\":\"https:\/\/izvor-ka.hr\/\"},{\"@type\":\"ListItem\",\"position\":2,\"name\":\"Trgovina\",\"item\":\"https:\/\/izvor-ka.hr\/trgovina\/\"},{\"@type\":\"ListItem\",\"position\":3,\"name\":\"Pritiskiva\u010d sme\u0107a\"}]},{\"@type\":\"WebSite\",\"@id\":\"https:\/\/izvor-ka.hr\/#website\",\"url\":\"https:\/\/izvor-ka.hr\/\",\"name\":\"Izvor-KA\",\"description\":\"\",\"publisher\":{\"@id\":\"https:\/\/izvor-ka.hr\/#organization\"},\"potentialAction\":[{\"@type\":\"SearchAction\",\"target\":{\"@type\":\"EntryPoint\",\"urlTemplate\":\"https:\/\/izvor-ka.hr\/?s={search_term_string}\"},\"query-input\":{\"@type\":\"PropertyValueSpecification\",\"valueRequired\":true,\"valueName\":\"search_term_string\"}}],\"inLanguage\":\"sl-SI\"},{\"@type\":\"Organization\",\"@id\":\"https:\/\/izvor-ka.hr\/#organization\",\"name\":\"Izvor-KA\",\"url\":\"https:\/\/izvor-ka.hr\/\",\"logo\":{\"@type\":\"ImageObject\",\"inLanguage\":\"sl-SI\",\"@id\":\"https:\/\/izvor-ka.hr\/#\/schema\/logo\/image\/\",\"url\":\"https:\/\/izvor-ka.hr\/wp-content\/uploads\/2024\/09\/LOGO.png\",\"contentUrl\":\"https:\/\/izvor-ka.hr\/wp-content\/uploads\/2024\/09\/LOGO.png\",\"width\":895,\"height\":188,\"caption\":\"Izvor-KA\"},\"image\":{\"@id\":\"https:\/\/izvor-ka.hr\/#\/schema\/logo\/image\/\"}}]}<\/script>\n<!-- \/ Yoast SEO plugin. -->","yoast_head_json":{"title":"Pritiskiva\u010d sme\u0107a - Izvor-KA","robots":{"index":"index","follow":"follow","max-snippet":"max-snippet:-1","max-image-preview":"max-image-preview:large","max-video-preview":"max-video-preview:-1"},"canonical":"http:\/\/izvor-ka.hr\/sl\/izdelek\/pritiskivac-smeca\/","og_locale":"sl_SI","og_type":"article","og_title":"Pritiskiva\u010d sme\u0107a - Izvor-KA","og_description":"Informacije Prakti\u010dno i jednostavno rje\u0161enje za pove\u0107anje prostora za odlaganje u kantama za sme\u0107e. U\u010dinkovito rje\u0161enje za \u0161tednju odvoza otpada. \u010cvrsta konstrukcija predvi\u0111ena za dugotrajno i svakodnevno kori\u0161tenje Dimenzije: 905x343x85mm &nbsp; Prednosti: vi\u0161e prostora za odlaganje u kanti smanjenje volumena sme\u0107a ugra\u0111en dr\u017ea\u010d za kantu jednostavna uporaba rje\u0111e pra\u017enjenje kante","og_url":"http:\/\/izvor-ka.hr\/sl\/izdelek\/pritiskivac-smeca\/","og_site_name":"Izvor-KA","article_modified_time":"2025-01-30T13:28:25+00:00","og_image":[{"width":2560,"height":1707,"url":"https:\/\/izvor-ka.hr\/wp-content\/uploads\/2024\/11\/filip.media-8-of-16-scaled.jpg","type":"image\/jpeg"}],"twitter_card":"summary_large_image","twitter_misc":{"Est. reading time":"1 minuta"},"schema":{"@context":"https:\/\/schema.org","@graph":[{"@type":"WebPage","@id":"https:\/\/izvor-ka.hr\/proizvod\/pritiskivac-smeca\/","url":"https:\/\/izvor-ka.hr\/proizvod\/pritiskivac-smeca\/","name":"Pritiskiva\u010d sme\u0107a - Izvor-KA","isPartOf":{"@id":"https:\/\/izvor-ka.hr\/#website"},"primaryImageOfPage":{"@id":"https:\/\/izvor-ka.hr\/proizvod\/pritiskivac-smeca\/#primaryimage"},"image":{"@id":"https:\/\/izvor-ka.hr\/proizvod\/pritiskivac-smeca\/#primaryimage"},"thumbnailUrl":"https:\/\/izvor-ka.hr\/wp-content\/uploads\/2024\/11\/filip.media-8-of-16-scaled.jpg","datePublished":"2024-11-06T12:13:37+00:00","dateModified":"2025-01-30T13:28:25+00:00","breadcrumb":{"@id":"https:\/\/izvor-ka.hr\/proizvod\/pritiskivac-smeca\/#breadcrumb"},"inLanguage":"sl-SI","potentialAction":[{"@type":"ReadAction","target":["https:\/\/izvor-ka.hr\/proizvod\/pritiskivac-smeca\/"]}]},{"@type":"ImageObject","inLanguage":"sl-SI","@id":"https:\/\/izvor-ka.hr\/proizvod\/pritiskivac-smeca\/#primaryimage","url":"https:\/\/izvor-ka.hr\/wp-content\/uploads\/2024\/11\/filip.media-8-of-16-scaled.jpg","contentUrl":"https:\/\/izvor-ka.hr\/wp-content\/uploads\/2024\/11\/filip.media-8-of-16-scaled.jpg","width":2560,"height":1707},{"@type":"BreadcrumbList","@id":"https:\/\/izvor-ka.hr\/proizvod\/pritiskivac-smeca\/#breadcrumb","itemListElement":[{"@type":"ListItem","position":1,"name":"Po\u010detna stranica","item":"https:\/\/izvor-ka.hr\/"},{"@type":"ListItem","position":2,"name":"Trgovina","item":"https:\/\/izvor-ka.hr\/trgovina\/"},{"@type":"ListItem","position":3,"name":"Pritiskiva\u010d sme\u0107a"}]},{"@type":"WebSite","@id":"https:\/\/izvor-ka.hr\/#website","url":"https:\/\/izvor-ka.hr\/","name":"Izvor-KA","description":"","publisher":{"@id":"https:\/\/izvor-ka.hr\/#organization"},"potentialAction":[{"@type":"SearchAction","target":{"@type":"EntryPoint","urlTemplate":"https:\/\/izvor-ka.hr\/?s={search_term_string}"},"query-input":{"@type":"PropertyValueSpecification","valueRequired":true,"valueName":"search_term_string"}}],"inLanguage":"sl-SI"},{"@type":"Organization","@id":"https:\/\/izvor-ka.hr\/#organization","name":"Izvor-KA","url":"https:\/\/izvor-ka.hr\/","logo":{"@type":"ImageObject","inLanguage":"sl-SI","@id":"https:\/\/izvor-ka.hr\/#\/schema\/logo\/image\/","url":"https:\/\/izvor-ka.hr\/wp-content\/uploads\/2024\/09\/LOGO.png","contentUrl":"https:\/\/izvor-ka.hr\/wp-content\/uploads\/2024\/09\/LOGO.png","width":895,"height":188,"caption":"Izvor-KA"},"image":{"@id":"https:\/\/izvor-ka.hr\/#\/schema\/logo\/image\/"}}]}},"jetpack_sharing_enabled":true,"_links":{"self":[{"href":"http:\/\/izvor-ka.hr\/sl\/wp-json\/wp\/v2\/product\/1518","targetHints":{"allow":["GET"]}}],"collection":[{"href":"http:\/\/izvor-ka.hr\/sl\/wp-json\/wp\/v2\/product"}],"about":[{"href":"http:\/\/izvor-ka.hr\/sl\/wp-json\/wp\/v2\/types\/product"}],"wp:featuredmedia":[{"embeddable":true,"href":"http:\/\/izvor-ka.hr\/sl\/wp-json\/wp\/v2\/media\/1526"}],"wp:attachment":[{"href":"http:\/\/izvor-ka.hr\/sl\/wp-json\/wp\/v2\/media?parent=1518"}],"wp:term":[{"taxonomy":"product_brand","embeddable":true,"href":"http:\/\/izvor-ka.hr\/sl\/wp-json\/wp\/v2\/product_brand?post=1518"},{"taxonomy":"product_cat","embeddable":true,"href":"http:\/\/izvor-ka.hr\/sl\/wp-json\/wp\/v2\/product_cat?post=1518"},{"taxonomy":"product_tag","embeddable":true,"href":"http:\/\/izvor-ka.hr\/sl\/wp-json\/wp\/v2\/product_tag?post=1518"}],"curies":[{"name":"wp","href":"https:\/\/api.w.org\/{rel}","templated":true}]}}