{"id":170,"date":"2024-09-16T16:05:09","date_gmt":"2024-09-16T14:05:09","guid":{"rendered":"https:\/\/izvor-ka.hr\/?page_id=170"},"modified":"2024-10-17T10:36:54","modified_gmt":"2024-10-17T08:36:54","slug":"montaza","status":"publish","type":"page","link":"http:\/\/izvor-ka.hr\/sl\/montaza\/","title":{"rendered":"Monta\u017ea"},"content":{"rendered":"<div data-elementor-type=\"wp-page\" data-elementor-id=\"170\" class=\"elementor elementor-170\" data-elementor-post-type=\"page\">\n\t\t\t\t\t\t<section class=\"elementor-section elementor-top-section elementor-element elementor-element-77cda84f elementor-section-boxed elementor-section-height-default elementor-section-height-default\" data-id=\"77cda84f\" data-element_type=\"section\" data-e-type=\"section\" data-settings=\"{&quot;background_background&quot;:&quot;classic&quot;}\">\n\t\t\t\t\t\t\t<div class=\"elementor-background-overlay\"><\/div>\n\t\t\t\t\t\t\t<div class=\"elementor-container elementor-column-gap-default\">\n\t\t\t\t\t<div class=\"elementor-column elementor-col-100 elementor-top-column elementor-element elementor-element-322b4feb\" data-id=\"322b4feb\" data-element_type=\"column\" data-e-type=\"column\">\n\t\t\t<div class=\"elementor-widget-wrap elementor-element-populated\">\n\t\t\t\t\t\t<section class=\"elementor-section elementor-inner-section elementor-element elementor-element-3ba08d51 elementor-section-content-middle elementor-section-boxed elementor-section-height-default elementor-section-height-default\" data-id=\"3ba08d51\" data-element_type=\"section\" data-e-type=\"section\">\n\t\t\t\t\t\t<div class=\"elementor-container elementor-column-gap-no\">\n\t\t\t\t\t<div class=\"elementor-column elementor-col-50 elementor-inner-column elementor-element elementor-element-4c487eb5 animated-slow elementor-invisible\" data-id=\"4c487eb5\" data-element_type=\"column\" data-e-type=\"column\" data-settings=\"{&quot;animation&quot;:&quot;fadeInLeft&quot;}\">\n\t\t\t<div class=\"elementor-widget-wrap elementor-element-populated\">\n\t\t\t\t\t\t\t<\/div>\n\t\t<\/div>\n\t\t\t\t<div class=\"elementor-column elementor-col-50 elementor-inner-column elementor-element elementor-element-33fce17 animated-slow elementor-invisible\" data-id=\"33fce17\" data-element_type=\"column\" data-e-type=\"column\" data-settings=\"{&quot;animation&quot;:&quot;fadeInRight&quot;}\">\n\t\t\t<div class=\"elementor-widget-wrap elementor-element-populated\">\n\t\t\t\t\t\t<div class=\"elementor-element elementor-element-121343a8 elementor-icon-list--layout-inline elementor-align-end elementor-mobile-align-center elementor-tablet-align-end elementor-list-item-link-full_width elementor-widget elementor-widget-icon-list\" data-id=\"121343a8\" data-element_type=\"widget\" data-e-type=\"widget\" data-widget_type=\"icon-list.default\">\n\t\t\t\t<div class=\"elementor-widget-container\">\n\t\t\t\t\t\t\t<ul class=\"elementor-icon-list-items elementor-inline-items\">\n\t\t\t\t\t\t\t<li class=\"elementor-icon-list-item elementor-inline-item\">\n\t\t\t\t\t\t\t\t\t\t<span class=\"elementor-icon-list-text\">Storitve<\/span>\n\t\t\t\t\t\t\t\t\t<\/li>\n\t\t\t\t\t\t\t\t<li class=\"elementor-icon-list-item elementor-inline-item\">\n\t\t\t\t\t\t\t\t\t\t\t<span class=\"elementor-icon-list-icon\">\n\t\t\t\t\t\t\t<svg aria-hidden=\"true\" class=\"e-font-icon-svg e-fas-angle-right\" viewbox=\"0 0 256 512\" xmlns=\"http:\/\/www.w3.org\/2000\/svg\"><path d=\"M224.3 273l-136 136c-9.4 9.4-24.6 9.4-33.9 0l-22.6-22.6c-9.4-9.4-9.4-24.6 0-33.9l96.4-96.4-96.4-96.4c-9.4-9.4-9.4-24.6 0-33.9L54.3 103c9.4-9.4 24.6-9.4 33.9 0l136 136c9.5 9.4 9.5 24.6.1 34z\"><\/path><\/svg>\t\t\t\t\t\t<\/span>\n\t\t\t\t\t\t\t\t\t\t<span class=\"elementor-icon-list-text\"><\/span>\n\t\t\t\t\t\t\t\t\t<\/li>\n\t\t\t\t\t\t<\/ul>\n\t\t\t\t\t\t<\/div>\n\t\t\t\t<\/div>\n\t\t\t\t\t<\/div>\n\t\t<\/div>\n\t\t\t\t\t<\/div>\n\t\t<\/section>\n\t\t\t\t\t<\/div>\n\t\t<\/div>\n\t\t\t\t\t<\/div>\n\t\t<\/section>\n\t\t\t\t<section class=\"elementor-section elementor-top-section elementor-element elementor-element-713698ca elementor-section-content-middle elementor-reverse-mobile elementor-section-boxed elementor-section-height-default elementor-section-height-default\" data-id=\"713698ca\" data-element_type=\"section\" data-e-type=\"section\">\n\t\t\t\t\t\t<div class=\"elementor-container elementor-column-gap-default\">\n\t\t\t\t\t<div class=\"elementor-column elementor-col-50 elementor-top-column elementor-element elementor-element-5122fb3d animated-slow elementor-invisible\" data-id=\"5122fb3d\" data-element_type=\"column\" data-e-type=\"column\" data-settings=\"{&quot;animation&quot;:&quot;fadeInLeft&quot;}\">\n\t\t\t<div class=\"elementor-widget-wrap elementor-element-populated\">\n\t\t\t\t\t\t<div class=\"elementor-element elementor-element-6c369e8e elementor-widget elementor-widget-image\" data-id=\"6c369e8e\" data-element_type=\"widget\" data-e-type=\"widget\" data-widget_type=\"image.default\">\n\t\t\t\t<div class=\"elementor-widget-container\">\n\t\t\t\t\t\t\t\t\t\t\t\t\t\t\t<img fetchpriority=\"high\" decoding=\"async\" width=\"800\" height=\"464\" src=\"https:\/\/izvor-ka.hr\/wp-content\/uploads\/2024\/10\/Montaza-1024x594.jpg\" class=\"attachment-large size-large wp-image-1070\" alt=\"\" srcset=\"https:\/\/izvor-ka.hr\/wp-content\/uploads\/2024\/10\/Montaza-1024x594.jpg 1024w, https:\/\/izvor-ka.hr\/wp-content\/uploads\/2024\/10\/Montaza-scaled-600x348.jpg 600w, https:\/\/izvor-ka.hr\/wp-content\/uploads\/2024\/10\/Montaza-300x174.jpg 300w, https:\/\/izvor-ka.hr\/wp-content\/uploads\/2024\/10\/Montaza-768x445.jpg 768w, https:\/\/izvor-ka.hr\/wp-content\/uploads\/2024\/10\/Montaza-1536x891.jpg 1536w, https:\/\/izvor-ka.hr\/wp-content\/uploads\/2024\/10\/Montaza-2048x1188.jpg 2048w\" sizes=\"(max-width: 800px) 100vw, 800px\" \/>\t\t\t\t\t\t\t\t\t\t\t\t\t\t\t<\/div>\n\t\t\t\t<\/div>\n\t\t\t\t\t<\/div>\n\t\t<\/div>\n\t\t\t\t<div class=\"elementor-column elementor-col-50 elementor-top-column elementor-element elementor-element-73c36a4 animated-slow elementor-invisible\" data-id=\"73c36a4\" data-element_type=\"column\" data-e-type=\"column\" data-settings=\"{&quot;animation&quot;:&quot;fadeInRight&quot;}\">\n\t\t\t<div class=\"elementor-widget-wrap elementor-element-populated\">\n\t\t\t\t\t\t<div class=\"elementor-element elementor-element-2cc0225 elementor-widget elementor-widget-heading\" data-id=\"2cc0225\" data-element_type=\"widget\" data-e-type=\"widget\" data-widget_type=\"heading.default\">\n\t\t\t\t<div class=\"elementor-widget-container\">\n\t\t\t\t\t<h2 class=\"elementor-heading-title elementor-size-default\">Monta\u017ea<\/h2>\t\t\t\t<\/div>\n\t\t\t\t<\/div>\n\t\t\t\t<div class=\"elementor-element elementor-element-0c4051c elementor-widget elementor-widget-text-editor\" data-id=\"0c4051c\" data-element_type=\"widget\" data-e-type=\"widget\" data-widget_type=\"text-editor.default\">\n\t\t\t\t<div class=\"elementor-widget-container\">\n\t\t\t\t\t\t\t\t\t<p>Strokovno in kakovostno izvajamo monta\u017eo na\u0161ih izdelkov na celotnem ozemlju Republike Hrva\u0161ke, pa tudi v dr\u017eavah regije in Evropske unije. Na\u0161i usposobljeni in izurjeni zaposleni bodo profesionalno in profesionalno poskrbeli za to, da bo va\u0161 izdelek postavljen in implementiran s polno funkcionalnostjo.<\/p><p>Brez dvomov in skrbi nas kontaktirajte z zaupanjem.<\/p>\t\t\t\t\t\t\t\t<\/div>\n\t\t\t\t<\/div>\n\t\t\t\t\t<\/div>\n\t\t<\/div>\n\t\t\t\t\t<\/div>\n\t\t<\/section>\n\t\t\t\t<\/div>","protected":false},"excerpt":{"rendered":"<p>Storitve Strokovno in kakovostno izvajamo monta\u017eo na\u0161ih izdelkov v celotni Republiki Hrva\u0161ki, pa tudi v dr\u017eavah regije in Evropske unije. Na\u0161i usposobljeni in izurjeni zaposleni bodo profesionalno in profesionalno poskrbeli za to, da bo va\u0161 izdelek postavljen in implementiran s polno funkcionalnostjo. Brez kakr\u0161nih koli dvomov ali skrbi se obrnite na nas [...]<\/p>","protected":false},"author":1,"featured_media":0,"parent":0,"menu_order":0,"comment_status":"closed","ping_status":"closed","template":"elementor_header_footer","meta":{"footnotes":""},"class_list":["post-170","page","type-page","status-publish","hentry"],"yoast_head":"<!-- This site is optimized with the Yoast SEO plugin v26.9 - https:\/\/yoast.com\/product\/yoast-seo-wordpress\/ -->\n<title>Monta\u017ea - Izvor-KA<\/title>\n<meta name=\"robots\" content=\"index, follow, max-snippet:-1, max-image-preview:large, max-video-preview:-1\" \/>\n<link rel=\"canonical\" href=\"http:\/\/izvor-ka.hr\/sl\/montaza\/\" \/>\n<meta property=\"og:locale\" content=\"sl_SI\" \/>\n<meta property=\"og:type\" content=\"article\" \/>\n<meta property=\"og:title\" content=\"Monta\u017ea - Izvor-KA\" \/>\n<meta property=\"og:description\" content=\"Usluge Stru\u010dno i kvalitetno izvodimo monta\u017ee na\u0161ih proizvoda na podru\u010dju cijele Republike Hrvatske, kao i zemalja regije i Europske unije. Na\u0161i kvalificirani i \u0161kolovani djelatnici stru\u010dno i profesionalno \u0107e se s najve\u0107om pa\u017enjom usmjerenom na detalje pobrinuti se da Va\u0161 proizvod bude postavljen i implementiran s punom funkcionalno\u0161\u0107u. Bez ikakvih sumnji i briga obratite nam [&hellip;]\" \/>\n<meta property=\"og:url\" content=\"http:\/\/izvor-ka.hr\/sl\/montaza\/\" \/>\n<meta property=\"og:site_name\" content=\"Izvor-KA\" \/>\n<meta property=\"article:modified_time\" content=\"2024-10-17T08:36:54+00:00\" \/>\n<meta property=\"og:image\" content=\"https:\/\/izvor-ka.hr\/wp-content\/uploads\/2024\/10\/Montaza-1024x594.jpg\" \/>\n<meta name=\"twitter:card\" content=\"summary_large_image\" \/>\n<meta name=\"twitter:label1\" content=\"Est. reading time\" \/>\n\t<meta name=\"twitter:data1\" content=\"1 minuta\" \/>\n<script type=\"application\/ld+json\" class=\"yoast-schema-graph\">{\"@context\":\"https:\/\/schema.org\",\"@graph\":[{\"@type\":\"WebPage\",\"@id\":\"https:\/\/izvor-ka.hr\/montaza\/\",\"url\":\"https:\/\/izvor-ka.hr\/montaza\/\",\"name\":\"Monta\u017ea - Izvor-KA\",\"isPartOf\":{\"@id\":\"https:\/\/izvor-ka.hr\/#website\"},\"primaryImageOfPage\":{\"@id\":\"https:\/\/izvor-ka.hr\/montaza\/#primaryimage\"},\"image\":{\"@id\":\"https:\/\/izvor-ka.hr\/montaza\/#primaryimage\"},\"thumbnailUrl\":\"https:\/\/izvor-ka.hr\/wp-content\/uploads\/2024\/10\/Montaza-1024x594.jpg\",\"datePublished\":\"2024-09-16T14:05:09+00:00\",\"dateModified\":\"2024-10-17T08:36:54+00:00\",\"breadcrumb\":{\"@id\":\"https:\/\/izvor-ka.hr\/montaza\/#breadcrumb\"},\"inLanguage\":\"sl-SI\",\"potentialAction\":[{\"@type\":\"ReadAction\",\"target\":[\"https:\/\/izvor-ka.hr\/montaza\/\"]}]},{\"@type\":\"ImageObject\",\"inLanguage\":\"sl-SI\",\"@id\":\"https:\/\/izvor-ka.hr\/montaza\/#primaryimage\",\"url\":\"https:\/\/izvor-ka.hr\/wp-content\/uploads\/2024\/10\/Montaza-1024x594.jpg\",\"contentUrl\":\"https:\/\/izvor-ka.hr\/wp-content\/uploads\/2024\/10\/Montaza-1024x594.jpg\"},{\"@type\":\"BreadcrumbList\",\"@id\":\"https:\/\/izvor-ka.hr\/montaza\/#breadcrumb\",\"itemListElement\":[{\"@type\":\"ListItem\",\"position\":1,\"name\":\"Po\u010detna stranica\",\"item\":\"https:\/\/izvor-ka.hr\/\"},{\"@type\":\"ListItem\",\"position\":2,\"name\":\"Monta\u017ea\"}]},{\"@type\":\"WebSite\",\"@id\":\"https:\/\/izvor-ka.hr\/#website\",\"url\":\"https:\/\/izvor-ka.hr\/\",\"name\":\"Izvor-KA\",\"description\":\"\",\"publisher\":{\"@id\":\"https:\/\/izvor-ka.hr\/#organization\"},\"potentialAction\":[{\"@type\":\"SearchAction\",\"target\":{\"@type\":\"EntryPoint\",\"urlTemplate\":\"https:\/\/izvor-ka.hr\/?s={search_term_string}\"},\"query-input\":{\"@type\":\"PropertyValueSpecification\",\"valueRequired\":true,\"valueName\":\"search_term_string\"}}],\"inLanguage\":\"sl-SI\"},{\"@type\":\"Organization\",\"@id\":\"https:\/\/izvor-ka.hr\/#organization\",\"name\":\"Izvor-KA\",\"url\":\"https:\/\/izvor-ka.hr\/\",\"logo\":{\"@type\":\"ImageObject\",\"inLanguage\":\"sl-SI\",\"@id\":\"https:\/\/izvor-ka.hr\/#\/schema\/logo\/image\/\",\"url\":\"https:\/\/izvor-ka.hr\/wp-content\/uploads\/2024\/09\/LOGO.png\",\"contentUrl\":\"https:\/\/izvor-ka.hr\/wp-content\/uploads\/2024\/09\/LOGO.png\",\"width\":895,\"height\":188,\"caption\":\"Izvor-KA\"},\"image\":{\"@id\":\"https:\/\/izvor-ka.hr\/#\/schema\/logo\/image\/\"}}]}<\/script>\n<!-- \/ Yoast SEO plugin. -->","yoast_head_json":{"title":"Monta\u017ea - Izvor-KA","robots":{"index":"index","follow":"follow","max-snippet":"max-snippet:-1","max-image-preview":"max-image-preview:large","max-video-preview":"max-video-preview:-1"},"canonical":"http:\/\/izvor-ka.hr\/sl\/montaza\/","og_locale":"sl_SI","og_type":"article","og_title":"Monta\u017ea - Izvor-KA","og_description":"Usluge Stru\u010dno i kvalitetno izvodimo monta\u017ee na\u0161ih proizvoda na podru\u010dju cijele Republike Hrvatske, kao i zemalja regije i Europske unije. Na\u0161i kvalificirani i \u0161kolovani djelatnici stru\u010dno i profesionalno \u0107e se s najve\u0107om pa\u017enjom usmjerenom na detalje pobrinuti se da Va\u0161 proizvod bude postavljen i implementiran s punom funkcionalno\u0161\u0107u. Bez ikakvih sumnji i briga obratite nam [&hellip;]","og_url":"http:\/\/izvor-ka.hr\/sl\/montaza\/","og_site_name":"Izvor-KA","article_modified_time":"2024-10-17T08:36:54+00:00","og_image":[{"url":"https:\/\/izvor-ka.hr\/wp-content\/uploads\/2024\/10\/Montaza-1024x594.jpg","type":"","width":"","height":""}],"twitter_card":"summary_large_image","twitter_misc":{"Est. reading time":"1 minuta"},"schema":{"@context":"https:\/\/schema.org","@graph":[{"@type":"WebPage","@id":"https:\/\/izvor-ka.hr\/montaza\/","url":"https:\/\/izvor-ka.hr\/montaza\/","name":"Monta\u017ea - Izvor-KA","isPartOf":{"@id":"https:\/\/izvor-ka.hr\/#website"},"primaryImageOfPage":{"@id":"https:\/\/izvor-ka.hr\/montaza\/#primaryimage"},"image":{"@id":"https:\/\/izvor-ka.hr\/montaza\/#primaryimage"},"thumbnailUrl":"https:\/\/izvor-ka.hr\/wp-content\/uploads\/2024\/10\/Montaza-1024x594.jpg","datePublished":"2024-09-16T14:05:09+00:00","dateModified":"2024-10-17T08:36:54+00:00","breadcrumb":{"@id":"https:\/\/izvor-ka.hr\/montaza\/#breadcrumb"},"inLanguage":"sl-SI","potentialAction":[{"@type":"ReadAction","target":["https:\/\/izvor-ka.hr\/montaza\/"]}]},{"@type":"ImageObject","inLanguage":"sl-SI","@id":"https:\/\/izvor-ka.hr\/montaza\/#primaryimage","url":"https:\/\/izvor-ka.hr\/wp-content\/uploads\/2024\/10\/Montaza-1024x594.jpg","contentUrl":"https:\/\/izvor-ka.hr\/wp-content\/uploads\/2024\/10\/Montaza-1024x594.jpg"},{"@type":"BreadcrumbList","@id":"https:\/\/izvor-ka.hr\/montaza\/#breadcrumb","itemListElement":[{"@type":"ListItem","position":1,"name":"Po\u010detna stranica","item":"https:\/\/izvor-ka.hr\/"},{"@type":"ListItem","position":2,"name":"Monta\u017ea"}]},{"@type":"WebSite","@id":"https:\/\/izvor-ka.hr\/#website","url":"https:\/\/izvor-ka.hr\/","name":"Izvor-KA","description":"","publisher":{"@id":"https:\/\/izvor-ka.hr\/#organization"},"potentialAction":[{"@type":"SearchAction","target":{"@type":"EntryPoint","urlTemplate":"https:\/\/izvor-ka.hr\/?s={search_term_string}"},"query-input":{"@type":"PropertyValueSpecification","valueRequired":true,"valueName":"search_term_string"}}],"inLanguage":"sl-SI"},{"@type":"Organization","@id":"https:\/\/izvor-ka.hr\/#organization","name":"Izvor-KA","url":"https:\/\/izvor-ka.hr\/","logo":{"@type":"ImageObject","inLanguage":"sl-SI","@id":"https:\/\/izvor-ka.hr\/#\/schema\/logo\/image\/","url":"https:\/\/izvor-ka.hr\/wp-content\/uploads\/2024\/09\/LOGO.png","contentUrl":"https:\/\/izvor-ka.hr\/wp-content\/uploads\/2024\/09\/LOGO.png","width":895,"height":188,"caption":"Izvor-KA"},"image":{"@id":"https:\/\/izvor-ka.hr\/#\/schema\/logo\/image\/"}}]}},"jetpack_sharing_enabled":true,"_links":{"self":[{"href":"http:\/\/izvor-ka.hr\/sl\/wp-json\/wp\/v2\/pages\/170","targetHints":{"allow":["GET"]}}],"collection":[{"href":"http:\/\/izvor-ka.hr\/sl\/wp-json\/wp\/v2\/pages"}],"about":[{"href":"http:\/\/izvor-ka.hr\/sl\/wp-json\/wp\/v2\/types\/page"}],"author":[{"embeddable":true,"href":"http:\/\/izvor-ka.hr\/sl\/wp-json\/wp\/v2\/users\/1"}],"replies":[{"embeddable":true,"href":"http:\/\/izvor-ka.hr\/sl\/wp-json\/wp\/v2\/comments?post=170"}],"version-history":[{"count":23,"href":"http:\/\/izvor-ka.hr\/sl\/wp-json\/wp\/v2\/pages\/170\/revisions"}],"predecessor-version":[{"id":1350,"href":"http:\/\/izvor-ka.hr\/sl\/wp-json\/wp\/v2\/pages\/170\/revisions\/1350"}],"wp:attachment":[{"href":"http:\/\/izvor-ka.hr\/sl\/wp-json\/wp\/v2\/media?parent=170"}],"curies":[{"name":"wp","href":"https:\/\/api.w.org\/{rel}","templated":true}]}}