{"id":163,"date":"2024-09-16T16:03:40","date_gmt":"2024-09-16T14:03:40","guid":{"rendered":"https:\/\/izvor-ka.hr\/?page_id=163"},"modified":"2024-10-17T10:36:55","modified_gmt":"2024-10-17T08:36:55","slug":"ocuvanje-okolisa","status":"publish","type":"page","link":"http:\/\/izvor-ka.hr\/sl\/ocuvanje-okolisa\/","title":{"rendered":"Ohranjanje okolja"},"content":{"rendered":"<div data-elementor-type=\"wp-page\" data-elementor-id=\"163\" class=\"elementor elementor-163\" data-elementor-post-type=\"page\">\n\t\t\t\t\t\t<section class=\"elementor-section elementor-top-section elementor-element elementor-element-64190127 elementor-section-boxed elementor-section-height-default elementor-section-height-default\" data-id=\"64190127\" data-element_type=\"section\" data-e-type=\"section\" data-settings=\"{&quot;background_background&quot;:&quot;classic&quot;}\">\n\t\t\t\t\t\t\t<div class=\"elementor-background-overlay\"><\/div>\n\t\t\t\t\t\t\t<div class=\"elementor-container elementor-column-gap-default\">\n\t\t\t\t\t<div class=\"elementor-column elementor-col-100 elementor-top-column elementor-element elementor-element-2f5a6bc6\" data-id=\"2f5a6bc6\" data-element_type=\"column\" data-e-type=\"column\">\n\t\t\t<div class=\"elementor-widget-wrap elementor-element-populated\">\n\t\t\t\t\t\t<section class=\"elementor-section elementor-inner-section elementor-element elementor-element-61aed224 elementor-section-content-middle elementor-section-boxed elementor-section-height-default elementor-section-height-default\" data-id=\"61aed224\" data-element_type=\"section\" data-e-type=\"section\">\n\t\t\t\t\t\t<div class=\"elementor-container elementor-column-gap-no\">\n\t\t\t\t\t<div class=\"elementor-column elementor-col-50 elementor-inner-column elementor-element elementor-element-31e48902 animated-slow elementor-invisible\" data-id=\"31e48902\" data-element_type=\"column\" data-e-type=\"column\" data-settings=\"{&quot;animation&quot;:&quot;fadeInLeft&quot;}\">\n\t\t\t<div class=\"elementor-widget-wrap elementor-element-populated\">\n\t\t\t\t\t\t\t<\/div>\n\t\t<\/div>\n\t\t\t\t<div class=\"elementor-column elementor-col-50 elementor-inner-column elementor-element elementor-element-723ea636 animated-slow elementor-invisible\" data-id=\"723ea636\" data-element_type=\"column\" data-e-type=\"column\" data-settings=\"{&quot;animation&quot;:&quot;fadeInRight&quot;}\">\n\t\t\t<div class=\"elementor-widget-wrap elementor-element-populated\">\n\t\t\t\t\t\t<div class=\"elementor-element elementor-element-5591af59 elementor-icon-list--layout-inline elementor-align-end elementor-mobile-align-center elementor-tablet-align-end elementor-list-item-link-full_width elementor-widget elementor-widget-icon-list\" data-id=\"5591af59\" data-element_type=\"widget\" data-e-type=\"widget\" data-widget_type=\"icon-list.default\">\n\t\t\t\t<div class=\"elementor-widget-container\">\n\t\t\t\t\t\t\t<ul class=\"elementor-icon-list-items elementor-inline-items\">\n\t\t\t\t\t\t\t<li class=\"elementor-icon-list-item elementor-inline-item\">\n\t\t\t\t\t\t\t\t\t\t<span class=\"elementor-icon-list-text\">O nas<\/span>\n\t\t\t\t\t\t\t\t\t<\/li>\n\t\t\t\t\t\t\t\t<li class=\"elementor-icon-list-item elementor-inline-item\">\n\t\t\t\t\t\t\t\t\t\t\t<span class=\"elementor-icon-list-icon\">\n\t\t\t\t\t\t\t<svg aria-hidden=\"true\" class=\"e-font-icon-svg e-fas-angle-right\" viewbox=\"0 0 256 512\" xmlns=\"http:\/\/www.w3.org\/2000\/svg\"><path d=\"M224.3 273l-136 136c-9.4 9.4-24.6 9.4-33.9 0l-22.6-22.6c-9.4-9.4-9.4-24.6 0-33.9l96.4-96.4-96.4-96.4c-9.4-9.4-9.4-24.6 0-33.9L54.3 103c9.4-9.4 24.6-9.4 33.9 0l136 136c9.5 9.4 9.5 24.6.1 34z\"><\/path><\/svg>\t\t\t\t\t\t<\/span>\n\t\t\t\t\t\t\t\t\t\t<span class=\"elementor-icon-list-text\"><\/span>\n\t\t\t\t\t\t\t\t\t<\/li>\n\t\t\t\t\t\t<\/ul>\n\t\t\t\t\t\t<\/div>\n\t\t\t\t<\/div>\n\t\t\t\t\t<\/div>\n\t\t<\/div>\n\t\t\t\t\t<\/div>\n\t\t<\/section>\n\t\t\t\t\t<\/div>\n\t\t<\/div>\n\t\t\t\t\t<\/div>\n\t\t<\/section>\n\t\t\t\t<section class=\"elementor-section elementor-top-section elementor-element elementor-element-58a0f25f elementor-section-boxed elementor-section-height-default elementor-section-height-default\" data-id=\"58a0f25f\" data-element_type=\"section\" data-e-type=\"section\">\n\t\t\t\t\t\t<div class=\"elementor-container elementor-column-gap-default\">\n\t\t\t\t\t<div class=\"elementor-column elementor-col-50 elementor-top-column elementor-element elementor-element-4cf44bc3 animated-slow elementor-invisible\" data-id=\"4cf44bc3\" data-element_type=\"column\" data-e-type=\"column\" data-settings=\"{&quot;animation&quot;:&quot;fadeInLeft&quot;}\">\n\t\t\t<div class=\"elementor-widget-wrap elementor-element-populated\">\n\t\t\t\t\t\t<div class=\"elementor-element elementor-element-72bd12c elementor-view-default elementor-widget elementor-widget-icon\" data-id=\"72bd12c\" data-element_type=\"widget\" data-e-type=\"widget\" data-widget_type=\"icon.default\">\n\t\t\t\t<div class=\"elementor-widget-container\">\n\t\t\t\t\t\t\t<div class=\"elementor-icon-wrapper\">\n\t\t\t<div class=\"elementor-icon\">\n\t\t\t<svg aria-hidden=\"true\" class=\"e-font-icon-svg e-fas-globe-africa\" viewbox=\"0 0 496 512\" xmlns=\"http:\/\/www.w3.org\/2000\/svg\"><path d=\"M248 8C111.03 8 0 119.03 0 256s111.03 248 248 248 248-111.03 248-248S384.97 8 248 8zm160 215.5v6.93c0 5.87-3.32 11.24-8.57 13.86l-15.39 7.7a15.485 15.485 0 0 1-15.53-.97l-18.21-12.14a15.52 15.52 0 0 0-13.5-1.81l-2.65.88c-9.7 3.23-13.66 14.79-7.99 23.3l13.24 19.86c2.87 4.31 7.71 6.9 12.89 6.9h8.21c8.56 0 15.5 6.94 15.5 15.5v11.34c0 3.35-1.09 6.62-3.1 9.3l-18.74 24.98c-1.42 1.9-2.39 4.1-2.83 6.43l-4.3 22.83c-.62 3.29-2.29 6.29-4.76 8.56a159.608 159.608 0 0 0-25 29.16l-13.03 19.55a27.756 27.756 0 0 1-23.09 12.36c-10.51 0-20.12-5.94-24.82-15.34a78.902 78.902 0 0 1-8.33-35.29V367.5c0-8.56-6.94-15.5-15.5-15.5h-25.88c-14.49 0-28.38-5.76-38.63-16a54.659 54.659 0 0 1-16-38.63v-14.06c0-17.19 8.1-33.38 21.85-43.7l27.58-20.69a54.663 54.663 0 0 1 32.78-10.93h.89c8.48 0 16.85 1.97 24.43 5.77l14.72 7.36c3.68 1.84 7.93 2.14 11.83.84l47.31-15.77c6.33-2.11 10.6-8.03 10.6-14.7 0-8.56-6.94-15.5-15.5-15.5h-10.09c-4.11 0-8.05-1.63-10.96-4.54l-6.92-6.92a15.493 15.493 0 0 0-10.96-4.54H199.5c-8.56 0-15.5-6.94-15.5-15.5v-4.4c0-7.11 4.84-13.31 11.74-15.04l14.45-3.61c3.74-.94 7-3.23 9.14-6.44l8.08-12.11c2.87-4.31 7.71-6.9 12.89-6.9h24.21c8.56 0 15.5-6.94 15.5-15.5v-21.7C359.23 71.63 422.86 131.02 441.93 208H423.5c-8.56 0-15.5 6.94-15.5 15.5z\"><\/path><\/svg>\t\t\t<\/div>\n\t\t<\/div>\n\t\t\t\t\t\t<\/div>\n\t\t\t\t<\/div>\n\t\t\t\t<div class=\"elementor-element elementor-element-245b9009 elementor-widget elementor-widget-heading\" data-id=\"245b9009\" data-element_type=\"widget\" data-e-type=\"widget\" data-widget_type=\"heading.default\">\n\t\t\t\t<div class=\"elementor-widget-container\">\n\t\t\t\t\t<h2 class=\"elementor-heading-title elementor-size-default\">Kako varujemo okolje?<\/h2>\t\t\t\t<\/div>\n\t\t\t\t<\/div>\n\t\t\t\t\t<\/div>\n\t\t<\/div>\n\t\t\t\t<div class=\"elementor-column elementor-col-50 elementor-top-column elementor-element elementor-element-62f036d animated-slow elementor-invisible\" data-id=\"62f036d\" data-element_type=\"column\" data-e-type=\"column\" data-settings=\"{&quot;animation&quot;:&quot;fadeInRight&quot;}\">\n\t\t\t<div class=\"elementor-widget-wrap elementor-element-populated\">\n\t\t\t\t\t\t<div class=\"elementor-element elementor-element-a62876d elementor-widget elementor-widget-text-editor\" data-id=\"a62876d\" data-element_type=\"widget\" data-e-type=\"widget\" data-widget_type=\"text-editor.default\">\n\t\t\t\t<div class=\"elementor-widget-container\">\n\t\t\t\t\t\t\t\t\t<p>S stalnim spremljanjem proizvodnega procesa in njegovo uskladitvijo s pozitivnimi zakonskimi predpisi skrbimo za varstvo in ohranjanje okolja. Skozi vse faze dela in dejavnosti, od razvoja in proizvodnje do prodaje in monta\u017ee pri na\u0161ih kupcih, sistemati\u010dno skrbimo za okolje in se prilagajamo trajnostnemu razvoju lokalne in \u0161ir\u0161e skupnosti.<\/p><p>Vsi na\u0161i izdelki so v celoti prilagojeni sistemu ravnanja z odpadki, ki temelji na prepre\u010devanju nastajanja odpadkov in vzpostavitvi u\u010dinkovitega sistema lo\u010denega zbiranja ustrezno predelanih odpadkov.<\/p>\t\t\t\t\t\t\t\t<\/div>\n\t\t\t\t<\/div>\n\t\t\t\t\t<\/div>\n\t\t<\/div>\n\t\t\t\t\t<\/div>\n\t\t<\/section>\n\t\t\t\t<\/div>","protected":false},"excerpt":{"rendered":"<p>Kako ohranjamo okolje? S stalnim spremljanjem proizvodnega procesa in njegovo uskladitvijo s pozitivnimi zakonskimi predpisi skrbimo za varstvo in ohranjanje okolja. Skozi vse faze dela in dejavnosti, od razvoja in proizvodnje do prodaje in monta\u017ee pri na\u0161ih kupcih, sistemati\u010dno skrbimo za okolje in se prilagajamo trajnostnemu razvoju lokalne in \u0161ir\u0161e skupnosti. Vsi [...]<\/p>","protected":false},"author":1,"featured_media":0,"parent":0,"menu_order":0,"comment_status":"closed","ping_status":"closed","template":"elementor_header_footer","meta":{"footnotes":""},"class_list":["post-163","page","type-page","status-publish","hentry"],"yoast_head":"<!-- This site is optimized with the Yoast SEO plugin v26.9 - https:\/\/yoast.com\/product\/yoast-seo-wordpress\/ -->\n<title>O\u010duvanje okoli\u0161a - Izvor-KA<\/title>\n<meta name=\"robots\" content=\"index, follow, max-snippet:-1, max-image-preview:large, max-video-preview:-1\" \/>\n<link rel=\"canonical\" href=\"http:\/\/izvor-ka.hr\/sl\/ocuvanje-okolisa\/\" \/>\n<meta property=\"og:locale\" content=\"sl_SI\" \/>\n<meta property=\"og:type\" content=\"article\" \/>\n<meta property=\"og:title\" content=\"O\u010duvanje okoli\u0161a - Izvor-KA\" \/>\n<meta property=\"og:description\" content=\"O nama Kako \u010duvamo okoli\u0161? Provode\u0107i stalno pra\u0107enje proizvodnog procesa i uskla\u0111uju\u0107i ga sa pozitivnim zakonskim propisima brinemo se za za\u0161titu i o\u010duvanje okoli\u0161a. Kroz sve faze rada i djelovanja, od razvoja i proizvodnje do prodaje i monta\u017ee kod na\u0161ih kupaca, sustavno brinemo o okoli\u0161u i prilago\u0111avamo se odr\u017eivom razvoju lokalne i \u0161ire zajednice. Svi [&hellip;]\" \/>\n<meta property=\"og:url\" content=\"http:\/\/izvor-ka.hr\/sl\/ocuvanje-okolisa\/\" \/>\n<meta property=\"og:site_name\" content=\"Izvor-KA\" \/>\n<meta property=\"article:modified_time\" content=\"2024-10-17T08:36:55+00:00\" \/>\n<meta name=\"twitter:card\" content=\"summary_large_image\" \/>\n<meta name=\"twitter:label1\" content=\"Est. reading time\" \/>\n\t<meta name=\"twitter:data1\" content=\"1 minuta\" \/>\n<script type=\"application\/ld+json\" class=\"yoast-schema-graph\">{\"@context\":\"https:\/\/schema.org\",\"@graph\":[{\"@type\":\"WebPage\",\"@id\":\"https:\/\/izvor-ka.hr\/ocuvanje-okolisa\/\",\"url\":\"https:\/\/izvor-ka.hr\/ocuvanje-okolisa\/\",\"name\":\"O\u010duvanje okoli\u0161a - Izvor-KA\",\"isPartOf\":{\"@id\":\"https:\/\/izvor-ka.hr\/#website\"},\"datePublished\":\"2024-09-16T14:03:40+00:00\",\"dateModified\":\"2024-10-17T08:36:55+00:00\",\"breadcrumb\":{\"@id\":\"https:\/\/izvor-ka.hr\/ocuvanje-okolisa\/#breadcrumb\"},\"inLanguage\":\"sl-SI\",\"potentialAction\":[{\"@type\":\"ReadAction\",\"target\":[\"https:\/\/izvor-ka.hr\/ocuvanje-okolisa\/\"]}]},{\"@type\":\"BreadcrumbList\",\"@id\":\"https:\/\/izvor-ka.hr\/ocuvanje-okolisa\/#breadcrumb\",\"itemListElement\":[{\"@type\":\"ListItem\",\"position\":1,\"name\":\"Po\u010detna stranica\",\"item\":\"https:\/\/izvor-ka.hr\/\"},{\"@type\":\"ListItem\",\"position\":2,\"name\":\"O\u010duvanje okoli\u0161a\"}]},{\"@type\":\"WebSite\",\"@id\":\"https:\/\/izvor-ka.hr\/#website\",\"url\":\"https:\/\/izvor-ka.hr\/\",\"name\":\"Izvor-KA\",\"description\":\"\",\"publisher\":{\"@id\":\"https:\/\/izvor-ka.hr\/#organization\"},\"potentialAction\":[{\"@type\":\"SearchAction\",\"target\":{\"@type\":\"EntryPoint\",\"urlTemplate\":\"https:\/\/izvor-ka.hr\/?s={search_term_string}\"},\"query-input\":{\"@type\":\"PropertyValueSpecification\",\"valueRequired\":true,\"valueName\":\"search_term_string\"}}],\"inLanguage\":\"sl-SI\"},{\"@type\":\"Organization\",\"@id\":\"https:\/\/izvor-ka.hr\/#organization\",\"name\":\"Izvor-KA\",\"url\":\"https:\/\/izvor-ka.hr\/\",\"logo\":{\"@type\":\"ImageObject\",\"inLanguage\":\"sl-SI\",\"@id\":\"https:\/\/izvor-ka.hr\/#\/schema\/logo\/image\/\",\"url\":\"https:\/\/izvor-ka.hr\/wp-content\/uploads\/2024\/09\/LOGO.png\",\"contentUrl\":\"https:\/\/izvor-ka.hr\/wp-content\/uploads\/2024\/09\/LOGO.png\",\"width\":895,\"height\":188,\"caption\":\"Izvor-KA\"},\"image\":{\"@id\":\"https:\/\/izvor-ka.hr\/#\/schema\/logo\/image\/\"}}]}<\/script>\n<!-- \/ Yoast SEO plugin. -->","yoast_head_json":{"title":"O\u010duvanje okoli\u0161a - Izvor-KA","robots":{"index":"index","follow":"follow","max-snippet":"max-snippet:-1","max-image-preview":"max-image-preview:large","max-video-preview":"max-video-preview:-1"},"canonical":"http:\/\/izvor-ka.hr\/sl\/ocuvanje-okolisa\/","og_locale":"sl_SI","og_type":"article","og_title":"O\u010duvanje okoli\u0161a - Izvor-KA","og_description":"O nama Kako \u010duvamo okoli\u0161? Provode\u0107i stalno pra\u0107enje proizvodnog procesa i uskla\u0111uju\u0107i ga sa pozitivnim zakonskim propisima brinemo se za za\u0161titu i o\u010duvanje okoli\u0161a. Kroz sve faze rada i djelovanja, od razvoja i proizvodnje do prodaje i monta\u017ee kod na\u0161ih kupaca, sustavno brinemo o okoli\u0161u i prilago\u0111avamo se odr\u017eivom razvoju lokalne i \u0161ire zajednice. Svi [&hellip;]","og_url":"http:\/\/izvor-ka.hr\/sl\/ocuvanje-okolisa\/","og_site_name":"Izvor-KA","article_modified_time":"2024-10-17T08:36:55+00:00","twitter_card":"summary_large_image","twitter_misc":{"Est. reading time":"1 minuta"},"schema":{"@context":"https:\/\/schema.org","@graph":[{"@type":"WebPage","@id":"https:\/\/izvor-ka.hr\/ocuvanje-okolisa\/","url":"https:\/\/izvor-ka.hr\/ocuvanje-okolisa\/","name":"O\u010duvanje okoli\u0161a - Izvor-KA","isPartOf":{"@id":"https:\/\/izvor-ka.hr\/#website"},"datePublished":"2024-09-16T14:03:40+00:00","dateModified":"2024-10-17T08:36:55+00:00","breadcrumb":{"@id":"https:\/\/izvor-ka.hr\/ocuvanje-okolisa\/#breadcrumb"},"inLanguage":"sl-SI","potentialAction":[{"@type":"ReadAction","target":["https:\/\/izvor-ka.hr\/ocuvanje-okolisa\/"]}]},{"@type":"BreadcrumbList","@id":"https:\/\/izvor-ka.hr\/ocuvanje-okolisa\/#breadcrumb","itemListElement":[{"@type":"ListItem","position":1,"name":"Po\u010detna stranica","item":"https:\/\/izvor-ka.hr\/"},{"@type":"ListItem","position":2,"name":"O\u010duvanje okoli\u0161a"}]},{"@type":"WebSite","@id":"https:\/\/izvor-ka.hr\/#website","url":"https:\/\/izvor-ka.hr\/","name":"Izvor-KA","description":"","publisher":{"@id":"https:\/\/izvor-ka.hr\/#organization"},"potentialAction":[{"@type":"SearchAction","target":{"@type":"EntryPoint","urlTemplate":"https:\/\/izvor-ka.hr\/?s={search_term_string}"},"query-input":{"@type":"PropertyValueSpecification","valueRequired":true,"valueName":"search_term_string"}}],"inLanguage":"sl-SI"},{"@type":"Organization","@id":"https:\/\/izvor-ka.hr\/#organization","name":"Izvor-KA","url":"https:\/\/izvor-ka.hr\/","logo":{"@type":"ImageObject","inLanguage":"sl-SI","@id":"https:\/\/izvor-ka.hr\/#\/schema\/logo\/image\/","url":"https:\/\/izvor-ka.hr\/wp-content\/uploads\/2024\/09\/LOGO.png","contentUrl":"https:\/\/izvor-ka.hr\/wp-content\/uploads\/2024\/09\/LOGO.png","width":895,"height":188,"caption":"Izvor-KA"},"image":{"@id":"https:\/\/izvor-ka.hr\/#\/schema\/logo\/image\/"}}]}},"jetpack_sharing_enabled":true,"_links":{"self":[{"href":"http:\/\/izvor-ka.hr\/sl\/wp-json\/wp\/v2\/pages\/163","targetHints":{"allow":["GET"]}}],"collection":[{"href":"http:\/\/izvor-ka.hr\/sl\/wp-json\/wp\/v2\/pages"}],"about":[{"href":"http:\/\/izvor-ka.hr\/sl\/wp-json\/wp\/v2\/types\/page"}],"author":[{"embeddable":true,"href":"http:\/\/izvor-ka.hr\/sl\/wp-json\/wp\/v2\/users\/1"}],"replies":[{"embeddable":true,"href":"http:\/\/izvor-ka.hr\/sl\/wp-json\/wp\/v2\/comments?post=163"}],"version-history":[{"count":19,"href":"http:\/\/izvor-ka.hr\/sl\/wp-json\/wp\/v2\/pages\/163\/revisions"}],"predecessor-version":[{"id":1366,"href":"http:\/\/izvor-ka.hr\/sl\/wp-json\/wp\/v2\/pages\/163\/revisions\/1366"}],"wp:attachment":[{"href":"http:\/\/izvor-ka.hr\/sl\/wp-json\/wp\/v2\/media?parent=163"}],"curies":[{"name":"wp","href":"https:\/\/api.w.org\/{rel}","templated":true}]}}