{"id":157,"date":"2024-09-16T16:02:50","date_gmt":"2024-09-16T14:02:50","guid":{"rendered":"https:\/\/izvor-ka.hr\/?page_id=157"},"modified":"2024-10-17T10:36:55","modified_gmt":"2024-10-17T08:36:55","slug":"vizija-i-misija","status":"publish","type":"page","link":"http:\/\/izvor-ka.hr\/sl\/vizija-i-misija\/","title":{"rendered":"Vizija in poslanstvo"},"content":{"rendered":"<div data-elementor-type=\"wp-page\" data-elementor-id=\"157\" class=\"elementor elementor-157\" data-elementor-post-type=\"page\">\n\t\t\t\t\t\t<section class=\"elementor-section elementor-top-section elementor-element elementor-element-3cb97148 elementor-section-boxed elementor-section-height-default elementor-section-height-default\" data-id=\"3cb97148\" data-element_type=\"section\" data-e-type=\"section\" data-settings=\"{&quot;background_background&quot;:&quot;classic&quot;}\">\n\t\t\t\t\t\t\t<div class=\"elementor-background-overlay\"><\/div>\n\t\t\t\t\t\t\t<div class=\"elementor-container elementor-column-gap-default\">\n\t\t\t\t\t<div class=\"elementor-column elementor-col-100 elementor-top-column elementor-element elementor-element-4a0e788c\" data-id=\"4a0e788c\" data-element_type=\"column\" data-e-type=\"column\">\n\t\t\t<div class=\"elementor-widget-wrap elementor-element-populated\">\n\t\t\t\t\t\t<section class=\"elementor-section elementor-inner-section elementor-element elementor-element-3e5786e8 elementor-section-content-middle elementor-section-boxed elementor-section-height-default elementor-section-height-default\" data-id=\"3e5786e8\" data-element_type=\"section\" data-e-type=\"section\">\n\t\t\t\t\t\t<div class=\"elementor-container elementor-column-gap-no\">\n\t\t\t\t\t<div class=\"elementor-column elementor-col-50 elementor-inner-column elementor-element elementor-element-66cdafd8 animated-slow elementor-invisible\" data-id=\"66cdafd8\" data-element_type=\"column\" data-e-type=\"column\" data-settings=\"{&quot;animation&quot;:&quot;fadeInLeft&quot;}\">\n\t\t\t<div class=\"elementor-widget-wrap elementor-element-populated\">\n\t\t\t\t\t\t\t<\/div>\n\t\t<\/div>\n\t\t\t\t<div class=\"elementor-column elementor-col-50 elementor-inner-column elementor-element elementor-element-6cfede6 animated-slow elementor-invisible\" data-id=\"6cfede6\" data-element_type=\"column\" data-e-type=\"column\" data-settings=\"{&quot;animation&quot;:&quot;fadeInRight&quot;}\">\n\t\t\t<div class=\"elementor-widget-wrap elementor-element-populated\">\n\t\t\t\t\t\t<div class=\"elementor-element elementor-element-5ddbe213 elementor-icon-list--layout-inline elementor-align-end elementor-mobile-align-center elementor-tablet-align-end elementor-list-item-link-full_width elementor-widget elementor-widget-icon-list\" data-id=\"5ddbe213\" data-element_type=\"widget\" data-e-type=\"widget\" data-widget_type=\"icon-list.default\">\n\t\t\t\t<div class=\"elementor-widget-container\">\n\t\t\t\t\t\t\t<ul class=\"elementor-icon-list-items elementor-inline-items\">\n\t\t\t\t\t\t\t<li class=\"elementor-icon-list-item elementor-inline-item\">\n\t\t\t\t\t\t\t\t\t\t<span class=\"elementor-icon-list-text\">O nas<\/span>\n\t\t\t\t\t\t\t\t\t<\/li>\n\t\t\t\t\t\t\t\t<li class=\"elementor-icon-list-item elementor-inline-item\">\n\t\t\t\t\t\t\t\t\t\t\t<span class=\"elementor-icon-list-icon\">\n\t\t\t\t\t\t\t<svg aria-hidden=\"true\" class=\"e-font-icon-svg e-fas-angle-right\" viewbox=\"0 0 256 512\" xmlns=\"http:\/\/www.w3.org\/2000\/svg\"><path d=\"M224.3 273l-136 136c-9.4 9.4-24.6 9.4-33.9 0l-22.6-22.6c-9.4-9.4-9.4-24.6 0-33.9l96.4-96.4-96.4-96.4c-9.4-9.4-9.4-24.6 0-33.9L54.3 103c9.4-9.4 24.6-9.4 33.9 0l136 136c9.5 9.4 9.5 24.6.1 34z\"><\/path><\/svg>\t\t\t\t\t\t<\/span>\n\t\t\t\t\t\t\t\t\t\t<span class=\"elementor-icon-list-text\"><\/span>\n\t\t\t\t\t\t\t\t\t<\/li>\n\t\t\t\t\t\t<\/ul>\n\t\t\t\t\t\t<\/div>\n\t\t\t\t<\/div>\n\t\t\t\t\t<\/div>\n\t\t<\/div>\n\t\t\t\t\t<\/div>\n\t\t<\/section>\n\t\t\t\t\t<\/div>\n\t\t<\/div>\n\t\t\t\t\t<\/div>\n\t\t<\/section>\n\t\t\t\t<section class=\"elementor-section elementor-top-section elementor-element elementor-element-cb6753e elementor-section-content-middle elementor-reverse-mobile elementor-section-boxed elementor-section-height-default elementor-section-height-default\" data-id=\"cb6753e\" data-element_type=\"section\" data-e-type=\"section\">\n\t\t\t\t\t\t<div class=\"elementor-container elementor-column-gap-default\">\n\t\t\t\t\t<div class=\"elementor-column elementor-col-50 elementor-top-column elementor-element elementor-element-68cb0a87 animated-slow elementor-invisible\" data-id=\"68cb0a87\" data-element_type=\"column\" data-e-type=\"column\" data-settings=\"{&quot;animation&quot;:&quot;fadeInLeft&quot;}\">\n\t\t\t<div class=\"elementor-widget-wrap elementor-element-populated\">\n\t\t\t\t\t\t<div class=\"elementor-element elementor-element-f530f33 elementor-widget elementor-widget-image\" data-id=\"f530f33\" data-element_type=\"widget\" data-e-type=\"widget\" data-widget_type=\"image.default\">\n\t\t\t\t<div class=\"elementor-widget-container\">\n\t\t\t\t\t\t\t\t\t\t\t\t\t\t\t<img fetchpriority=\"high\" decoding=\"async\" width=\"800\" height=\"600\" src=\"https:\/\/izvor-ka.hr\/wp-content\/uploads\/2024\/10\/20230420_140847-1-1024x768.jpg\" class=\"attachment-large size-large wp-image-789\" alt=\"\" srcset=\"https:\/\/izvor-ka.hr\/wp-content\/uploads\/2024\/10\/20230420_140847-1-1024x768.jpg 1024w, https:\/\/izvor-ka.hr\/wp-content\/uploads\/2024\/10\/20230420_140847-1-scaled-600x450.jpg 600w, https:\/\/izvor-ka.hr\/wp-content\/uploads\/2024\/10\/20230420_140847-1-300x225.jpg 300w, https:\/\/izvor-ka.hr\/wp-content\/uploads\/2024\/10\/20230420_140847-1-768x576.jpg 768w, https:\/\/izvor-ka.hr\/wp-content\/uploads\/2024\/10\/20230420_140847-1-1536x1152.jpg 1536w, https:\/\/izvor-ka.hr\/wp-content\/uploads\/2024\/10\/20230420_140847-1-2048x1536.jpg 2048w\" sizes=\"(max-width: 800px) 100vw, 800px\" \/>\t\t\t\t\t\t\t\t\t\t\t\t\t\t\t<\/div>\n\t\t\t\t<\/div>\n\t\t\t\t\t<\/div>\n\t\t<\/div>\n\t\t\t\t<div class=\"elementor-column elementor-col-50 elementor-top-column elementor-element elementor-element-c821956 animated-slow elementor-invisible\" data-id=\"c821956\" data-element_type=\"column\" data-e-type=\"column\" data-settings=\"{&quot;animation&quot;:&quot;fadeInRight&quot;}\">\n\t\t\t<div class=\"elementor-widget-wrap elementor-element-populated\">\n\t\t\t\t\t\t<div class=\"elementor-element elementor-element-2174db3 elementor-widget elementor-widget-heading\" data-id=\"2174db3\" data-element_type=\"widget\" data-e-type=\"widget\" data-widget_type=\"heading.default\">\n\t\t\t\t<div class=\"elementor-widget-container\">\n\t\t\t\t\t<h2 class=\"elementor-heading-title elementor-size-default\">Na\u0161a vizija<\/h2>\t\t\t\t<\/div>\n\t\t\t\t<\/div>\n\t\t\t\t<div class=\"elementor-element elementor-element-431f215 elementor-widget elementor-widget-text-editor\" data-id=\"431f215\" data-element_type=\"widget\" data-e-type=\"widget\" data-widget_type=\"text-editor.default\">\n\t\t\t\t<div class=\"elementor-widget-container\">\n\t\t\t\t\t\t\t\t\t<p>Na\u0161a vizija je nadaljevati z jasno vizijo nenehne krepitve polo\u017eaja blagovne znamke Izvor-KA na trgu. Vzdr\u017eevanje in nadaljnji razvoj zasnove, funkcionalnosti in trajnostnih re\u0161itev na\u0161ih izdelkov. S svojim znanjem in bogatimi izku\u0161njami nam je uspelo tr\u017eiti na\u0161e izdelke preko meja na\u0161e dr\u017eave po vsej Evropi. Da bi spremljali stalen tehnolo\u0161ki napredek in izbolj\u0161evali tehnolo\u0161ke procese v podjetju, na\u0161e zaposlene sistemati\u010dno izobra\u017eujemo in sledimo najnovej\u0161im tehni\u010dnim in tehnolo\u0161kim re\u0161itvam.<\/p>\t\t\t\t\t\t\t\t<\/div>\n\t\t\t\t<\/div>\n\t\t\t\t\t<\/div>\n\t\t<\/div>\n\t\t\t\t\t<\/div>\n\t\t<\/section>\n\t\t\t\t<section class=\"elementor-section elementor-top-section elementor-element elementor-element-ede47bf elementor-section-boxed elementor-section-height-default elementor-section-height-default\" data-id=\"ede47bf\" data-element_type=\"section\" data-e-type=\"section\" data-settings=\"{&quot;background_background&quot;:&quot;classic&quot;}\">\n\t\t\t\t\t\t<div class=\"elementor-container elementor-column-gap-default\">\n\t\t\t\t\t<div class=\"elementor-column elementor-col-100 elementor-top-column elementor-element elementor-element-c1e0471\" data-id=\"c1e0471\" data-element_type=\"column\" data-e-type=\"column\">\n\t\t\t<div class=\"elementor-widget-wrap elementor-element-populated\">\n\t\t\t\t\t\t<div class=\"elementor-element elementor-element-9b2c853 elementor-widget elementor-widget-heading\" data-id=\"9b2c853\" data-element_type=\"widget\" data-e-type=\"widget\" data-widget_type=\"heading.default\">\n\t\t\t\t<div class=\"elementor-widget-container\">\n\t\t\t\t\t<h2 class=\"elementor-heading-title elementor-size-default\">Na\u0161e poslanstvo<\/h2>\t\t\t\t<\/div>\n\t\t\t\t<\/div>\n\t\t\t\t<div class=\"elementor-element elementor-element-903494d elementor-widget elementor-widget-heading\" data-id=\"903494d\" data-element_type=\"widget\" data-e-type=\"widget\" data-widget_type=\"heading.default\">\n\t\t\t\t<div class=\"elementor-widget-container\">\n\t\t\t\t\t<span class=\"elementor-heading-title elementor-size-default\">Na\u0161e poslanstvo je nenehno zadovoljevati potrebe in pri\u010dakovanja na\u0161ih kupcev in drugih zainteresiranih strank s kakovostjo, natan\u010dnostjo dostave in zanesljivostjo pri realizaciji na\u0161ih izdelkov in storitev. Sistemati\u010dno nadaljujemo z izbolj\u0161evanjem na\u0161ih izdelkov s stalnim zaposlovanjem kakovostnih strokovnjakov z razli\u010dnih podro\u010dij, ki v na\u0161e podjetje prina\u0161ajo nova znanja, vpoglede in ustvarjalnost. Na\u0161im izdelkom \u017eelimo posredovati pozitiven primer dobro izdelanega in kakovostnega izdelka, ki ponosno nosi na\u0161e ime.<\/span>\t\t\t\t<\/div>\n\t\t\t\t<\/div>\n\t\t\t\t\t<\/div>\n\t\t<\/div>\n\t\t\t\t\t<\/div>\n\t\t<\/section>\n\t\t\t\t<\/div>","protected":false},"excerpt":{"rendered":"<p>Na\u0161a vizija je nadaljevati z jasno vizijo nenehne krepitve polo\u017eaja blagovne znamke Izvor-KA na trgu. Vzdr\u017eevanje in nadaljnji razvoj zasnove, funkcionalnosti in trajnostnih re\u0161itev na\u0161ih izdelkov. S svojim znanjem in bogatimi izku\u0161njami nam je uspelo tr\u017eiti na\u0161e izdelke preko meja na\u0161e dr\u017eave po vsej Evropi. Da bi spremljali stalen napredek tehnologije [...]<\/p>","protected":false},"author":1,"featured_media":0,"parent":0,"menu_order":0,"comment_status":"closed","ping_status":"closed","template":"elementor_header_footer","meta":{"footnotes":""},"class_list":["post-157","page","type-page","status-publish","hentry"],"yoast_head":"<!-- This site is optimized with the Yoast SEO plugin v26.9 - https:\/\/yoast.com\/product\/yoast-seo-wordpress\/ -->\n<title>Vizija i misija - Izvor-KA<\/title>\n<meta name=\"robots\" content=\"index, follow, max-snippet:-1, max-image-preview:large, max-video-preview:-1\" \/>\n<link rel=\"canonical\" href=\"http:\/\/izvor-ka.hr\/sl\/vizija-i-misija\/\" \/>\n<meta property=\"og:locale\" content=\"sl_SI\" \/>\n<meta property=\"og:type\" content=\"article\" \/>\n<meta property=\"og:title\" content=\"Vizija i misija - Izvor-KA\" \/>\n<meta property=\"og:description\" content=\"O nama Na\u0161a vizija Na\u0161a vizija je nastaviti dalje s jasnom vizijom kontinuiranog ja\u010danja pozicije brenda Izvor-KA na tr\u017ei\u0161tu. Zadr\u017eati i dalje razvijati dizajn, funkcionalnosti i odr\u017eiva rje\u0161enja na\u0161ih proizvoda. Na\u0161im znanjem i bogatim iskustvom uspjeli smo na\u0161e proizvode plasirati i izvan granica na\u0161e dr\u017eave na podru\u010dje cijele Europe. Kako bi pratili stalni napredak tehnologije [&hellip;]\" \/>\n<meta property=\"og:url\" content=\"http:\/\/izvor-ka.hr\/sl\/vizija-i-misija\/\" \/>\n<meta property=\"og:site_name\" content=\"Izvor-KA\" \/>\n<meta property=\"article:modified_time\" content=\"2024-10-17T08:36:55+00:00\" \/>\n<meta property=\"og:image\" content=\"https:\/\/izvor-ka.hr\/wp-content\/uploads\/2024\/10\/20230420_140847-1-1024x768.jpg\" \/>\n<meta name=\"twitter:card\" content=\"summary_large_image\" \/>\n<meta name=\"twitter:label1\" content=\"Est. reading time\" \/>\n\t<meta name=\"twitter:data1\" content=\"1 minuta\" \/>\n<script type=\"application\/ld+json\" class=\"yoast-schema-graph\">{\"@context\":\"https:\/\/schema.org\",\"@graph\":[{\"@type\":\"WebPage\",\"@id\":\"https:\/\/izvor-ka.hr\/vizija-i-misija\/\",\"url\":\"https:\/\/izvor-ka.hr\/vizija-i-misija\/\",\"name\":\"Vizija i misija - Izvor-KA\",\"isPartOf\":{\"@id\":\"https:\/\/izvor-ka.hr\/#website\"},\"primaryImageOfPage\":{\"@id\":\"https:\/\/izvor-ka.hr\/vizija-i-misija\/#primaryimage\"},\"image\":{\"@id\":\"https:\/\/izvor-ka.hr\/vizija-i-misija\/#primaryimage\"},\"thumbnailUrl\":\"https:\/\/izvor-ka.hr\/wp-content\/uploads\/2024\/10\/20230420_140847-1-1024x768.jpg\",\"datePublished\":\"2024-09-16T14:02:50+00:00\",\"dateModified\":\"2024-10-17T08:36:55+00:00\",\"breadcrumb\":{\"@id\":\"https:\/\/izvor-ka.hr\/vizija-i-misija\/#breadcrumb\"},\"inLanguage\":\"sl-SI\",\"potentialAction\":[{\"@type\":\"ReadAction\",\"target\":[\"https:\/\/izvor-ka.hr\/vizija-i-misija\/\"]}]},{\"@type\":\"ImageObject\",\"inLanguage\":\"sl-SI\",\"@id\":\"https:\/\/izvor-ka.hr\/vizija-i-misija\/#primaryimage\",\"url\":\"https:\/\/izvor-ka.hr\/wp-content\/uploads\/2024\/10\/20230420_140847-1-1024x768.jpg\",\"contentUrl\":\"https:\/\/izvor-ka.hr\/wp-content\/uploads\/2024\/10\/20230420_140847-1-1024x768.jpg\"},{\"@type\":\"BreadcrumbList\",\"@id\":\"https:\/\/izvor-ka.hr\/vizija-i-misija\/#breadcrumb\",\"itemListElement\":[{\"@type\":\"ListItem\",\"position\":1,\"name\":\"Po\u010detna stranica\",\"item\":\"https:\/\/izvor-ka.hr\/\"},{\"@type\":\"ListItem\",\"position\":2,\"name\":\"Vizija i misija\"}]},{\"@type\":\"WebSite\",\"@id\":\"https:\/\/izvor-ka.hr\/#website\",\"url\":\"https:\/\/izvor-ka.hr\/\",\"name\":\"Izvor-KA\",\"description\":\"\",\"publisher\":{\"@id\":\"https:\/\/izvor-ka.hr\/#organization\"},\"potentialAction\":[{\"@type\":\"SearchAction\",\"target\":{\"@type\":\"EntryPoint\",\"urlTemplate\":\"https:\/\/izvor-ka.hr\/?s={search_term_string}\"},\"query-input\":{\"@type\":\"PropertyValueSpecification\",\"valueRequired\":true,\"valueName\":\"search_term_string\"}}],\"inLanguage\":\"sl-SI\"},{\"@type\":\"Organization\",\"@id\":\"https:\/\/izvor-ka.hr\/#organization\",\"name\":\"Izvor-KA\",\"url\":\"https:\/\/izvor-ka.hr\/\",\"logo\":{\"@type\":\"ImageObject\",\"inLanguage\":\"sl-SI\",\"@id\":\"https:\/\/izvor-ka.hr\/#\/schema\/logo\/image\/\",\"url\":\"https:\/\/izvor-ka.hr\/wp-content\/uploads\/2024\/09\/LOGO.png\",\"contentUrl\":\"https:\/\/izvor-ka.hr\/wp-content\/uploads\/2024\/09\/LOGO.png\",\"width\":895,\"height\":188,\"caption\":\"Izvor-KA\"},\"image\":{\"@id\":\"https:\/\/izvor-ka.hr\/#\/schema\/logo\/image\/\"}}]}<\/script>\n<!-- \/ Yoast SEO plugin. -->","yoast_head_json":{"title":"Vizija i misija - Izvor-KA","robots":{"index":"index","follow":"follow","max-snippet":"max-snippet:-1","max-image-preview":"max-image-preview:large","max-video-preview":"max-video-preview:-1"},"canonical":"http:\/\/izvor-ka.hr\/sl\/vizija-i-misija\/","og_locale":"sl_SI","og_type":"article","og_title":"Vizija i misija - Izvor-KA","og_description":"O nama Na\u0161a vizija Na\u0161a vizija je nastaviti dalje s jasnom vizijom kontinuiranog ja\u010danja pozicije brenda Izvor-KA na tr\u017ei\u0161tu. Zadr\u017eati i dalje razvijati dizajn, funkcionalnosti i odr\u017eiva rje\u0161enja na\u0161ih proizvoda. Na\u0161im znanjem i bogatim iskustvom uspjeli smo na\u0161e proizvode plasirati i izvan granica na\u0161e dr\u017eave na podru\u010dje cijele Europe. Kako bi pratili stalni napredak tehnologije [&hellip;]","og_url":"http:\/\/izvor-ka.hr\/sl\/vizija-i-misija\/","og_site_name":"Izvor-KA","article_modified_time":"2024-10-17T08:36:55+00:00","og_image":[{"url":"https:\/\/izvor-ka.hr\/wp-content\/uploads\/2024\/10\/20230420_140847-1-1024x768.jpg","type":"","width":"","height":""}],"twitter_card":"summary_large_image","twitter_misc":{"Est. reading time":"1 minuta"},"schema":{"@context":"https:\/\/schema.org","@graph":[{"@type":"WebPage","@id":"https:\/\/izvor-ka.hr\/vizija-i-misija\/","url":"https:\/\/izvor-ka.hr\/vizija-i-misija\/","name":"Vizija i misija - Izvor-KA","isPartOf":{"@id":"https:\/\/izvor-ka.hr\/#website"},"primaryImageOfPage":{"@id":"https:\/\/izvor-ka.hr\/vizija-i-misija\/#primaryimage"},"image":{"@id":"https:\/\/izvor-ka.hr\/vizija-i-misija\/#primaryimage"},"thumbnailUrl":"https:\/\/izvor-ka.hr\/wp-content\/uploads\/2024\/10\/20230420_140847-1-1024x768.jpg","datePublished":"2024-09-16T14:02:50+00:00","dateModified":"2024-10-17T08:36:55+00:00","breadcrumb":{"@id":"https:\/\/izvor-ka.hr\/vizija-i-misija\/#breadcrumb"},"inLanguage":"sl-SI","potentialAction":[{"@type":"ReadAction","target":["https:\/\/izvor-ka.hr\/vizija-i-misija\/"]}]},{"@type":"ImageObject","inLanguage":"sl-SI","@id":"https:\/\/izvor-ka.hr\/vizija-i-misija\/#primaryimage","url":"https:\/\/izvor-ka.hr\/wp-content\/uploads\/2024\/10\/20230420_140847-1-1024x768.jpg","contentUrl":"https:\/\/izvor-ka.hr\/wp-content\/uploads\/2024\/10\/20230420_140847-1-1024x768.jpg"},{"@type":"BreadcrumbList","@id":"https:\/\/izvor-ka.hr\/vizija-i-misija\/#breadcrumb","itemListElement":[{"@type":"ListItem","position":1,"name":"Po\u010detna stranica","item":"https:\/\/izvor-ka.hr\/"},{"@type":"ListItem","position":2,"name":"Vizija i misija"}]},{"@type":"WebSite","@id":"https:\/\/izvor-ka.hr\/#website","url":"https:\/\/izvor-ka.hr\/","name":"Izvor-KA","description":"","publisher":{"@id":"https:\/\/izvor-ka.hr\/#organization"},"potentialAction":[{"@type":"SearchAction","target":{"@type":"EntryPoint","urlTemplate":"https:\/\/izvor-ka.hr\/?s={search_term_string}"},"query-input":{"@type":"PropertyValueSpecification","valueRequired":true,"valueName":"search_term_string"}}],"inLanguage":"sl-SI"},{"@type":"Organization","@id":"https:\/\/izvor-ka.hr\/#organization","name":"Izvor-KA","url":"https:\/\/izvor-ka.hr\/","logo":{"@type":"ImageObject","inLanguage":"sl-SI","@id":"https:\/\/izvor-ka.hr\/#\/schema\/logo\/image\/","url":"https:\/\/izvor-ka.hr\/wp-content\/uploads\/2024\/09\/LOGO.png","contentUrl":"https:\/\/izvor-ka.hr\/wp-content\/uploads\/2024\/09\/LOGO.png","width":895,"height":188,"caption":"Izvor-KA"},"image":{"@id":"https:\/\/izvor-ka.hr\/#\/schema\/logo\/image\/"}}]}},"jetpack_sharing_enabled":true,"_links":{"self":[{"href":"http:\/\/izvor-ka.hr\/sl\/wp-json\/wp\/v2\/pages\/157","targetHints":{"allow":["GET"]}}],"collection":[{"href":"http:\/\/izvor-ka.hr\/sl\/wp-json\/wp\/v2\/pages"}],"about":[{"href":"http:\/\/izvor-ka.hr\/sl\/wp-json\/wp\/v2\/types\/page"}],"author":[{"embeddable":true,"href":"http:\/\/izvor-ka.hr\/sl\/wp-json\/wp\/v2\/users\/1"}],"replies":[{"embeddable":true,"href":"http:\/\/izvor-ka.hr\/sl\/wp-json\/wp\/v2\/comments?post=157"}],"version-history":[{"count":22,"href":"http:\/\/izvor-ka.hr\/sl\/wp-json\/wp\/v2\/pages\/157\/revisions"}],"predecessor-version":[{"id":1357,"href":"http:\/\/izvor-ka.hr\/sl\/wp-json\/wp\/v2\/pages\/157\/revisions\/1357"}],"wp:attachment":[{"href":"http:\/\/izvor-ka.hr\/sl\/wp-json\/wp\/v2\/media?parent=157"}],"curies":[{"name":"wp","href":"https:\/\/api.w.org\/{rel}","templated":true}]}}